{"id":328,"date":"2019-03-22T12:13:56","date_gmt":"2019-03-22T12:13:56","guid":{"rendered":"https:\/\/ingenieriadebarcelona.es\/?page_id=328"},"modified":"2022-12-20T09:51:42","modified_gmt":"2022-12-20T09:51:42","slug":"informacion-al-paciente","status":"publish","type":"page","link":"https:\/\/ingenieriadebarcelona.es\/?page_id=328","title":{"rendered":"Informaci\u00f3n al paciente"},"content":{"rendered":"\t\t<div data-elementor-type=\"wp-post\" data-elementor-id=\"328\" class=\"elementor elementor-328\" data-elementor-post-type=\"page\">\n\t\t\t\t\t\t<section class=\"elementor-section elementor-top-section elementor-element elementor-element-137b63ff elementor-section-boxed elementor-section-height-default elementor-section-height-default\" data-id=\"137b63ff\" data-element_type=\"section\" data-settings=\"{&quot;background_background&quot;:&quot;classic&quot;}\">\n\t\t\t\t\t\t<div class=\"elementor-container elementor-column-gap-default\">\n\t\t\t\t\t<div class=\"elementor-column elementor-col-100 elementor-top-column elementor-element elementor-element-2ba1f14f\" data-id=\"2ba1f14f\" data-element_type=\"column\">\n\t\t\t<div class=\"elementor-widget-wrap elementor-element-populated\">\n\t\t\t\t\t\t<div class=\"elementor-element elementor-element-1f0d09dd elementor-widget elementor-widget-heading\" data-id=\"1f0d09dd\" data-element_type=\"widget\" data-widget_type=\"heading.default\">\n\t\t\t\t<div class=\"elementor-widget-container\">\n\t\t\t\t\t<h1 class=\"elementor-heading-title elementor-size-default\">Informaci\u00f3n al paciente<\/h1>\t\t\t\t<\/div>\n\t\t\t\t<\/div>\n\t\t\t\t\t<\/div>\n\t\t<\/div>\n\t\t\t\t\t<\/div>\n\t\t<\/section>\n\t\t\t\t<section class=\"elementor-section elementor-top-section elementor-element elementor-element-39de260 elementor-section-boxed elementor-section-height-default elementor-section-height-default\" data-id=\"39de260\" data-element_type=\"section\">\n\t\t\t\t\t\t<div class=\"elementor-container elementor-column-gap-default\">\n\t\t\t\t\t<div class=\"elementor-column elementor-col-33 elementor-top-column elementor-element elementor-element-69af37c\" data-id=\"69af37c\" data-element_type=\"column\">\n\t\t\t<div class=\"elementor-widget-wrap elementor-element-populated\">\n\t\t\t\t\t\t<section class=\"elementor-section elementor-inner-section elementor-element elementor-element-bbce43d elementor-section-boxed elementor-section-height-default elementor-section-height-default\" data-id=\"bbce43d\" data-element_type=\"section\">\n\t\t\t\t\t\t<div class=\"elementor-container elementor-column-gap-default\">\n\t\t\t\t\t<div class=\"elementor-column elementor-col-33 elementor-inner-column elementor-element elementor-element-d9a0061\" data-id=\"d9a0061\" data-element_type=\"column\">\n\t\t\t<div class=\"elementor-widget-wrap\">\n\t\t\t\t\t\t\t<\/div>\n\t\t<\/div>\n\t\t\t\t<div class=\"elementor-column elementor-col-33 elementor-inner-column elementor-element elementor-element-c32ea54\" data-id=\"c32ea54\" data-element_type=\"column\">\n\t\t\t<div class=\"elementor-widget-wrap elementor-element-populated\">\n\t\t\t\t\t\t<div class=\"elementor-element elementor-element-7a3b404 elementor-view-default elementor-widget elementor-widget-icon\" data-id=\"7a3b404\" data-element_type=\"widget\" data-widget_type=\"icon.default\">\n\t\t\t\t<div class=\"elementor-widget-container\">\n\t\t\t\t\t\t\t<div class=\"elementor-icon-wrapper\">\n\t\t\t<div class=\"elementor-icon\">\n\t\t\t\t\t\t\t<i class=\"fa fa-stethoscope\" aria-hidden=\"true\"><\/i>\n\t\t\t\t\t\t<\/div>\n\t\t<\/div>\n\t\t\t\t\t\t<\/div>\n\t\t\t\t<\/div>\n\t\t\t\t\t<\/div>\n\t\t<\/div>\n\t\t\t\t<div class=\"elementor-column elementor-col-33 elementor-inner-column elementor-element elementor-element-433e578\" data-id=\"433e578\" data-element_type=\"column\">\n\t\t\t<div class=\"elementor-widget-wrap\">\n\t\t\t\t\t\t\t<\/div>\n\t\t<\/div>\n\t\t\t\t\t<\/div>\n\t\t<\/section>\n\t\t\t\t<div class=\"elementor-element elementor-element-094fc81 elementor-widget elementor-widget-heading\" data-id=\"094fc81\" data-element_type=\"widget\" data-widget_type=\"heading.default\">\n\t\t\t\t<div class=\"elementor-widget-container\">\n\t\t\t\t\t<h2 class=\"elementor-heading-title elementor-size-default\">MISI\u00d3N ARTRO ESPORT<\/h2>\t\t\t\t<\/div>\n\t\t\t\t<\/div>\n\t\t\t\t<div class=\"elementor-element elementor-element-fe00456 elementor-widget elementor-widget-text-editor\" data-id=\"fe00456\" data-element_type=\"widget\" data-widget_type=\"text-editor.default\">\n\t\t\t\t<div class=\"elementor-widget-container\">\n\t\t\t\t\t\t\t\t\t<p>Proporcionar un servicio traumatol\u00f3gico eficiente y de calidad. Procurando siempre el bienestar de nuestro pacientes con el objetivo de satisfacer sus necesidades.<\/p>\t\t\t\t\t\t\t\t<\/div>\n\t\t\t\t<\/div>\n\t\t\t\t\t<\/div>\n\t\t<\/div>\n\t\t\t\t<div class=\"elementor-column elementor-col-33 elementor-top-column elementor-element elementor-element-e94b5ff\" data-id=\"e94b5ff\" data-element_type=\"column\">\n\t\t\t<div class=\"elementor-widget-wrap elementor-element-populated\">\n\t\t\t\t\t\t<section class=\"elementor-section elementor-inner-section elementor-element elementor-element-22c0424 elementor-section-boxed elementor-section-height-default elementor-section-height-default\" data-id=\"22c0424\" data-element_type=\"section\">\n\t\t\t\t\t\t<div class=\"elementor-container elementor-column-gap-default\">\n\t\t\t\t\t<div class=\"elementor-column elementor-col-33 elementor-inner-column elementor-element elementor-element-01ef619\" data-id=\"01ef619\" data-element_type=\"column\">\n\t\t\t<div class=\"elementor-widget-wrap\">\n\t\t\t\t\t\t\t<\/div>\n\t\t<\/div>\n\t\t\t\t<div class=\"elementor-column elementor-col-33 elementor-inner-column elementor-element elementor-element-e3b0d58\" data-id=\"e3b0d58\" data-element_type=\"column\">\n\t\t\t<div class=\"elementor-widget-wrap elementor-element-populated\">\n\t\t\t\t\t\t<div class=\"elementor-element elementor-element-7abf96f elementor-view-default elementor-widget elementor-widget-icon\" data-id=\"7abf96f\" data-element_type=\"widget\" data-widget_type=\"icon.default\">\n\t\t\t\t<div class=\"elementor-widget-container\">\n\t\t\t\t\t\t\t<div class=\"elementor-icon-wrapper\">\n\t\t\t<div class=\"elementor-icon\">\n\t\t\t\t\t\t\t<i class=\"fa fa-building\" aria-hidden=\"true\"><\/i>\n\t\t\t\t\t\t<\/div>\n\t\t<\/div>\n\t\t\t\t\t\t<\/div>\n\t\t\t\t<\/div>\n\t\t\t\t\t<\/div>\n\t\t<\/div>\n\t\t\t\t<div class=\"elementor-column elementor-col-33 elementor-inner-column elementor-element elementor-element-422ef5a\" data-id=\"422ef5a\" data-element_type=\"column\">\n\t\t\t<div class=\"elementor-widget-wrap\">\n\t\t\t\t\t\t\t<\/div>\n\t\t<\/div>\n\t\t\t\t\t<\/div>\n\t\t<\/section>\n\t\t\t\t<div class=\"elementor-element elementor-element-5b8fd0d elementor-widget elementor-widget-heading\" data-id=\"5b8fd0d\" data-element_type=\"widget\" data-widget_type=\"heading.default\">\n\t\t\t\t<div class=\"elementor-widget-container\">\n\t\t\t\t\t<h2 class=\"elementor-heading-title elementor-size-default\">MUTUAS<\/h2>\t\t\t\t<\/div>\n\t\t\t\t<\/div>\n\t\t\t\t<div class=\"elementor-element elementor-element-c03eabb elementor-widget elementor-widget-text-editor\" data-id=\"c03eabb\" data-element_type=\"widget\" data-widget_type=\"text-editor.default\">\n\t\t\t\t<div class=\"elementor-widget-container\">\n\t\t\t\t\t\t\t\t\t<p>ADESLAS, AEGON, AGRUPACIO, ASIST SANITARIA, ASEFA,ASSSA,ATLANTIDA , AXA, CASER, CIGNA, CLINICUM, COSALUD, DIVINA PASTORA, DKV, MGC MUTUA, HNA, MONTEPIO DE GIRONA, SANITAS.<\/p>\t\t\t\t\t\t\t\t<\/div>\n\t\t\t\t<\/div>\n\t\t\t\t\t<\/div>\n\t\t<\/div>\n\t\t\t\t<div class=\"elementor-column elementor-col-33 elementor-top-column elementor-element elementor-element-994e3f1\" data-id=\"994e3f1\" data-element_type=\"column\">\n\t\t\t<div class=\"elementor-widget-wrap elementor-element-populated\">\n\t\t\t\t\t\t<section class=\"elementor-section elementor-inner-section elementor-element elementor-element-bf1831e elementor-section-boxed elementor-section-height-default elementor-section-height-default\" data-id=\"bf1831e\" data-element_type=\"section\">\n\t\t\t\t\t\t<div class=\"elementor-container elementor-column-gap-default\">\n\t\t\t\t\t<div class=\"elementor-column elementor-col-33 elementor-inner-column elementor-element elementor-element-ed62539\" data-id=\"ed62539\" data-element_type=\"column\">\n\t\t\t<div class=\"elementor-widget-wrap\">\n\t\t\t\t\t\t\t<\/div>\n\t\t<\/div>\n\t\t\t\t<div class=\"elementor-column elementor-col-33 elementor-inner-column elementor-element elementor-element-003224a\" data-id=\"003224a\" data-element_type=\"column\">\n\t\t\t<div class=\"elementor-widget-wrap elementor-element-populated\">\n\t\t\t\t\t\t<div class=\"elementor-element elementor-element-7157794 elementor-view-default elementor-widget elementor-widget-icon\" data-id=\"7157794\" data-element_type=\"widget\" data-widget_type=\"icon.default\">\n\t\t\t\t<div class=\"elementor-widget-container\">\n\t\t\t\t\t\t\t<div class=\"elementor-icon-wrapper\">\n\t\t\t<div class=\"elementor-icon\">\n\t\t\t<i aria-hidden=\"true\" class=\"far fa-file\"><\/i>\t\t\t<\/div>\n\t\t<\/div>\n\t\t\t\t\t\t<\/div>\n\t\t\t\t<\/div>\n\t\t\t\t\t<\/div>\n\t\t<\/div>\n\t\t\t\t<div class=\"elementor-column elementor-col-33 elementor-inner-column elementor-element elementor-element-29b81d8\" data-id=\"29b81d8\" data-element_type=\"column\">\n\t\t\t<div class=\"elementor-widget-wrap\">\n\t\t\t\t\t\t\t<\/div>\n\t\t<\/div>\n\t\t\t\t\t<\/div>\n\t\t<\/section>\n\t\t\t\t<div class=\"elementor-element elementor-element-01d3af8 elementor-widget elementor-widget-heading\" data-id=\"01d3af8\" data-element_type=\"widget\" data-widget_type=\"heading.default\">\n\t\t\t\t<div class=\"elementor-widget-container\">\n\t\t\t\t\t<h2 class=\"elementor-heading-title elementor-size-default\">FORMULARIOS<\/h2>\t\t\t\t<\/div>\n\t\t\t\t<\/div>\n\t\t\t\t<div class=\"elementor-element elementor-element-d055d69 elementor-align-left elementor-icon-list--layout-traditional elementor-list-item-link-full_width elementor-widget elementor-widget-icon-list\" data-id=\"d055d69\" data-element_type=\"widget\" data-widget_type=\"icon-list.default\">\n\t\t\t\t<div class=\"elementor-widget-container\">\n\t\t\t\t\t\t\t<ul class=\"elementor-icon-list-items\">\n\t\t\t\t\t\t\t<li class=\"elementor-icon-list-item\">\n\t\t\t\t\t\t\t\t\t\t\t<a href=\"https:\/\/ingenieriadebarcelona.es\/wp-content\/uploads\/2019\/03\/IQFA.pdf\">\n\n\t\t\t\t\t\t\t\t\t\t\t\t<span class=\"elementor-icon-list-icon\">\n\t\t\t\t\t\t\t\t\t\t\t\t\t\t\t\t<i class=\"fa fa-cloud-download\" aria-hidden=\"true\"><\/i>\n\t\t\t\t\t\t\t\t\t\t\t\t\t<\/span>\n\t\t\t\t\t\t\t\t\t\t<span class=\"elementor-icon-list-text\">Intervencion Quirurgica hoja de admisiones (PDF)<\/span>\n\t\t\t\t\t\t\t\t\t\t\t<\/a>\n\t\t\t\t\t\t\t\t\t<\/li>\n\t\t\t\t\t\t\t\t<li class=\"elementor-icon-list-item\">\n\t\t\t\t\t\t\t\t\t\t\t<a href=\"https:\/\/ingenieriadebarcelona.es\/wp-content\/uploads\/2019\/03\/Cicatrices-post-operatorias.pdf\">\n\n\t\t\t\t\t\t\t\t\t\t\t\t<span class=\"elementor-icon-list-icon\">\n\t\t\t\t\t\t\t\t\t\t\t\t\t\t\t\t<i class=\"fa fa-cloud-download\" aria-hidden=\"true\"><\/i>\n\t\t\t\t\t\t\t\t\t\t\t\t\t<\/span>\n\t\t\t\t\t\t\t\t\t\t<span class=\"elementor-icon-list-text\">Cicatrices post operatorias<\/span>\n\t\t\t\t\t\t\t\t\t\t\t<\/a>\n\t\t\t\t\t\t\t\t\t<\/li>\n\t\t\t\t\t\t<\/ul>\n\t\t\t\t\t\t<\/div>\n\t\t\t\t<\/div>\n\t\t\t\t\t<\/div>\n\t\t<\/div>\n\t\t\t\t\t<\/div>\n\t\t<\/section>\n\t\t\t\t<section class=\"elementor-section elementor-top-section elementor-element elementor-element-b9d0271 elementor-section-boxed elementor-section-height-default elementor-section-height-default\" data-id=\"b9d0271\" data-element_type=\"section\">\n\t\t\t\t\t\t<div class=\"elementor-container elementor-column-gap-default\">\n\t\t\t\t\t<div class=\"elementor-column elementor-col-50 elementor-top-column elementor-element elementor-element-990959c\" data-id=\"990959c\" data-element_type=\"column\">\n\t\t\t<div class=\"elementor-widget-wrap elementor-element-populated\">\n\t\t\t\t\t\t<section class=\"elementor-section elementor-inner-section elementor-element elementor-element-1c87b6b elementor-section-boxed elementor-section-height-default elementor-section-height-default\" data-id=\"1c87b6b\" data-element_type=\"section\">\n\t\t\t\t\t\t<div class=\"elementor-container elementor-column-gap-default\">\n\t\t\t\t\t<div class=\"elementor-column elementor-col-33 elementor-inner-column elementor-element elementor-element-f0834c4\" data-id=\"f0834c4\" data-element_type=\"column\">\n\t\t\t<div class=\"elementor-widget-wrap\">\n\t\t\t\t\t\t\t<\/div>\n\t\t<\/div>\n\t\t\t\t<div class=\"elementor-column elementor-col-33 elementor-inner-column elementor-element elementor-element-de67646\" data-id=\"de67646\" data-element_type=\"column\">\n\t\t\t<div class=\"elementor-widget-wrap elementor-element-populated\">\n\t\t\t\t\t\t<div class=\"elementor-element elementor-element-e2af77b elementor-view-default elementor-widget elementor-widget-icon\" data-id=\"e2af77b\" data-element_type=\"widget\" data-widget_type=\"icon.default\">\n\t\t\t\t<div class=\"elementor-widget-container\">\n\t\t\t\t\t\t\t<div class=\"elementor-icon-wrapper\">\n\t\t\t<div class=\"elementor-icon\">\n\t\t\t<i aria-hidden=\"true\" class=\"fas fa-calendar-alt\"><\/i>\t\t\t<\/div>\n\t\t<\/div>\n\t\t\t\t\t\t<\/div>\n\t\t\t\t<\/div>\n\t\t\t\t\t<\/div>\n\t\t<\/div>\n\t\t\t\t<div class=\"elementor-column elementor-col-33 elementor-inner-column elementor-element elementor-element-80bd5cf\" data-id=\"80bd5cf\" data-element_type=\"column\">\n\t\t\t<div class=\"elementor-widget-wrap\">\n\t\t\t\t\t\t\t<\/div>\n\t\t<\/div>\n\t\t\t\t\t<\/div>\n\t\t<\/section>\n\t\t\t\t<div class=\"elementor-element elementor-element-bfb894e elementor-widget elementor-widget-heading\" data-id=\"bfb894e\" data-element_type=\"widget\" data-widget_type=\"heading.default\">\n\t\t\t\t<div class=\"elementor-widget-container\">\n\t\t\t\t\t<h2 class=\"elementor-heading-title elementor-size-default\">Pedir cita<\/h2>\t\t\t\t<\/div>\n\t\t\t\t<\/div>\n\t\t\t\t<div class=\"elementor-element elementor-element-89831a0 elementor-widget elementor-widget-text-editor\" data-id=\"89831a0\" data-element_type=\"widget\" data-widget_type=\"text-editor.default\">\n\t\t\t\t<div class=\"elementor-widget-container\">\n\t\t\t\t\t\t\t\t\t<p>Queremos mejorar d\u00eda a d\u00eda la forma de comunicarnos con nuestros pacientes. Por eso, os ofrecemos la posibilidad de solicitar cita online.<\/p>\t\t\t\t\t\t\t\t<\/div>\n\t\t\t\t<\/div>\n\t\t\t\t<div class=\"elementor-element elementor-element-6c8cf33 elementor-align-center elementor-widget elementor-widget-button\" data-id=\"6c8cf33\" data-element_type=\"widget\" data-widget_type=\"button.default\">\n\t\t\t\t<div class=\"elementor-widget-container\">\n\t\t\t\t\t\t\t\t\t<div class=\"elementor-button-wrapper\">\n\t\t\t\t\t<a class=\"elementor-button elementor-button-link elementor-size-xs\" href=\"#elementor-action%3Aaction%3Dpopup%3Aopen%26settings%3DeyJpZCI6IjExMTQiLCJ0b2dnbGUiOmZhbHNlfQ%3D%3D\">\n\t\t\t\t\t\t<span class=\"elementor-button-content-wrapper\">\n\t\t\t\t\t\t\t\t\t<span class=\"elementor-button-text\">Pedir hora aqu\u00ed<\/span>\n\t\t\t\t\t<\/span>\n\t\t\t\t\t<\/a>\n\t\t\t\t<\/div>\n\t\t\t\t\t\t\t\t<\/div>\n\t\t\t\t<\/div>\n\t\t\t\t\t<\/div>\n\t\t<\/div>\n\t\t\t\t<div class=\"elementor-column elementor-col-50 elementor-top-column elementor-element elementor-element-19ed9e9\" data-id=\"19ed9e9\" data-element_type=\"column\">\n\t\t\t<div class=\"elementor-widget-wrap elementor-element-populated\">\n\t\t\t\t\t\t<section class=\"elementor-section elementor-inner-section elementor-element elementor-element-c306c81 elementor-section-boxed elementor-section-height-default elementor-section-height-default\" data-id=\"c306c81\" data-element_type=\"section\">\n\t\t\t\t\t\t<div class=\"elementor-container elementor-column-gap-default\">\n\t\t\t\t\t<div class=\"elementor-column elementor-col-33 elementor-inner-column elementor-element elementor-element-2ce252b\" data-id=\"2ce252b\" data-element_type=\"column\">\n\t\t\t<div class=\"elementor-widget-wrap\">\n\t\t\t\t\t\t\t<\/div>\n\t\t<\/div>\n\t\t\t\t<div class=\"elementor-column elementor-col-33 elementor-inner-column elementor-element elementor-element-7f3a232\" data-id=\"7f3a232\" data-element_type=\"column\">\n\t\t\t<div class=\"elementor-widget-wrap elementor-element-populated\">\n\t\t\t\t\t\t<div class=\"elementor-element elementor-element-25766ce elementor-view-default elementor-widget elementor-widget-icon\" data-id=\"25766ce\" data-element_type=\"widget\" data-widget_type=\"icon.default\">\n\t\t\t\t<div class=\"elementor-widget-container\">\n\t\t\t\t\t\t\t<div class=\"elementor-icon-wrapper\">\n\t\t\t<div class=\"elementor-icon\">\n\t\t\t<i aria-hidden=\"true\" class=\"fas fa-question\"><\/i>\t\t\t<\/div>\n\t\t<\/div>\n\t\t\t\t\t\t<\/div>\n\t\t\t\t<\/div>\n\t\t\t\t\t<\/div>\n\t\t<\/div>\n\t\t\t\t<div class=\"elementor-column elementor-col-33 elementor-inner-column elementor-element elementor-element-ecf96d6\" data-id=\"ecf96d6\" data-element_type=\"column\">\n\t\t\t<div class=\"elementor-widget-wrap\">\n\t\t\t\t\t\t\t<\/div>\n\t\t<\/div>\n\t\t\t\t\t<\/div>\n\t\t<\/section>\n\t\t\t\t<div class=\"elementor-element elementor-element-b1a769e elementor-widget elementor-widget-heading\" data-id=\"b1a769e\" data-element_type=\"widget\" data-widget_type=\"heading.default\">\n\t\t\t\t<div class=\"elementor-widget-container\">\n\t\t\t\t\t<h2 class=\"elementor-heading-title elementor-size-default\">\u00bfC\u00f3mo pedir cita?<\/h2>\t\t\t\t<\/div>\n\t\t\t\t<\/div>\n\t\t\t\t<div class=\"elementor-element elementor-element-86a3e1d elementor-widget elementor-widget-text-editor\" data-id=\"86a3e1d\" data-element_type=\"widget\" data-widget_type=\"text-editor.default\">\n\t\t\t\t<div class=\"elementor-widget-container\">\n\t\t\t\t\t\t\t\t\t<p>Descarga el pdf con las instrucciones de como pedir cita.<\/p>\t\t\t\t\t\t\t\t<\/div>\n\t\t\t\t<\/div>\n\t\t\t\t<div class=\"elementor-element elementor-element-7572c68 elementor-align-center elementor-widget elementor-widget-button\" data-id=\"7572c68\" data-element_type=\"widget\" data-widget_type=\"button.default\">\n\t\t\t\t<div class=\"elementor-widget-container\">\n\t\t\t\t\t\t\t\t\t<div class=\"elementor-button-wrapper\">\n\t\t\t\t\t<a class=\"elementor-button elementor-button-link elementor-size-xs\" href=\"https:\/\/ingenieriadebarcelona.es\/wp-content\/uploads\/2020\/07\/Reserva-on-line-Artroesport-v.-cat.pdf\" target=\"_blank\">\n\t\t\t\t\t\t<span class=\"elementor-button-content-wrapper\">\n\t\t\t\t\t\t<span class=\"elementor-button-icon\">\n\t\t\t\t<i aria-hidden=\"true\" class=\"fas fa-file-pdf\"><\/i>\t\t\t<\/span>\n\t\t\t\t\t\t\t\t\t<span class=\"elementor-button-text\">Descargar pdf<\/span>\n\t\t\t\t\t<\/span>\n\t\t\t\t\t<\/a>\n\t\t\t\t<\/div>\n\t\t\t\t\t\t\t\t<\/div>\n\t\t\t\t<\/div>\n\t\t\t\t\t<\/div>\n\t\t<\/div>\n\t\t\t\t\t<\/div>\n\t\t<\/section>\n\t\t\t\t<\/div>\n\t\t","protected":false},"excerpt":{"rendered":"<p>Informaci\u00f3n al paciente MISI\u00d3N ARTRO ESPORT Proporcionar un servicio traumatol\u00f3gico eficiente y de calidad. Procurando siempre el bienestar de nuestro pacientes con el objetivo de satisfacer sus necesidades. MUTUAS ADESLAS, AEGON, AGRUPACIO, ASIST SANITARIA, ASEFA,ASSSA,ATLANTIDA , AXA, CASER, CIGNA, CLINICUM, COSALUD, DIVINA PASTORA, DKV, MGC MUTUA, HNA, MONTEPIO DE GIRONA, SANITAS. FORMULARIOS Intervencion Quirurgica hoja &#8230; <a title=\"Informaci\u00f3n al paciente\" class=\"read-more\" href=\"https:\/\/ingenieriadebarcelona.es\/?page_id=328\" aria-label=\"Leer m\u00e1s sobre Informaci\u00f3n al paciente\">Read more<\/a><\/p>\n","protected":false},"author":1,"featured_media":0,"parent":0,"menu_order":0,"comment_status":"closed","ping_status":"closed","template":"","meta":{"footnotes":""},"class_list":["post-328","page","type-page","status-publish"],"yoast_head":"<!-- This site is optimized with the Yoast SEO plugin v26.3 - https:\/\/yoast.com\/wordpress\/plugins\/seo\/ -->\n<title>Informaci\u00f3n al paciente - Artroesport<\/title>\n<meta name=\"robots\" content=\"index, follow, max-snippet:-1, max-image-preview:large, max-video-preview:-1\" \/>\n<link rel=\"canonical\" href=\"https:\/\/ingenieriadebarcelona.es\/?page_id=328\" \/>\n<meta property=\"og:locale\" content=\"es_ES\" \/>\n<meta property=\"og:type\" content=\"article\" \/>\n<meta property=\"og:title\" content=\"Informaci\u00f3n al paciente - Artroesport\" \/>\n<meta property=\"og:description\" content=\"Informaci\u00f3n al paciente MISI\u00d3N ARTRO ESPORT Proporcionar un servicio traumatol\u00f3gico eficiente y de calidad. Procurando siempre el bienestar de nuestro pacientes con el objetivo de satisfacer sus necesidades. MUTUAS ADESLAS, AEGON, AGRUPACIO, ASIST SANITARIA, ASEFA,ASSSA,ATLANTIDA , AXA, CASER, CIGNA, CLINICUM, COSALUD, DIVINA PASTORA, DKV, MGC MUTUA, HNA, MONTEPIO DE GIRONA, SANITAS. FORMULARIOS Intervencion Quirurgica hoja ... Read more\" \/>\n<meta property=\"og:url\" content=\"https:\/\/ingenieriadebarcelona.es\/?page_id=328\" \/>\n<meta property=\"og:site_name\" content=\"Artroesport\" \/>\n<meta property=\"article:modified_time\" content=\"2022-12-20T09:51:42+00:00\" \/>\n<meta name=\"twitter:card\" content=\"summary_large_image\" \/>\n<meta name=\"twitter:label1\" content=\"Tiempo de lectura\" \/>\n\t<meta name=\"twitter:data1\" content=\"1 minuto\" \/>\n<script type=\"application\/ld+json\" class=\"yoast-schema-graph\">{\"@context\":\"https:\/\/schema.org\",\"@graph\":[{\"@type\":\"WebPage\",\"@id\":\"https:\/\/ingenieriadebarcelona.es\/?page_id=328\",\"url\":\"https:\/\/ingenieriadebarcelona.es\/?page_id=328\",\"name\":\"Informaci\u00f3n al paciente - Artroesport\",\"isPartOf\":{\"@id\":\"https:\/\/ingenieriadebarcelona.es\/#website\"},\"datePublished\":\"2019-03-22T12:13:56+00:00\",\"dateModified\":\"2022-12-20T09:51:42+00:00\",\"breadcrumb\":{\"@id\":\"https:\/\/ingenieriadebarcelona.es\/?page_id=328#breadcrumb\"},\"inLanguage\":\"es\",\"potentialAction\":[{\"@type\":\"ReadAction\",\"target\":[\"https:\/\/ingenieriadebarcelona.es\/?page_id=328\"]}]},{\"@type\":\"BreadcrumbList\",\"@id\":\"https:\/\/ingenieriadebarcelona.es\/?page_id=328#breadcrumb\",\"itemListElement\":[{\"@type\":\"ListItem\",\"position\":1,\"name\":\"Inicio\",\"item\":\"https:\/\/ingenieriadebarcelona.es\/\"},{\"@type\":\"ListItem\",\"position\":2,\"name\":\"Informaci\u00f3n al paciente\"}]},{\"@type\":\"WebSite\",\"@id\":\"https:\/\/ingenieriadebarcelona.es\/#website\",\"url\":\"https:\/\/ingenieriadebarcelona.es\/\",\"name\":\"Artroesport\",\"description\":\"Artroesport\",\"publisher\":{\"@id\":\"https:\/\/ingenieriadebarcelona.es\/#organization\"},\"potentialAction\":[{\"@type\":\"SearchAction\",\"target\":{\"@type\":\"EntryPoint\",\"urlTemplate\":\"https:\/\/ingenieriadebarcelona.es\/?s={search_term_string}\"},\"query-input\":{\"@type\":\"PropertyValueSpecification\",\"valueRequired\":true,\"valueName\":\"search_term_string\"}}],\"inLanguage\":\"es\"},{\"@type\":\"Organization\",\"@id\":\"https:\/\/ingenieriadebarcelona.es\/#organization\",\"name\":\"Artroesport\",\"url\":\"https:\/\/ingenieriadebarcelona.es\/\",\"logo\":{\"@type\":\"ImageObject\",\"inLanguage\":\"es\",\"@id\":\"https:\/\/ingenieriadebarcelona.es\/#\/schema\/logo\/image\/\",\"url\":\"https:\/\/ingenieriadebarcelona.es\/wp-content\/uploads\/2019\/04\/Logo_web-300.png\",\"contentUrl\":\"https:\/\/ingenieriadebarcelona.es\/wp-content\/uploads\/2019\/04\/Logo_web-300.png\",\"width\":300,\"height\":45,\"caption\":\"Artroesport\"},\"image\":{\"@id\":\"https:\/\/ingenieriadebarcelona.es\/#\/schema\/logo\/image\/\"}}]}<\/script>\n<!-- \/ Yoast SEO plugin. -->","yoast_head_json":{"title":"Informaci\u00f3n al paciente - Artroesport","robots":{"index":"index","follow":"follow","max-snippet":"max-snippet:-1","max-image-preview":"max-image-preview:large","max-video-preview":"max-video-preview:-1"},"canonical":"https:\/\/ingenieriadebarcelona.es\/?page_id=328","og_locale":"es_ES","og_type":"article","og_title":"Informaci\u00f3n al paciente - Artroesport","og_description":"Informaci\u00f3n al paciente MISI\u00d3N ARTRO ESPORT Proporcionar un servicio traumatol\u00f3gico eficiente y de calidad. Procurando siempre el bienestar de nuestro pacientes con el objetivo de satisfacer sus necesidades. MUTUAS ADESLAS, AEGON, AGRUPACIO, ASIST SANITARIA, ASEFA,ASSSA,ATLANTIDA , AXA, CASER, CIGNA, CLINICUM, COSALUD, DIVINA PASTORA, DKV, MGC MUTUA, HNA, MONTEPIO DE GIRONA, SANITAS. FORMULARIOS Intervencion Quirurgica hoja ... Read more","og_url":"https:\/\/ingenieriadebarcelona.es\/?page_id=328","og_site_name":"Artroesport","article_modified_time":"2022-12-20T09:51:42+00:00","twitter_card":"summary_large_image","twitter_misc":{"Tiempo de lectura":"1 minuto"},"schema":{"@context":"https:\/\/schema.org","@graph":[{"@type":"WebPage","@id":"https:\/\/ingenieriadebarcelona.es\/?page_id=328","url":"https:\/\/ingenieriadebarcelona.es\/?page_id=328","name":"Informaci\u00f3n al paciente - Artroesport","isPartOf":{"@id":"https:\/\/ingenieriadebarcelona.es\/#website"},"datePublished":"2019-03-22T12:13:56+00:00","dateModified":"2022-12-20T09:51:42+00:00","breadcrumb":{"@id":"https:\/\/ingenieriadebarcelona.es\/?page_id=328#breadcrumb"},"inLanguage":"es","potentialAction":[{"@type":"ReadAction","target":["https:\/\/ingenieriadebarcelona.es\/?page_id=328"]}]},{"@type":"BreadcrumbList","@id":"https:\/\/ingenieriadebarcelona.es\/?page_id=328#breadcrumb","itemListElement":[{"@type":"ListItem","position":1,"name":"Inicio","item":"https:\/\/ingenieriadebarcelona.es\/"},{"@type":"ListItem","position":2,"name":"Informaci\u00f3n al paciente"}]},{"@type":"WebSite","@id":"https:\/\/ingenieriadebarcelona.es\/#website","url":"https:\/\/ingenieriadebarcelona.es\/","name":"Artroesport","description":"Artroesport","publisher":{"@id":"https:\/\/ingenieriadebarcelona.es\/#organization"},"potentialAction":[{"@type":"SearchAction","target":{"@type":"EntryPoint","urlTemplate":"https:\/\/ingenieriadebarcelona.es\/?s={search_term_string}"},"query-input":{"@type":"PropertyValueSpecification","valueRequired":true,"valueName":"search_term_string"}}],"inLanguage":"es"},{"@type":"Organization","@id":"https:\/\/ingenieriadebarcelona.es\/#organization","name":"Artroesport","url":"https:\/\/ingenieriadebarcelona.es\/","logo":{"@type":"ImageObject","inLanguage":"es","@id":"https:\/\/ingenieriadebarcelona.es\/#\/schema\/logo\/image\/","url":"https:\/\/ingenieriadebarcelona.es\/wp-content\/uploads\/2019\/04\/Logo_web-300.png","contentUrl":"https:\/\/ingenieriadebarcelona.es\/wp-content\/uploads\/2019\/04\/Logo_web-300.png","width":300,"height":45,"caption":"Artroesport"},"image":{"@id":"https:\/\/ingenieriadebarcelona.es\/#\/schema\/logo\/image\/"}}]}},"_links":{"self":[{"href":"https:\/\/ingenieriadebarcelona.es\/index.php?rest_route=\/wp\/v2\/pages\/328","targetHints":{"allow":["GET"]}}],"collection":[{"href":"https:\/\/ingenieriadebarcelona.es\/index.php?rest_route=\/wp\/v2\/pages"}],"about":[{"href":"https:\/\/ingenieriadebarcelona.es\/index.php?rest_route=\/wp\/v2\/types\/page"}],"author":[{"embeddable":true,"href":"https:\/\/ingenieriadebarcelona.es\/index.php?rest_route=\/wp\/v2\/users\/1"}],"replies":[{"embeddable":true,"href":"https:\/\/ingenieriadebarcelona.es\/index.php?rest_route=%2Fwp%2Fv2%2Fcomments&post=328"}],"version-history":[{"count":11,"href":"https:\/\/ingenieriadebarcelona.es\/index.php?rest_route=\/wp\/v2\/pages\/328\/revisions"}],"predecessor-version":[{"id":2171,"href":"https:\/\/ingenieriadebarcelona.es\/index.php?rest_route=\/wp\/v2\/pages\/328\/revisions\/2171"}],"wp:attachment":[{"href":"https:\/\/ingenieriadebarcelona.es\/index.php?rest_route=%2Fwp%2Fv2%2Fmedia&parent=328"}],"curies":[{"name":"wp","href":"https:\/\/api.w.org\/{rel}","templated":true}]}}