{"id":371,"date":"2019-03-25T07:35:09","date_gmt":"2019-03-25T07:35:09","guid":{"rendered":"https:\/\/ingenieriadebarcelona.es\/?page_id=371"},"modified":"2020-02-14T12:14:20","modified_gmt":"2020-02-14T12:14:20","slug":"traumatologia","status":"publish","type":"page","link":"https:\/\/ingenieriadebarcelona.es\/?page_id=371","title":{"rendered":"Traumatolog\u00eda"},"content":{"rendered":"\t\t<div data-elementor-type=\"wp-post\" data-elementor-id=\"371\" class=\"elementor elementor-371\" data-elementor-post-type=\"page\">\n\t\t\t\t\t\t<section class=\"elementor-section elementor-top-section elementor-element elementor-element-5aeb7f67 elementor-section-boxed elementor-section-height-default elementor-section-height-default\" data-id=\"5aeb7f67\" data-element_type=\"section\" data-settings=\"{&quot;background_background&quot;:&quot;classic&quot;}\">\n\t\t\t\t\t\t<div class=\"elementor-container elementor-column-gap-default\">\n\t\t\t\t\t<div class=\"elementor-column elementor-col-100 elementor-top-column elementor-element elementor-element-5709455f\" data-id=\"5709455f\" data-element_type=\"column\">\n\t\t\t<div class=\"elementor-widget-wrap elementor-element-populated\">\n\t\t\t\t\t\t\t<\/div>\n\t\t<\/div>\n\t\t\t\t\t<\/div>\n\t\t<\/section>\n\t\t\t\t<section class=\"elementor-section elementor-top-section elementor-element elementor-element-86ed70e elementor-section-boxed elementor-section-height-default elementor-section-height-default\" data-id=\"86ed70e\" data-element_type=\"section\">\n\t\t\t\t\t\t<div class=\"elementor-container elementor-column-gap-extended\">\n\t\t\t\t\t<div class=\"elementor-column elementor-col-100 elementor-top-column elementor-element elementor-element-3aaebfc\" data-id=\"3aaebfc\" data-element_type=\"column\">\n\t\t\t<div class=\"elementor-widget-wrap elementor-element-populated\">\n\t\t\t\t\t\t<div class=\"elementor-element elementor-element-dd40522 elementor-widget elementor-widget-text-editor\" data-id=\"dd40522\" data-element_type=\"widget\" data-widget_type=\"text-editor.default\">\n\t\t\t\t<div class=\"elementor-widget-container\">\n\t\t\t\t\t\t\t\t\t<p>Esta especialidad incluye la valoraci\u00f3n cl\u00ednica, el diagn\u00f3stico, la prevenci\u00f3n, el tratamiento por medios quir\u00fargicos y no quir\u00fargicos y la rehabilitaci\u00f3n adecuados a la atenci\u00f3n del paciente con enfermedades cong\u00e9nitas o adquiridas, deformidades y alteraciones funcionales, traum\u00e1tica y no traum\u00e1tica, del aparato locomotor y sus estructuras asociadas.<\/p>\t\t\t\t\t\t\t\t<\/div>\n\t\t\t\t<\/div>\n\t\t\t\t<div class=\"elementor-element elementor-element-e72868e elementor-widget elementor-widget-accordion\" data-id=\"e72868e\" data-element_type=\"widget\" data-widget_type=\"accordion.default\">\n\t\t\t\t<div class=\"elementor-widget-container\">\n\t\t\t\t\t\t\t<div class=\"elementor-accordion\">\n\t\t\t\t\t\t\t<div class=\"elementor-accordion-item\">\n\t\t\t\t\t<div id=\"elementor-tab-title-2421\" class=\"elementor-tab-title\" data-tab=\"1\" role=\"button\" aria-controls=\"elementor-tab-content-2421\" aria-expanded=\"false\">\n\t\t\t\t\t\t\t\t\t\t\t\t\t<span class=\"elementor-accordion-icon elementor-accordion-icon-left\" aria-hidden=\"true\">\n\t\t\t\t\t\t\t\t\t\t\t\t\t\t\t<span class=\"elementor-accordion-icon-closed\"><i class=\"fas fa-plus\"><\/i><\/span>\n\t\t\t\t\t\t\t\t<span class=\"elementor-accordion-icon-opened\"><i class=\"fas fa-minus\"><\/i><\/span>\n\t\t\t\t\t\t\t\t\t\t\t\t\t\t<\/span>\n\t\t\t\t\t\t\t\t\t\t\t\t<a class=\"elementor-accordion-title\" tabindex=\"0\">Cadera<\/a>\n\t\t\t\t\t<\/div>\n\t\t\t\t\t<div id=\"elementor-tab-content-2421\" class=\"elementor-tab-content elementor-clearfix\" data-tab=\"1\" role=\"region\" aria-labelledby=\"elementor-tab-title-2421\"><dl><dt>1. \u00bfQu\u00e9 es?<\/dt><dd>La cadera es una articulaci\u00f3n muy estable en forma r\u00f3tula que relaciona el f\u00e9mur con la pelvis. Con el paso de los a\u00f1os suelen desgastarse (artrosis).<\/dd><dt>2. \u00bfCu\u00e1les son las lesiones m\u00e1s comunes?<\/dt><dd>Las patolog\u00edas traumatol\u00f3gicas m\u00e1s comunes son: distensiones, dislocaciones bursitis, fracturas, osteoartritis y osteoporosis.<\/dd><dt>3. \u00bfCu\u00e1les son los tratamientos?<\/dt><dd>El tratamiento de los problemas de las caderas puede incluir reposo, medicinas, fisioterapia o cirug\u00eda, incluyendo reemplazo de cadera.<\/dd><\/dl><h3 class=\"f14\">Art\u00edculos relacionados:<\/h3><p><a href=\"https:\/\/ingenieriadebarcelona.es\/lesion-carles-puyol-luxacion-en-el-codo\/\">Lesi\u00f3n Carles Puyol (Luxaci\u00f3n en el Codo)<\/a><\/p><\/div>\n\t\t\t\t<\/div>\n\t\t\t\t\t\t\t<div class=\"elementor-accordion-item\">\n\t\t\t\t\t<div id=\"elementor-tab-title-2422\" class=\"elementor-tab-title\" data-tab=\"2\" role=\"button\" aria-controls=\"elementor-tab-content-2422\" aria-expanded=\"false\">\n\t\t\t\t\t\t\t\t\t\t\t\t\t<span class=\"elementor-accordion-icon elementor-accordion-icon-left\" aria-hidden=\"true\">\n\t\t\t\t\t\t\t\t\t\t\t\t\t\t\t<span class=\"elementor-accordion-icon-closed\"><i class=\"fas fa-plus\"><\/i><\/span>\n\t\t\t\t\t\t\t\t<span class=\"elementor-accordion-icon-opened\"><i class=\"fas fa-minus\"><\/i><\/span>\n\t\t\t\t\t\t\t\t\t\t\t\t\t\t<\/span>\n\t\t\t\t\t\t\t\t\t\t\t\t<a class=\"elementor-accordion-title\" tabindex=\"0\">Codo<\/a>\n\t\t\t\t\t<\/div>\n\t\t\t\t\t<div id=\"elementor-tab-content-2422\" class=\"elementor-tab-content elementor-clearfix\" data-tab=\"2\" role=\"region\" aria-labelledby=\"elementor-tab-title-2422\"><p><strong>1. \u00bfQu\u00e9 es?<\/strong><br \/>El codo es una articulaci\u00f3n compuesta por hueso, ligamentos, l\u00edquidos y cart\u00edlago. Tanto los tendones como los m\u00fasculos ayudan a que el codo se mueva. En el momento que alguna parte sufre una lesi\u00f3n, comienzan los problemas en el codo.<\/p><p><strong>2. \u00bfCu\u00e1les son las lesiones m\u00e1s comunes?<\/strong><br \/>Las lesiones m\u00e1s comunes en el codo son: tendinitis, inflamaciones o lesiones en los tendones, distensiones, torceduras, fracturas, dislocaciones, bursitis y artritis.<\/p><p><strong>3. \u00bfCu\u00e1les son los tratamientos?<\/strong><br \/>El tratamiento de los problemas en el codo puede incluir reposo, medicinas, fisioterapia o cirug\u00eda.<\/p><h3 class=\"f14\">Art\u00edculos relacionados:<\/h3><p><a href=\"https:\/\/ingenieriadebarcelona.es\/lesion-carles-puyol-luxacion-en-el-codo\/\">Lesi\u00f3n Carles Puyol (Luxaci\u00f3n en el Codo)<\/a><\/p><\/div>\n\t\t\t\t<\/div>\n\t\t\t\t\t\t\t<div class=\"elementor-accordion-item\">\n\t\t\t\t\t<div id=\"elementor-tab-title-2423\" class=\"elementor-tab-title\" data-tab=\"3\" role=\"button\" aria-controls=\"elementor-tab-content-2423\" aria-expanded=\"false\">\n\t\t\t\t\t\t\t\t\t\t\t\t\t<span class=\"elementor-accordion-icon elementor-accordion-icon-left\" aria-hidden=\"true\">\n\t\t\t\t\t\t\t\t\t\t\t\t\t\t\t<span class=\"elementor-accordion-icon-closed\"><i class=\"fas fa-plus\"><\/i><\/span>\n\t\t\t\t\t\t\t\t<span class=\"elementor-accordion-icon-opened\"><i class=\"fas fa-minus\"><\/i><\/span>\n\t\t\t\t\t\t\t\t\t\t\t\t\t\t<\/span>\n\t\t\t\t\t\t\t\t\t\t\t\t<a class=\"elementor-accordion-title\" tabindex=\"0\">Hombro<\/a>\n\t\t\t\t\t<\/div>\n\t\t\t\t\t<div id=\"elementor-tab-content-2423\" class=\"elementor-tab-content elementor-clearfix\" data-tab=\"3\" role=\"region\" aria-labelledby=\"elementor-tab-title-2423\"><p>1. \u00bfQu\u00e9 es?El hombro es una de las articulaciones que m\u00e1s consultas m\u00e9dicas genera dentro del mundo del deporte. En las pr\u00e1cticas deportivas donde los miembros superiores son muy utilizados (padel, tenis, nataci\u00f3n, &#8230;) es muy com\u00fan que se produzcan lesiones. As\u00ed mismo, el hombro, es la articulaci\u00f3n con mayor movilidad dentro del cuerpo humano. Esto le permite realizar tres tipos de movimientos (abducci\u00f3n-adducci\u00f3n, rotaciones flexo-extensi\u00f3n), por ello se dice que tiene tres grados de movimiento.2. \u00bfCu\u00e1les son las lesiones m\u00e1s comunes?Las lesiones m\u00e1s comunes de hombro son: Tendinopatias manguito rotador,\u00a0<a href=\"https:\/\/ingenieriadebarcelona.es\/traumatologia\/luxacion-de-hombro\/\">Luxaciones \/ Inestabilidades<\/a>, Artropatias Art. Acromioclavicular y lesiones del rodete (SLAP).3. \u00bfCu\u00e1les son los tratamientos?Rehabilitaci\u00f3n: Tratamiento con medios f\u00edsicos\u00a0<br \/>Quir\u00fargicas: <a href=\"https:\/\/ingenieriadebarcelona.es\/traumatologia\/artroscopia\/\">Artroscopia<\/a> \/ Cirug\u00eda abierta<\/p><\/div>\n\t\t\t\t<\/div>\n\t\t\t\t\t\t\t<div class=\"elementor-accordion-item\">\n\t\t\t\t\t<div id=\"elementor-tab-title-2424\" class=\"elementor-tab-title\" data-tab=\"4\" role=\"button\" aria-controls=\"elementor-tab-content-2424\" aria-expanded=\"false\">\n\t\t\t\t\t\t\t\t\t\t\t\t\t<span class=\"elementor-accordion-icon elementor-accordion-icon-left\" aria-hidden=\"true\">\n\t\t\t\t\t\t\t\t\t\t\t\t\t\t\t<span class=\"elementor-accordion-icon-closed\"><i class=\"fas fa-plus\"><\/i><\/span>\n\t\t\t\t\t\t\t\t<span class=\"elementor-accordion-icon-opened\"><i class=\"fas fa-minus\"><\/i><\/span>\n\t\t\t\t\t\t\t\t\t\t\t\t\t\t<\/span>\n\t\t\t\t\t\t\t\t\t\t\t\t<a class=\"elementor-accordion-title\" tabindex=\"0\">Rodilla<\/a>\n\t\t\t\t\t<\/div>\n\t\t\t\t\t<div id=\"elementor-tab-content-2424\" class=\"elementor-tab-content elementor-clearfix\" data-tab=\"4\" role=\"region\" aria-labelledby=\"elementor-tab-title-2424\"><dl><dt>1. \u00bfQu\u00e9 es?<\/dt><dd>Las rodillas se utilizan en casi todos los deportes (futbol, tenis, ciclismo, b\u00e1squet, fondo,\u2026), por esta raz\u00f3n es muy com\u00fan que los traumat\u00f3logos deportivos se especialicen en rodillas. Para tratar y la prevenir las lesiones de rodilla, bien por una causa traum\u00e1tica o por bien por sobreentrenamiento, es muy importante que los deportistas conozcan la composici\u00f3n y el funcionamiento de esta articulaci\u00f3n.<\/dd><dt>2. \u00bfCu\u00e1les son las lesiones m\u00e1s comunes?<\/dt><dd>Las lesiones de rodilla m\u00e1s comunes son:\u00a0<a href=\"https:\/\/ingenieriadebarcelona.es\/traumatologia\/menisco\/\">Lesiones meniscales<\/a>,\u00a0<a href=\"https:\/\/ingenieriadebarcelona.es\/traumatologia\/ligamentos-de-la-rodilla\/\">lesiones degenerativas del cart\u00edlago Femoropatelar<\/a>,\u00a0<a href=\"https:\/\/ingenieriadebarcelona.es\/traumatologia\/ligamentos-de-la-rodilla\/\">Lesiones ligamentosas<\/a>,\u00a0<a href=\"https:\/\/ingenieriadebarcelona.es\/traumatologia\/ligamento-cruzado-anterior\/\">Lesiones del LCA<\/a>,\u00a0<a href=\"https:\/\/ingenieriadebarcelona.es\/traumatologia\/ligamento-cruzado-posterior\/\">Lesiones del LCP<\/a>,\u00a0<a href=\"https:\/\/ingenieriadebarcelona.es\/traumatologia\/patologias-rotulianas\/\">Lesi\u00f3n de r\u00f3tula<\/a>, Esguinces lig. Colateral Medial<\/dd><dt>3. \u00bfCu\u00e1les son los tratamientos?<\/dt><dd>Rehabilitaci\u00f3n: Tratamiento con medios f\u00edsicos<br \/>Quir\u00fargicas:\u00a0<a href=\"https:\/\/ingenieriadebarcelona.es\/traumatologia\/artroscopia\/\">Artroscopia\u00a0<\/a>\/ Cirug\u00eda abierta<\/dd><\/dl><h3 class=\"f14\">Art\u00edculos relacionados:<\/h3><p><a href=\"https:\/\/ingenieriadebarcelona.es\/cirugia-carles-puyol-quiste-de-baquer\/\">Cirug\u00eda Carles Puyol &#8211; Quiste de Baquer<\/a><\/p><p><a href=\"https:\/\/ingenieriadebarcelona.es\/matins-a-tv3-el-desgaste-de-las-articulaciones\/\">Matins a TV3 &#8211; El desgaste de las articulaciones<\/a><\/p><p><a href=\"https:\/\/ingenieriadebarcelona.es\/lesion-rafa-nadal-tendon-rotuliano\/\">Lesi\u00f3n Rafa Nadal (Tend\u00f3n Rotuliano)<\/a><\/p><\/div>\n\t\t\t\t<\/div>\n\t\t\t\t\t\t\t<div class=\"elementor-accordion-item\">\n\t\t\t\t\t<div id=\"elementor-tab-title-2425\" class=\"elementor-tab-title\" data-tab=\"5\" role=\"button\" aria-controls=\"elementor-tab-content-2425\" aria-expanded=\"false\">\n\t\t\t\t\t\t\t\t\t\t\t\t\t<span class=\"elementor-accordion-icon elementor-accordion-icon-left\" aria-hidden=\"true\">\n\t\t\t\t\t\t\t\t\t\t\t\t\t\t\t<span class=\"elementor-accordion-icon-closed\"><i class=\"fas fa-plus\"><\/i><\/span>\n\t\t\t\t\t\t\t\t<span class=\"elementor-accordion-icon-opened\"><i class=\"fas fa-minus\"><\/i><\/span>\n\t\t\t\t\t\t\t\t\t\t\t\t\t\t<\/span>\n\t\t\t\t\t\t\t\t\t\t\t\t<a class=\"elementor-accordion-title\" tabindex=\"0\">Tobillo<\/a>\n\t\t\t\t\t<\/div>\n\t\t\t\t\t<div id=\"elementor-tab-content-2425\" class=\"elementor-tab-content elementor-clearfix\" data-tab=\"5\" role=\"region\" aria-labelledby=\"elementor-tab-title-2425\"><p><strong>1. \u00bfQu\u00e9 es?<\/strong><br \/>Las lesiones del tobillo son las m\u00e1s frecuentes entre la mayor\u00eda de los deportistas. Los deportistas que presentan un mayor n\u00famero de lesiones de tobillo son los jugadores de baloncesto, los jugadores de f\u00fatbol y los corredores de fondo.<\/p><p><strong>2. \u00bfCu\u00e1les son las lesiones m\u00e1s comunes?<\/strong><br \/>Las lesiones de tobillo m\u00e1s comunes son: Esguinces varo \/ valgo, lesiones del cart\u00edlago, fracturas maleolares, rupturas del tend\u00f3n de aquiles.<\/p><p><strong>3. \u00bfCu\u00e1les son los tratamientos?<\/strong><br \/>Rehabilitaci\u00f3n: Tratamiento con medios f\u00edsicos\u00a0<br \/>Quir\u00fargicas: <a href=\"https:\/\/ingenieriadebarcelona.es\/traumatologia\/artroscopia\/\">Artroscopia<\/a> \/ Cirug\u00eda abierta<\/p><\/div>\n\t\t\t\t<\/div>\n\t\t\t\t\t\t\t<div class=\"elementor-accordion-item\">\n\t\t\t\t\t<div id=\"elementor-tab-title-2426\" class=\"elementor-tab-title\" data-tab=\"6\" role=\"button\" aria-controls=\"elementor-tab-content-2426\" aria-expanded=\"false\">\n\t\t\t\t\t\t\t\t\t\t\t\t\t<span class=\"elementor-accordion-icon elementor-accordion-icon-left\" aria-hidden=\"true\">\n\t\t\t\t\t\t\t\t\t\t\t\t\t\t\t<span class=\"elementor-accordion-icon-closed\"><i class=\"fas fa-plus\"><\/i><\/span>\n\t\t\t\t\t\t\t\t<span class=\"elementor-accordion-icon-opened\"><i class=\"fas fa-minus\"><\/i><\/span>\n\t\t\t\t\t\t\t\t\t\t\t\t\t\t<\/span>\n\t\t\t\t\t\t\t\t\t\t\t\t<a class=\"elementor-accordion-title\" tabindex=\"0\">Pie<\/a>\n\t\t\t\t\t<\/div>\n\t\t\t\t\t<div id=\"elementor-tab-content-2426\" class=\"elementor-tab-content elementor-clearfix\" data-tab=\"6\" role=\"region\" aria-labelledby=\"elementor-tab-title-2426\"><dl><dt>1. \u00bfQu\u00e9 es?<\/dt><dd>La actividad f\u00edsica de correr va impl\u00edcita en la mayor\u00eda de los deportes, cuando esto sucede la carga que reciben los pies se duplica o triplica en funci\u00f3n de la velocidad, por esta raz\u00f3n se necesitan cuidados especiales para evitar lesiones. El calzado es fundamental en la pr\u00e1ctica de cualquier actividad deportiva, es fundamental el uso de plantillas para el control biomec\u00e1nico y la mejora de la amortiguaci\u00f3n.<\/dd><dt>2. \u00bfCu\u00e1les son las lesiones m\u00e1s comunes?<\/dt><dd>Las lesiones de pie m\u00e1s comunes son: Espol\u00f3n, fascitis plantar, bursitis, tendinitis, epifilitis, hallux, sesamoiditis, &#8230;<\/dd><dt>3. \u00bfCu\u00e1les son los tratamientos?<\/dt><dd>Prevenci\u00f3n, infiltraciones, vendajes, electroterapia y en casos conretos cirug\u00eda.<\/dd><\/dl><h3 class=\"f14\">Art\u00edculos relacionados:<\/h3><p><a href=\"https:\/\/ingenieriadebarcelona.es\/lesion-david-villa-fractura-de-tibia\/\">Lesi\u00f3n David Villa &#8211; Fractura de tibia<\/a><\/p><p><a href=\"https:\/\/ingenieriadebarcelona.es\/88-edicion-de-la-jean-bouin-y-fascitis-plantar-como-consejo\/\">88 Edici\u00f3n de La Jean Bouin y Fascitis plantar como consejo<\/a><\/p><p><a href=\"https:\/\/ingenieriadebarcelona.es\/juanetes-complicaciones-de-la-cirugia-percutanea-del-pie\/\">Juanetes &#8211; Complicaciones de la cirug\u00eda percut\u00e1nea del pie. Dr. Fraguas<\/a><\/p><\/div>\n\t\t\t\t<\/div>\n\t\t\t\t\t\t\t<div class=\"elementor-accordion-item\">\n\t\t\t\t\t<div id=\"elementor-tab-title-2427\" class=\"elementor-tab-title\" data-tab=\"7\" role=\"button\" aria-controls=\"elementor-tab-content-2427\" aria-expanded=\"false\">\n\t\t\t\t\t\t\t\t\t\t\t\t\t<span class=\"elementor-accordion-icon elementor-accordion-icon-left\" aria-hidden=\"true\">\n\t\t\t\t\t\t\t\t\t\t\t\t\t\t\t<span class=\"elementor-accordion-icon-closed\"><i class=\"fas fa-plus\"><\/i><\/span>\n\t\t\t\t\t\t\t\t<span class=\"elementor-accordion-icon-opened\"><i class=\"fas fa-minus\"><\/i><\/span>\n\t\t\t\t\t\t\t\t\t\t\t\t\t\t<\/span>\n\t\t\t\t\t\t\t\t\t\t\t\t<a class=\"elementor-accordion-title\" tabindex=\"0\">Columna<\/a>\n\t\t\t\t\t<\/div>\n\t\t\t\t\t<div id=\"elementor-tab-content-2427\" class=\"elementor-tab-content elementor-clearfix\" data-tab=\"7\" role=\"region\" aria-labelledby=\"elementor-tab-title-2427\"><p>1. \u00bfQu\u00e9 es?<br \/>La columna vertebral es una estructura \u00f3sea situada en la parte media y posterior de la espalda. Comienza en la regi\u00f3n cervical (cuello), regi\u00f3n dorsal y regi\u00f3n lumbar.<\/p><p>2. \u00bfCu\u00e1les son las lesiones m\u00e1s comunes?<br \/>Las lesiones m\u00e1s comunes por\u00a0<a href=\"https:\/\/ingenieriadebarcelona.es\/traumatologia\/dolor-lumbar\/\">dolor lumbar<\/a>\u00a0son: Fracturas vertebrales,\u00a0<a href=\"https:\/\/ingenieriadebarcelona.es\/traumatologia\/dolor-lumbar-por-hernia-discal\/\">hernias discales<\/a>, estenosis del canal lumbar, tumores benignos, tumores malignos, artrosis, discopat\u00edas y s\u00edndromes facetarios.<\/p><p>3. \u00bfCu\u00e1les son los tratamientos?<br \/>Rehabilitaci\u00f3n:<br \/>Tratamientos conservadores: Rizolisis, Ozonoterapia, Infiltraciones<br \/>Cirug\u00eda por m\u00ednimo acceso (microcirug\u00eda):\u00a0<a href=\"https:\/\/ingenieriadebarcelona.es\/traumatologia\/cifoplastia\/\">Cifoplastia<\/a>, l\u00e1ser, fijaciones, artrodesis, implantes<\/p><h3 class=\"f14\">Art\u00edculos relacionados:<\/h3><p><a href=\"https:\/\/ingenieriadebarcelona.es\/el-cirujano-levantate-y-anda\/\">El Cirujano &#8211; Lev\u00e1ntate y anda<\/a><\/p><p><a href=\"https:\/\/ingenieriadebarcelona.es\/tratamientos-de-rodilla-hombro-y-columna-lumbar\/\">Tratamientos de rodilla, hombro y columna lumbar<\/a><\/p><\/div>\n\t\t\t\t<\/div>\n\t\t\t\t\t\t\t\t<\/div>\n\t\t\t\t\t\t<\/div>\n\t\t\t\t<\/div>\n\t\t\t\t\t<\/div>\n\t\t<\/div>\n\t\t\t\t\t<\/div>\n\t\t<\/section>\n\t\t\t\t<section class=\"elementor-section elementor-top-section elementor-element elementor-element-689a61b elementor-section-boxed elementor-section-height-default elementor-section-height-default\" data-id=\"689a61b\" data-element_type=\"section\">\n\t\t\t\t\t\t<div class=\"elementor-container elementor-column-gap-default\">\n\t\t\t\t\t<div class=\"elementor-column elementor-col-100 elementor-top-column elementor-element elementor-element-ee2f1a8\" data-id=\"ee2f1a8\" data-element_type=\"column\">\n\t\t\t<div class=\"elementor-widget-wrap\">\n\t\t\t\t\t\t\t<\/div>\n\t\t<\/div>\n\t\t\t\t\t<\/div>\n\t\t<\/section>\n\t\t\t\t<\/div>\n\t\t","protected":false},"excerpt":{"rendered":"<p>Esta especialidad incluye la valoraci\u00f3n cl\u00ednica, el diagn\u00f3stico, la prevenci\u00f3n, el tratamiento por medios quir\u00fargicos y no quir\u00fargicos y la rehabilitaci\u00f3n adecuados a la atenci\u00f3n del paciente con enfermedades cong\u00e9nitas o adquiridas, deformidades y alteraciones funcionales, traum\u00e1tica y no traum\u00e1tica, del aparato locomotor y sus estructuras asociadas. Cadera 1. \u00bfQu\u00e9 es? La cadera es una &#8230; <a title=\"Traumatolog\u00eda\" class=\"read-more\" href=\"https:\/\/ingenieriadebarcelona.es\/?page_id=371\" aria-label=\"Leer m\u00e1s sobre Traumatolog\u00eda\">Read more<\/a><\/p>\n","protected":false},"author":1,"featured_media":0,"parent":0,"menu_order":0,"comment_status":"closed","ping_status":"closed","template":"","meta":{"footnotes":""},"class_list":["post-371","page","type-page","status-publish"],"yoast_head":"<!-- This site is optimized with the Yoast SEO plugin v26.3 - https:\/\/yoast.com\/wordpress\/plugins\/seo\/ -->\n<title>Traumatolog\u00eda - Artroesport<\/title>\n<meta name=\"robots\" content=\"index, follow, max-snippet:-1, max-image-preview:large, max-video-preview:-1\" \/>\n<link rel=\"canonical\" href=\"https:\/\/ingenieriadebarcelona.es\/?page_id=371\" \/>\n<meta property=\"og:locale\" content=\"es_ES\" \/>\n<meta property=\"og:type\" content=\"article\" \/>\n<meta property=\"og:title\" content=\"Traumatolog\u00eda - Artroesport\" \/>\n<meta property=\"og:description\" content=\"Esta especialidad incluye la valoraci\u00f3n cl\u00ednica, el diagn\u00f3stico, la prevenci\u00f3n, el tratamiento por medios quir\u00fargicos y no quir\u00fargicos y la rehabilitaci\u00f3n adecuados a la atenci\u00f3n del paciente con enfermedades cong\u00e9nitas o adquiridas, deformidades y alteraciones funcionales, traum\u00e1tica y no traum\u00e1tica, del aparato locomotor y sus estructuras asociadas. Cadera 1. \u00bfQu\u00e9 es? La cadera es una ... Read more\" \/>\n<meta property=\"og:url\" content=\"https:\/\/ingenieriadebarcelona.es\/?page_id=371\" \/>\n<meta property=\"og:site_name\" content=\"Artroesport\" \/>\n<meta property=\"article:modified_time\" content=\"2020-02-14T12:14:20+00:00\" \/>\n<meta name=\"twitter:card\" content=\"summary_large_image\" \/>\n<meta name=\"twitter:label1\" content=\"Tiempo de lectura\" \/>\n\t<meta name=\"twitter:data1\" content=\"5 minutos\" \/>\n<script type=\"application\/ld+json\" class=\"yoast-schema-graph\">{\"@context\":\"https:\/\/schema.org\",\"@graph\":[{\"@type\":\"WebPage\",\"@id\":\"https:\/\/ingenieriadebarcelona.es\/?page_id=371\",\"url\":\"https:\/\/ingenieriadebarcelona.es\/?page_id=371\",\"name\":\"Traumatolog\u00eda - Artroesport\",\"isPartOf\":{\"@id\":\"https:\/\/ingenieriadebarcelona.es\/#website\"},\"datePublished\":\"2019-03-25T07:35:09+00:00\",\"dateModified\":\"2020-02-14T12:14:20+00:00\",\"breadcrumb\":{\"@id\":\"https:\/\/ingenieriadebarcelona.es\/?page_id=371#breadcrumb\"},\"inLanguage\":\"es\",\"potentialAction\":[{\"@type\":\"ReadAction\",\"target\":[\"https:\/\/ingenieriadebarcelona.es\/?page_id=371\"]}]},{\"@type\":\"BreadcrumbList\",\"@id\":\"https:\/\/ingenieriadebarcelona.es\/?page_id=371#breadcrumb\",\"itemListElement\":[{\"@type\":\"ListItem\",\"position\":1,\"name\":\"Inicio\",\"item\":\"https:\/\/ingenieriadebarcelona.es\/\"},{\"@type\":\"ListItem\",\"position\":2,\"name\":\"Traumatolog\u00eda\"}]},{\"@type\":\"WebSite\",\"@id\":\"https:\/\/ingenieriadebarcelona.es\/#website\",\"url\":\"https:\/\/ingenieriadebarcelona.es\/\",\"name\":\"Artroesport\",\"description\":\"Artroesport\",\"publisher\":{\"@id\":\"https:\/\/ingenieriadebarcelona.es\/#organization\"},\"potentialAction\":[{\"@type\":\"SearchAction\",\"target\":{\"@type\":\"EntryPoint\",\"urlTemplate\":\"https:\/\/ingenieriadebarcelona.es\/?s={search_term_string}\"},\"query-input\":{\"@type\":\"PropertyValueSpecification\",\"valueRequired\":true,\"valueName\":\"search_term_string\"}}],\"inLanguage\":\"es\"},{\"@type\":\"Organization\",\"@id\":\"https:\/\/ingenieriadebarcelona.es\/#organization\",\"name\":\"Artroesport\",\"url\":\"https:\/\/ingenieriadebarcelona.es\/\",\"logo\":{\"@type\":\"ImageObject\",\"inLanguage\":\"es\",\"@id\":\"https:\/\/ingenieriadebarcelona.es\/#\/schema\/logo\/image\/\",\"url\":\"https:\/\/ingenieriadebarcelona.es\/wp-content\/uploads\/2019\/04\/Logo_web-300.png\",\"contentUrl\":\"https:\/\/ingenieriadebarcelona.es\/wp-content\/uploads\/2019\/04\/Logo_web-300.png\",\"width\":300,\"height\":45,\"caption\":\"Artroesport\"},\"image\":{\"@id\":\"https:\/\/ingenieriadebarcelona.es\/#\/schema\/logo\/image\/\"}}]}<\/script>\n<!-- \/ Yoast SEO plugin. -->","yoast_head_json":{"title":"Traumatolog\u00eda - Artroesport","robots":{"index":"index","follow":"follow","max-snippet":"max-snippet:-1","max-image-preview":"max-image-preview:large","max-video-preview":"max-video-preview:-1"},"canonical":"https:\/\/ingenieriadebarcelona.es\/?page_id=371","og_locale":"es_ES","og_type":"article","og_title":"Traumatolog\u00eda - Artroesport","og_description":"Esta especialidad incluye la valoraci\u00f3n cl\u00ednica, el diagn\u00f3stico, la prevenci\u00f3n, el tratamiento por medios quir\u00fargicos y no quir\u00fargicos y la rehabilitaci\u00f3n adecuados a la atenci\u00f3n del paciente con enfermedades cong\u00e9nitas o adquiridas, deformidades y alteraciones funcionales, traum\u00e1tica y no traum\u00e1tica, del aparato locomotor y sus estructuras asociadas. Cadera 1. \u00bfQu\u00e9 es? La cadera es una ... Read more","og_url":"https:\/\/ingenieriadebarcelona.es\/?page_id=371","og_site_name":"Artroesport","article_modified_time":"2020-02-14T12:14:20+00:00","twitter_card":"summary_large_image","twitter_misc":{"Tiempo de lectura":"5 minutos"},"schema":{"@context":"https:\/\/schema.org","@graph":[{"@type":"WebPage","@id":"https:\/\/ingenieriadebarcelona.es\/?page_id=371","url":"https:\/\/ingenieriadebarcelona.es\/?page_id=371","name":"Traumatolog\u00eda - Artroesport","isPartOf":{"@id":"https:\/\/ingenieriadebarcelona.es\/#website"},"datePublished":"2019-03-25T07:35:09+00:00","dateModified":"2020-02-14T12:14:20+00:00","breadcrumb":{"@id":"https:\/\/ingenieriadebarcelona.es\/?page_id=371#breadcrumb"},"inLanguage":"es","potentialAction":[{"@type":"ReadAction","target":["https:\/\/ingenieriadebarcelona.es\/?page_id=371"]}]},{"@type":"BreadcrumbList","@id":"https:\/\/ingenieriadebarcelona.es\/?page_id=371#breadcrumb","itemListElement":[{"@type":"ListItem","position":1,"name":"Inicio","item":"https:\/\/ingenieriadebarcelona.es\/"},{"@type":"ListItem","position":2,"name":"Traumatolog\u00eda"}]},{"@type":"WebSite","@id":"https:\/\/ingenieriadebarcelona.es\/#website","url":"https:\/\/ingenieriadebarcelona.es\/","name":"Artroesport","description":"Artroesport","publisher":{"@id":"https:\/\/ingenieriadebarcelona.es\/#organization"},"potentialAction":[{"@type":"SearchAction","target":{"@type":"EntryPoint","urlTemplate":"https:\/\/ingenieriadebarcelona.es\/?s={search_term_string}"},"query-input":{"@type":"PropertyValueSpecification","valueRequired":true,"valueName":"search_term_string"}}],"inLanguage":"es"},{"@type":"Organization","@id":"https:\/\/ingenieriadebarcelona.es\/#organization","name":"Artroesport","url":"https:\/\/ingenieriadebarcelona.es\/","logo":{"@type":"ImageObject","inLanguage":"es","@id":"https:\/\/ingenieriadebarcelona.es\/#\/schema\/logo\/image\/","url":"https:\/\/ingenieriadebarcelona.es\/wp-content\/uploads\/2019\/04\/Logo_web-300.png","contentUrl":"https:\/\/ingenieriadebarcelona.es\/wp-content\/uploads\/2019\/04\/Logo_web-300.png","width":300,"height":45,"caption":"Artroesport"},"image":{"@id":"https:\/\/ingenieriadebarcelona.es\/#\/schema\/logo\/image\/"}}]}},"_links":{"self":[{"href":"https:\/\/ingenieriadebarcelona.es\/index.php?rest_route=\/wp\/v2\/pages\/371","targetHints":{"allow":["GET"]}}],"collection":[{"href":"https:\/\/ingenieriadebarcelona.es\/index.php?rest_route=\/wp\/v2\/pages"}],"about":[{"href":"https:\/\/ingenieriadebarcelona.es\/index.php?rest_route=\/wp\/v2\/types\/page"}],"author":[{"embeddable":true,"href":"https:\/\/ingenieriadebarcelona.es\/index.php?rest_route=\/wp\/v2\/users\/1"}],"replies":[{"embeddable":true,"href":"https:\/\/ingenieriadebarcelona.es\/index.php?rest_route=%2Fwp%2Fv2%2Fcomments&post=371"}],"version-history":[{"count":5,"href":"https:\/\/ingenieriadebarcelona.es\/index.php?rest_route=\/wp\/v2\/pages\/371\/revisions"}],"predecessor-version":[{"id":1072,"href":"https:\/\/ingenieriadebarcelona.es\/index.php?rest_route=\/wp\/v2\/pages\/371\/revisions\/1072"}],"wp:attachment":[{"href":"https:\/\/ingenieriadebarcelona.es\/index.php?rest_route=%2Fwp%2Fv2%2Fmedia&parent=371"}],"curies":[{"name":"wp","href":"https:\/\/api.w.org\/{rel}","templated":true}]}}