{"id":394,"date":"2019-03-25T11:53:44","date_gmt":"2019-03-25T11:53:44","guid":{"rendered":"https:\/\/ingenieriadebarcelona.es\/?page_id=394"},"modified":"2019-03-25T12:04:47","modified_gmt":"2019-03-25T12:04:47","slug":"luxacion-de-hombro","status":"publish","type":"page","link":"https:\/\/ingenieriadebarcelona.es\/?page_id=394","title":{"rendered":"Luxaci\u00f3n de Hombro"},"content":{"rendered":"\t\t<div data-elementor-type=\"wp-post\" data-elementor-id=\"394\" class=\"elementor elementor-394\" data-elementor-post-type=\"page\">\n\t\t\t\t\t\t<section class=\"elementor-section elementor-top-section elementor-element elementor-element-74aa00f5 elementor-section-boxed elementor-section-height-default elementor-section-height-default\" data-id=\"74aa00f5\" data-element_type=\"section\" data-settings=\"{&quot;background_background&quot;:&quot;classic&quot;}\">\n\t\t\t\t\t\t<div class=\"elementor-container elementor-column-gap-default\">\n\t\t\t\t\t<div class=\"elementor-column elementor-col-100 elementor-top-column elementor-element elementor-element-5d88554\" data-id=\"5d88554\" data-element_type=\"column\">\n\t\t\t<div class=\"elementor-widget-wrap elementor-element-populated\">\n\t\t\t\t\t\t<div class=\"elementor-element elementor-element-147953 elementor-widget elementor-widget-heading\" data-id=\"147953\" data-element_type=\"widget\" data-widget_type=\"heading.default\">\n\t\t\t\t<div class=\"elementor-widget-container\">\n\t\t\t\t\t<h1 class=\"elementor-heading-title elementor-size-default\">Luxaci\u00f3n de Hombro<\/h1>\t\t\t\t<\/div>\n\t\t\t\t<\/div>\n\t\t\t\t\t<\/div>\n\t\t<\/div>\n\t\t\t\t\t<\/div>\n\t\t<\/section>\n\t\t\t\t<section class=\"elementor-section elementor-top-section elementor-element elementor-element-c4f4b86 elementor-section-boxed elementor-section-height-default elementor-section-height-default\" data-id=\"c4f4b86\" data-element_type=\"section\">\n\t\t\t\t\t\t<div class=\"elementor-container elementor-column-gap-default\">\n\t\t\t\t\t<div class=\"elementor-column elementor-col-100 elementor-top-column elementor-element elementor-element-b5f9c0c\" data-id=\"b5f9c0c\" data-element_type=\"column\">\n\t\t\t<div class=\"elementor-widget-wrap elementor-element-populated\">\n\t\t\t\t\t\t<div class=\"elementor-element elementor-element-41f1266 elementor-widget elementor-widget-breadcrumbs\" data-id=\"41f1266\" data-element_type=\"widget\" data-widget_type=\"breadcrumbs.default\">\n\t\t\t\t<div class=\"elementor-widget-container\">\n\t\t\t\t\t<p id=\"breadcrumbs\"><span><span><a href=\"https:\/\/ingenieriadebarcelona.es\/\">Inicio<\/a><\/span><\/span><\/p>\t\t\t\t<\/div>\n\t\t\t\t<\/div>\n\t\t\t\t\t<\/div>\n\t\t<\/div>\n\t\t\t\t\t<\/div>\n\t\t<\/section>\n\t\t\t\t<section class=\"elementor-section elementor-top-section elementor-element elementor-element-55dce55 elementor-section-boxed elementor-section-height-default elementor-section-height-default\" data-id=\"55dce55\" data-element_type=\"section\">\n\t\t\t\t\t\t<div class=\"elementor-container elementor-column-gap-default\">\n\t\t\t\t\t<div class=\"elementor-column elementor-col-100 elementor-top-column elementor-element elementor-element-197bf4b\" data-id=\"197bf4b\" data-element_type=\"column\">\n\t\t\t<div class=\"elementor-widget-wrap elementor-element-populated\">\n\t\t\t\t\t\t<div class=\"elementor-element elementor-element-cd5602f elementor-widget elementor-widget-text-editor\" data-id=\"cd5602f\" data-element_type=\"widget\" data-widget_type=\"text-editor.default\">\n\t\t\t\t<div class=\"elementor-widget-container\">\n\t\t\t\t\t\t\t\t\t<p>La inestabilidad de hombro incluye un grupo de lesiones, el buen manejo de las cuales requiere un diagn\u00f3stico y tratamiento adecuados.<\/p><p>Dentro de este tipo de lesiones encontramos las microinestabilidades, las subluxaciones (dislocaci\u00f3n parcial que se reduce espont\u00e1neamente) y\u00a0 la\u00a0 luxaci\u00f3n de hombro completa que requiere maniobras de reducci\u00f3n. La mayor\u00eda de las luxaciones de hombro son de origen traum\u00e1tico produci\u00e9ndose un desplazamiento anterior de la cabeza humeral, aunque en algunos casos pueden ser debidas a la hiper-laxitud articular del paciente.<\/p><p>Tras un episodio de luxaci\u00f3n de hombro, los tejidos blandos (capsula, ligamentos y tendones) que participan en la estabilidad del hombro se lesionan. A menudo estos tejidos lesionados no cicatrizan correctamente y el hombro puede sufrir luxaciones recidivantes y\/o dolor durante\u00a0 la pr\u00e1ctica de ciertas actividades.<\/p><p>Cuando m\u00e1s joven es el paciente en el momento de la primera luxaci\u00f3n de hombro, mayor ser\u00e1 el riesgo de un nuevo episodio. Los pacientes menores de 20 a\u00f1os con una luxaci\u00f3n de hombro traum\u00e1tica tienen un \u00edndice de recidiva de m\u00e1s del 90%. Es por este motivo que apostamos por la reparaci\u00f3n temprana para este grupo de pacientes, con el fin de evitar el empeoramiento de los elementos estabilizadores del hombro con nuevos episodios de luxaci\u00f3n de hombro.<\/p><p>El tratamiento de la luxaci\u00f3n de hombro recidivante es habitualmente quir\u00fargico. Esta cirug\u00eda est\u00e1 dirigida a la reparaci\u00f3n de la c\u00e1psula y los ligamentos da\u00f1ados. Este procedimiento se puede hacer por artroscopia de forma ambulatoria. La artroscopia consiste en la introducci\u00f3n dentro de la articulaci\u00f3n gleno-humeral de una \u00f3ptica iluminada de unos 4mm conectada a una peque\u00f1a c\u00e1mara en el exterior lo que permite la visi\u00f3n ampliada del interior de la articulaci\u00f3n en un monitor. Por otro portal de entre 5 y 9mm se introducen a trav\u00e9s de unas c\u00e1nulas de trabajo los peque\u00f1os instrumentos y los sistemas de anclaje en miniatura que permitir\u00e1n la reparaci\u00f3n de los tejidos lesionados.\u00a0 La recuperaci\u00f3n completa de este tipo de lesi\u00f3n es dura aproximadamente de 4-6 meses.\u00a0<\/p>\t\t\t\t\t\t\t\t<\/div>\n\t\t\t\t<\/div>\n\t\t\t\t\t<\/div>\n\t\t<\/div>\n\t\t\t\t\t<\/div>\n\t\t<\/section>\n\t\t\t\t<\/div>\n\t\t","protected":false},"excerpt":{"rendered":"<p>Luxaci\u00f3n de Hombro La inestabilidad de hombro incluye un grupo de lesiones, el buen manejo de las cuales requiere un diagn\u00f3stico y tratamiento adecuados. Dentro de este tipo de lesiones encontramos las microinestabilidades, las subluxaciones (dislocaci\u00f3n parcial que se reduce espont\u00e1neamente) y\u00a0 la\u00a0 luxaci\u00f3n de hombro completa que requiere maniobras de reducci\u00f3n. La mayor\u00eda de &#8230; <a title=\"Luxaci\u00f3n de Hombro\" class=\"read-more\" href=\"https:\/\/ingenieriadebarcelona.es\/?page_id=394\" aria-label=\"Leer m\u00e1s sobre Luxaci\u00f3n de Hombro\">Read more<\/a><\/p>\n","protected":false},"author":1,"featured_media":0,"parent":371,"menu_order":0,"comment_status":"closed","ping_status":"closed","template":"","meta":{"footnotes":""},"class_list":["post-394","page","type-page","status-publish"],"yoast_head":"<!-- This site is optimized with the Yoast SEO plugin v26.3 - https:\/\/yoast.com\/wordpress\/plugins\/seo\/ -->\n<title>Luxaci\u00f3n de Hombro - Artroesport<\/title>\n<meta name=\"robots\" content=\"index, follow, max-snippet:-1, max-image-preview:large, max-video-preview:-1\" \/>\n<link rel=\"canonical\" href=\"https:\/\/ingenieriadebarcelona.es\/?page_id=394\" \/>\n<meta property=\"og:locale\" content=\"es_ES\" \/>\n<meta property=\"og:type\" content=\"article\" \/>\n<meta property=\"og:title\" content=\"Luxaci\u00f3n de Hombro - Artroesport\" \/>\n<meta property=\"og:description\" content=\"Luxaci\u00f3n de Hombro La inestabilidad de hombro incluye un grupo de lesiones, el buen manejo de las cuales requiere un diagn\u00f3stico y tratamiento adecuados. Dentro de este tipo de lesiones encontramos las microinestabilidades, las subluxaciones (dislocaci\u00f3n parcial que se reduce espont\u00e1neamente) y\u00a0 la\u00a0 luxaci\u00f3n de hombro completa que requiere maniobras de reducci\u00f3n. La mayor\u00eda de ... Read more\" \/>\n<meta property=\"og:url\" content=\"https:\/\/ingenieriadebarcelona.es\/?page_id=394\" \/>\n<meta property=\"og:site_name\" content=\"Artroesport\" \/>\n<meta property=\"article:modified_time\" content=\"2019-03-25T12:04:47+00:00\" \/>\n<meta name=\"twitter:card\" content=\"summary_large_image\" \/>\n<meta name=\"twitter:label1\" content=\"Tiempo de lectura\" \/>\n\t<meta name=\"twitter:data1\" content=\"2 minutos\" \/>\n<script type=\"application\/ld+json\" class=\"yoast-schema-graph\">{\"@context\":\"https:\/\/schema.org\",\"@graph\":[{\"@type\":\"WebPage\",\"@id\":\"https:\/\/ingenieriadebarcelona.es\/?page_id=394\",\"url\":\"https:\/\/ingenieriadebarcelona.es\/?page_id=394\",\"name\":\"Luxaci\u00f3n de Hombro - Artroesport\",\"isPartOf\":{\"@id\":\"https:\/\/ingenieriadebarcelona.es\/#website\"},\"datePublished\":\"2019-03-25T11:53:44+00:00\",\"dateModified\":\"2019-03-25T12:04:47+00:00\",\"breadcrumb\":{\"@id\":\"https:\/\/ingenieriadebarcelona.es\/?page_id=394#breadcrumb\"},\"inLanguage\":\"es\",\"potentialAction\":[{\"@type\":\"ReadAction\",\"target\":[\"https:\/\/ingenieriadebarcelona.es\/?page_id=394\"]}]},{\"@type\":\"BreadcrumbList\",\"@id\":\"https:\/\/ingenieriadebarcelona.es\/?page_id=394#breadcrumb\",\"itemListElement\":[{\"@type\":\"ListItem\",\"position\":1,\"name\":\"Inicio\",\"item\":\"https:\/\/ingenieriadebarcelona.es\/\"},{\"@type\":\"ListItem\",\"position\":2,\"name\":\"Traumatolog\u00eda\",\"item\":\"https:\/\/ingenieriadebarcelona.es\/?page_id=371\"},{\"@type\":\"ListItem\",\"position\":3,\"name\":\"Luxaci\u00f3n de Hombro\"}]},{\"@type\":\"WebSite\",\"@id\":\"https:\/\/ingenieriadebarcelona.es\/#website\",\"url\":\"https:\/\/ingenieriadebarcelona.es\/\",\"name\":\"Artroesport\",\"description\":\"Artroesport\",\"publisher\":{\"@id\":\"https:\/\/ingenieriadebarcelona.es\/#organization\"},\"potentialAction\":[{\"@type\":\"SearchAction\",\"target\":{\"@type\":\"EntryPoint\",\"urlTemplate\":\"https:\/\/ingenieriadebarcelona.es\/?s={search_term_string}\"},\"query-input\":{\"@type\":\"PropertyValueSpecification\",\"valueRequired\":true,\"valueName\":\"search_term_string\"}}],\"inLanguage\":\"es\"},{\"@type\":\"Organization\",\"@id\":\"https:\/\/ingenieriadebarcelona.es\/#organization\",\"name\":\"Artroesport\",\"url\":\"https:\/\/ingenieriadebarcelona.es\/\",\"logo\":{\"@type\":\"ImageObject\",\"inLanguage\":\"es\",\"@id\":\"https:\/\/ingenieriadebarcelona.es\/#\/schema\/logo\/image\/\",\"url\":\"https:\/\/ingenieriadebarcelona.es\/wp-content\/uploads\/2019\/04\/Logo_web-300.png\",\"contentUrl\":\"https:\/\/ingenieriadebarcelona.es\/wp-content\/uploads\/2019\/04\/Logo_web-300.png\",\"width\":300,\"height\":45,\"caption\":\"Artroesport\"},\"image\":{\"@id\":\"https:\/\/ingenieriadebarcelona.es\/#\/schema\/logo\/image\/\"}}]}<\/script>\n<!-- \/ Yoast SEO plugin. -->","yoast_head_json":{"title":"Luxaci\u00f3n de Hombro - Artroesport","robots":{"index":"index","follow":"follow","max-snippet":"max-snippet:-1","max-image-preview":"max-image-preview:large","max-video-preview":"max-video-preview:-1"},"canonical":"https:\/\/ingenieriadebarcelona.es\/?page_id=394","og_locale":"es_ES","og_type":"article","og_title":"Luxaci\u00f3n de Hombro - Artroesport","og_description":"Luxaci\u00f3n de Hombro La inestabilidad de hombro incluye un grupo de lesiones, el buen manejo de las cuales requiere un diagn\u00f3stico y tratamiento adecuados. Dentro de este tipo de lesiones encontramos las microinestabilidades, las subluxaciones (dislocaci\u00f3n parcial que se reduce espont\u00e1neamente) y\u00a0 la\u00a0 luxaci\u00f3n de hombro completa que requiere maniobras de reducci\u00f3n. La mayor\u00eda de ... Read more","og_url":"https:\/\/ingenieriadebarcelona.es\/?page_id=394","og_site_name":"Artroesport","article_modified_time":"2019-03-25T12:04:47+00:00","twitter_card":"summary_large_image","twitter_misc":{"Tiempo de lectura":"2 minutos"},"schema":{"@context":"https:\/\/schema.org","@graph":[{"@type":"WebPage","@id":"https:\/\/ingenieriadebarcelona.es\/?page_id=394","url":"https:\/\/ingenieriadebarcelona.es\/?page_id=394","name":"Luxaci\u00f3n de Hombro - Artroesport","isPartOf":{"@id":"https:\/\/ingenieriadebarcelona.es\/#website"},"datePublished":"2019-03-25T11:53:44+00:00","dateModified":"2019-03-25T12:04:47+00:00","breadcrumb":{"@id":"https:\/\/ingenieriadebarcelona.es\/?page_id=394#breadcrumb"},"inLanguage":"es","potentialAction":[{"@type":"ReadAction","target":["https:\/\/ingenieriadebarcelona.es\/?page_id=394"]}]},{"@type":"BreadcrumbList","@id":"https:\/\/ingenieriadebarcelona.es\/?page_id=394#breadcrumb","itemListElement":[{"@type":"ListItem","position":1,"name":"Inicio","item":"https:\/\/ingenieriadebarcelona.es\/"},{"@type":"ListItem","position":2,"name":"Traumatolog\u00eda","item":"https:\/\/ingenieriadebarcelona.es\/?page_id=371"},{"@type":"ListItem","position":3,"name":"Luxaci\u00f3n de Hombro"}]},{"@type":"WebSite","@id":"https:\/\/ingenieriadebarcelona.es\/#website","url":"https:\/\/ingenieriadebarcelona.es\/","name":"Artroesport","description":"Artroesport","publisher":{"@id":"https:\/\/ingenieriadebarcelona.es\/#organization"},"potentialAction":[{"@type":"SearchAction","target":{"@type":"EntryPoint","urlTemplate":"https:\/\/ingenieriadebarcelona.es\/?s={search_term_string}"},"query-input":{"@type":"PropertyValueSpecification","valueRequired":true,"valueName":"search_term_string"}}],"inLanguage":"es"},{"@type":"Organization","@id":"https:\/\/ingenieriadebarcelona.es\/#organization","name":"Artroesport","url":"https:\/\/ingenieriadebarcelona.es\/","logo":{"@type":"ImageObject","inLanguage":"es","@id":"https:\/\/ingenieriadebarcelona.es\/#\/schema\/logo\/image\/","url":"https:\/\/ingenieriadebarcelona.es\/wp-content\/uploads\/2019\/04\/Logo_web-300.png","contentUrl":"https:\/\/ingenieriadebarcelona.es\/wp-content\/uploads\/2019\/04\/Logo_web-300.png","width":300,"height":45,"caption":"Artroesport"},"image":{"@id":"https:\/\/ingenieriadebarcelona.es\/#\/schema\/logo\/image\/"}}]}},"_links":{"self":[{"href":"https:\/\/ingenieriadebarcelona.es\/index.php?rest_route=\/wp\/v2\/pages\/394","targetHints":{"allow":["GET"]}}],"collection":[{"href":"https:\/\/ingenieriadebarcelona.es\/index.php?rest_route=\/wp\/v2\/pages"}],"about":[{"href":"https:\/\/ingenieriadebarcelona.es\/index.php?rest_route=\/wp\/v2\/types\/page"}],"author":[{"embeddable":true,"href":"https:\/\/ingenieriadebarcelona.es\/index.php?rest_route=\/wp\/v2\/users\/1"}],"replies":[{"embeddable":true,"href":"https:\/\/ingenieriadebarcelona.es\/index.php?rest_route=%2Fwp%2Fv2%2Fcomments&post=394"}],"version-history":[{"count":0,"href":"https:\/\/ingenieriadebarcelona.es\/index.php?rest_route=\/wp\/v2\/pages\/394\/revisions"}],"up":[{"embeddable":true,"href":"https:\/\/ingenieriadebarcelona.es\/index.php?rest_route=\/wp\/v2\/pages\/371"}],"wp:attachment":[{"href":"https:\/\/ingenieriadebarcelona.es\/index.php?rest_route=%2Fwp%2Fv2%2Fmedia&parent=394"}],"curies":[{"name":"wp","href":"https:\/\/api.w.org\/{rel}","templated":true}]}}