{"id":395,"date":"2019-03-25T11:57:03","date_gmt":"2019-03-25T11:57:03","guid":{"rendered":"https:\/\/ingenieriadebarcelona.es\/?page_id=395"},"modified":"2019-03-25T12:47:34","modified_gmt":"2019-03-25T12:47:34","slug":"menisco","status":"publish","type":"page","link":"https:\/\/ingenieriadebarcelona.es\/?page_id=395","title":{"rendered":"Menisco"},"content":{"rendered":"\t\t<div data-elementor-type=\"wp-post\" data-elementor-id=\"395\" class=\"elementor elementor-395\" data-elementor-post-type=\"page\">\n\t\t\t\t\t\t<section class=\"elementor-section elementor-top-section elementor-element elementor-element-3a0dca31 elementor-section-boxed elementor-section-height-default elementor-section-height-default\" data-id=\"3a0dca31\" data-element_type=\"section\" data-settings=\"{&quot;background_background&quot;:&quot;classic&quot;}\">\n\t\t\t\t\t\t<div class=\"elementor-container elementor-column-gap-default\">\n\t\t\t\t\t<div class=\"elementor-column elementor-col-100 elementor-top-column elementor-element elementor-element-24658d07\" data-id=\"24658d07\" data-element_type=\"column\">\n\t\t\t<div class=\"elementor-widget-wrap elementor-element-populated\">\n\t\t\t\t\t\t<div class=\"elementor-element elementor-element-52aae7a0 elementor-widget elementor-widget-heading\" data-id=\"52aae7a0\" data-element_type=\"widget\" data-widget_type=\"heading.default\">\n\t\t\t\t<div class=\"elementor-widget-container\">\n\t\t\t\t\t<h1 class=\"elementor-heading-title elementor-size-default\">Menisco<\/h1>\t\t\t\t<\/div>\n\t\t\t\t<\/div>\n\t\t\t\t\t<\/div>\n\t\t<\/div>\n\t\t\t\t\t<\/div>\n\t\t<\/section>\n\t\t\t\t<section class=\"elementor-section elementor-top-section elementor-element elementor-element-5774853 elementor-section-boxed elementor-section-height-default elementor-section-height-default\" data-id=\"5774853\" data-element_type=\"section\">\n\t\t\t\t\t\t<div class=\"elementor-container elementor-column-gap-default\">\n\t\t\t\t\t<div class=\"elementor-column elementor-col-100 elementor-top-column elementor-element elementor-element-c9b35c9\" data-id=\"c9b35c9\" data-element_type=\"column\">\n\t\t\t<div class=\"elementor-widget-wrap elementor-element-populated\">\n\t\t\t\t\t\t<div class=\"elementor-element elementor-element-c22b109 elementor-widget elementor-widget-breadcrumbs\" data-id=\"c22b109\" data-element_type=\"widget\" data-widget_type=\"breadcrumbs.default\">\n\t\t\t\t<div class=\"elementor-widget-container\">\n\t\t\t\t\t<p id=\"breadcrumbs\"><span><span><a href=\"https:\/\/ingenieriadebarcelona.es\/\">Inicio<\/a><\/span><\/span><\/p>\t\t\t\t<\/div>\n\t\t\t\t<\/div>\n\t\t\t\t\t<\/div>\n\t\t<\/div>\n\t\t\t\t\t<\/div>\n\t\t<\/section>\n\t\t\t\t<section class=\"elementor-section elementor-top-section elementor-element elementor-element-5243a982 elementor-section-boxed elementor-section-height-default elementor-section-height-default\" data-id=\"5243a982\" data-element_type=\"section\">\n\t\t\t\t\t\t<div class=\"elementor-container elementor-column-gap-default\">\n\t\t\t\t\t<div class=\"elementor-column elementor-col-100 elementor-top-column elementor-element elementor-element-44c158f7\" data-id=\"44c158f7\" data-element_type=\"column\">\n\t\t\t<div class=\"elementor-widget-wrap elementor-element-populated\">\n\t\t\t\t\t\t<div class=\"elementor-element elementor-element-554728a3 elementor-widget elementor-widget-text-editor\" data-id=\"554728a3\" data-element_type=\"widget\" data-widget_type=\"text-editor.default\">\n\t\t\t\t<div class=\"elementor-widget-container\">\n\t\t\t\t\t\t\t\t\t<p><b>1. \u00bfQue es el menisco?<\/b><\/p><p>Es un fibrocart\u00edlago (especie de coj\u00edn) en forma de medialuna, localizado entre el f\u00e9mur y la tibia en n\u00famero de dos (interno-externo) cuya funci\u00f3n mas especifica es la de actuar como una especie de almohadilla para absorber los impactos, nutrir al cart\u00edlago, e intervenir en los movimientos de la rodilla.<\/p><p><b>2. \u00bfCuales son las causas m\u00e1s frecuentes de ruptura meniscal?<\/b><\/p><p>Traum\u00e1tica: Mecanismo indirecto de rotaci\u00f3n de rodilla sobre pie fijo. Los s\u00edntomas m\u00e1s comunes de este tipo de lesi\u00f3n meniscal son bloqueos en semiflexion, pseudobloqueos, inflamaci\u00f3n de rodilla, dolor agudo intenso.<\/p><p>Degenerativa: Desgaste por fricci\u00f3n\u00a0 e impacto reiterado.<br \/>En los casos de lesiones meniscales degenerativas, el dolor es mas insidioso, no tan agudo, no tan incapacitante, y generalmente no se acompa\u00f1a de inflamaci\u00f3n de rodilla.<\/p><p><b>3. \u00bfCu\u00e1les son los tratamientos?<\/b><\/p><p>Las lesiones de tipo traum\u00e1tico agudas del menisco, generalmente son atendidas quir\u00fargicamente. La t\u00e9cnica\u00a0 para la cirug\u00eda de menisco es la\u00a0<a href=\"https:\/\/ingenieriadebarcelona.es\/traumatologia\/artroscopia\/\">artroscopia<\/a>, empleando la sutura meniscal en caso de lesiones perif\u00e9ricas del menisco (zona llamada roja y roja-amarilla) y la meniscectomia parcial en casos no suturables (zona blanca del menisco).<\/p><p>En las lesiones de tipo degenerativas del menisco, se debe evaluar el grado de dolor, las dificultades que provoca al paciente en su vida diaria, si es sedentario o deportista (ya sea ocasional), pudiendo comenzar el tratamiento con aines, reposo, fisioterapia, cambios de apoyo con plantillas en caso que se acompa\u00f1e de alteraciones del eje mec\u00e1nico (genu varo o genu valgo), y condroprotectores. Si el dolor no cede y progresa se realiza artroscopia de rodilla<\/p><p>Otra lesi\u00f3n del menisco es la del menisco discoide. El menisco discoide es un tipo de menisco en forma de O y no de C, de tipo cong\u00e9nito, del menisco externo, produciendo\u00a0 resaltos dolorosos en cara externa de rodilla<\/p><p><b>4. \u00bfCu\u00e1les son los plazos de recuperaci\u00f3n de cirug\u00eda de menisco?<\/b><\/p><p>En caso de sutura meniscal el tiempo de recuperaci\u00f3n es m\u00e1s largo, tras un tiempo de reposo se comienza la flexi\u00f3n de rodilla a las dos semanas, el apoyo parcial a las 4 &#8211; 6 semanas y el regreso a la actividad deportiva de impacto es de 3 &#8211; 5 meses<\/p><p>En las meniscetomias parciales el apoyo es inmediato, flexi\u00f3n de rodilla el mismo d\u00eda de intervenci\u00f3n, uso de muletas durante 2-3 semanas y regreso a la actividad diaria normal a las 4 semanas, deportivas (bici, nataci\u00f3n, caminatas) 4-5 semanas y deportes de impacto 2 meses<\/p>\t\t\t\t\t\t\t\t<\/div>\n\t\t\t\t<\/div>\n\t\t\t\t\t<\/div>\n\t\t<\/div>\n\t\t\t\t\t<\/div>\n\t\t<\/section>\n\t\t\t\t<section class=\"elementor-section elementor-top-section elementor-element elementor-element-25616115 elementor-section-boxed elementor-section-height-default elementor-section-height-default\" data-id=\"25616115\" data-element_type=\"section\">\n\t\t\t\t\t\t<div class=\"elementor-container elementor-column-gap-default\">\n\t\t\t\t\t<div class=\"elementor-column elementor-col-100 elementor-top-column elementor-element elementor-element-7b90608e\" data-id=\"7b90608e\" data-element_type=\"column\">\n\t\t\t<div class=\"elementor-widget-wrap elementor-element-populated\">\n\t\t\t\t\t\t<div class=\"elementor-element elementor-element-1b80f328 elementor-widget elementor-widget-heading\" data-id=\"1b80f328\" data-element_type=\"widget\" data-widget_type=\"heading.default\">\n\t\t\t\t<div class=\"elementor-widget-container\">\n\t\t\t\t\t<h2 class=\"elementor-heading-title elementor-size-default\">Art\u00edculos relacionados<\/h2>\t\t\t\t<\/div>\n\t\t\t\t<\/div>\n\t\t\t\t<div class=\"elementor-element elementor-element-205afe0b elementor-icon-list--layout-traditional elementor-list-item-link-full_width elementor-widget elementor-widget-icon-list\" data-id=\"205afe0b\" data-element_type=\"widget\" data-widget_type=\"icon-list.default\">\n\t\t\t\t<div class=\"elementor-widget-container\">\n\t\t\t\t\t\t\t<ul class=\"elementor-icon-list-items\">\n\t\t\t\t\t\t\t<li class=\"elementor-icon-list-item\">\n\t\t\t\t\t\t\t\t\t\t\t<span class=\"elementor-icon-list-icon\">\n\t\t\t\t\t\t\t\t\t\t\t\t\t\t\t\t<i class=\"fa fa-chevron-right\" aria-hidden=\"true\"><\/i>\n\t\t\t\t\t\t\t\t\t\t\t\t\t<\/span>\n\t\t\t\t\t\t\t\t\t\t<span class=\"elementor-icon-list-text\">Cirug\u00eda Carles Puyol - Quiste de Baquer<\/span>\n\t\t\t\t\t\t\t\t\t<\/li>\n\t\t\t\t\t\t\t\t<li class=\"elementor-icon-list-item\">\n\t\t\t\t\t\t\t\t\t\t\t<span class=\"elementor-icon-list-icon\">\n\t\t\t\t\t\t\t\t\t\t\t\t\t\t\t\t<i class=\"fa fa-chevron-right\" aria-hidden=\"true\"><\/i>\n\t\t\t\t\t\t\t\t\t\t\t\t\t<\/span>\n\t\t\t\t\t\t\t\t\t\t<span class=\"elementor-icon-list-text\">Matins a TV3 - El desgaste de las articulaciones<\/span>\n\t\t\t\t\t\t\t\t\t<\/li>\n\t\t\t\t\t\t\t\t<li class=\"elementor-icon-list-item\">\n\t\t\t\t\t\t\t\t\t\t\t<span class=\"elementor-icon-list-icon\">\n\t\t\t\t\t\t\t\t\t\t\t\t\t\t\t\t<i class=\"fa fa-chevron-right\" aria-hidden=\"true\"><\/i>\n\t\t\t\t\t\t\t\t\t\t\t\t\t<\/span>\n\t\t\t\t\t\t\t\t\t\t<span class=\"elementor-icon-list-text\">Lesi\u00f3n Rafa Nadal (Tend\u00f3n Rotuliano)<\/span>\n\t\t\t\t\t\t\t\t\t<\/li>\n\t\t\t\t\t\t<\/ul>\n\t\t\t\t\t\t<\/div>\n\t\t\t\t<\/div>\n\t\t\t\t\t<\/div>\n\t\t<\/div>\n\t\t\t\t\t<\/div>\n\t\t<\/section>\n\t\t\t\t<\/div>\n\t\t","protected":false},"excerpt":{"rendered":"<p>Menisco 1. \u00bfQue es el menisco? Es un fibrocart\u00edlago (especie de coj\u00edn) en forma de medialuna, localizado entre el f\u00e9mur y la tibia en n\u00famero de dos (interno-externo) cuya funci\u00f3n mas especifica es la de actuar como una especie de almohadilla para absorber los impactos, nutrir al cart\u00edlago, e intervenir en los movimientos de la &#8230; <a title=\"Menisco\" class=\"read-more\" href=\"https:\/\/ingenieriadebarcelona.es\/?page_id=395\" aria-label=\"Leer m\u00e1s sobre Menisco\">Read more<\/a><\/p>\n","protected":false},"author":1,"featured_media":0,"parent":371,"menu_order":0,"comment_status":"closed","ping_status":"closed","template":"","meta":{"footnotes":""},"class_list":["post-395","page","type-page","status-publish"],"yoast_head":"<!-- This site is optimized with the Yoast SEO plugin v26.3 - https:\/\/yoast.com\/wordpress\/plugins\/seo\/ -->\n<title>Menisco - Artroesport<\/title>\n<meta name=\"robots\" content=\"index, follow, max-snippet:-1, max-image-preview:large, max-video-preview:-1\" \/>\n<link rel=\"canonical\" href=\"https:\/\/ingenieriadebarcelona.es\/?page_id=395\" \/>\n<meta property=\"og:locale\" content=\"es_ES\" \/>\n<meta property=\"og:type\" content=\"article\" \/>\n<meta property=\"og:title\" content=\"Menisco - Artroesport\" \/>\n<meta property=\"og:description\" content=\"Menisco 1. \u00bfQue es el menisco? Es un fibrocart\u00edlago (especie de coj\u00edn) en forma de medialuna, localizado entre el f\u00e9mur y la tibia en n\u00famero de dos (interno-externo) cuya funci\u00f3n mas especifica es la de actuar como una especie de almohadilla para absorber los impactos, nutrir al cart\u00edlago, e intervenir en los movimientos de la ... Read more\" \/>\n<meta property=\"og:url\" content=\"https:\/\/ingenieriadebarcelona.es\/?page_id=395\" \/>\n<meta property=\"og:site_name\" content=\"Artroesport\" \/>\n<meta property=\"article:modified_time\" content=\"2019-03-25T12:47:34+00:00\" \/>\n<meta name=\"twitter:card\" content=\"summary_large_image\" \/>\n<meta name=\"twitter:label1\" content=\"Tiempo de lectura\" \/>\n\t<meta name=\"twitter:data1\" content=\"2 minutos\" \/>\n<script type=\"application\/ld+json\" class=\"yoast-schema-graph\">{\"@context\":\"https:\/\/schema.org\",\"@graph\":[{\"@type\":\"WebPage\",\"@id\":\"https:\/\/ingenieriadebarcelona.es\/?page_id=395\",\"url\":\"https:\/\/ingenieriadebarcelona.es\/?page_id=395\",\"name\":\"Menisco - Artroesport\",\"isPartOf\":{\"@id\":\"https:\/\/ingenieriadebarcelona.es\/#website\"},\"datePublished\":\"2019-03-25T11:57:03+00:00\",\"dateModified\":\"2019-03-25T12:47:34+00:00\",\"breadcrumb\":{\"@id\":\"https:\/\/ingenieriadebarcelona.es\/?page_id=395#breadcrumb\"},\"inLanguage\":\"es\",\"potentialAction\":[{\"@type\":\"ReadAction\",\"target\":[\"https:\/\/ingenieriadebarcelona.es\/?page_id=395\"]}]},{\"@type\":\"BreadcrumbList\",\"@id\":\"https:\/\/ingenieriadebarcelona.es\/?page_id=395#breadcrumb\",\"itemListElement\":[{\"@type\":\"ListItem\",\"position\":1,\"name\":\"Inicio\",\"item\":\"https:\/\/ingenieriadebarcelona.es\/\"},{\"@type\":\"ListItem\",\"position\":2,\"name\":\"Traumatolog\u00eda\",\"item\":\"https:\/\/ingenieriadebarcelona.es\/?page_id=371\"},{\"@type\":\"ListItem\",\"position\":3,\"name\":\"Menisco\"}]},{\"@type\":\"WebSite\",\"@id\":\"https:\/\/ingenieriadebarcelona.es\/#website\",\"url\":\"https:\/\/ingenieriadebarcelona.es\/\",\"name\":\"Artroesport\",\"description\":\"Artroesport\",\"publisher\":{\"@id\":\"https:\/\/ingenieriadebarcelona.es\/#organization\"},\"potentialAction\":[{\"@type\":\"SearchAction\",\"target\":{\"@type\":\"EntryPoint\",\"urlTemplate\":\"https:\/\/ingenieriadebarcelona.es\/?s={search_term_string}\"},\"query-input\":{\"@type\":\"PropertyValueSpecification\",\"valueRequired\":true,\"valueName\":\"search_term_string\"}}],\"inLanguage\":\"es\"},{\"@type\":\"Organization\",\"@id\":\"https:\/\/ingenieriadebarcelona.es\/#organization\",\"name\":\"Artroesport\",\"url\":\"https:\/\/ingenieriadebarcelona.es\/\",\"logo\":{\"@type\":\"ImageObject\",\"inLanguage\":\"es\",\"@id\":\"https:\/\/ingenieriadebarcelona.es\/#\/schema\/logo\/image\/\",\"url\":\"https:\/\/ingenieriadebarcelona.es\/wp-content\/uploads\/2019\/04\/Logo_web-300.png\",\"contentUrl\":\"https:\/\/ingenieriadebarcelona.es\/wp-content\/uploads\/2019\/04\/Logo_web-300.png\",\"width\":300,\"height\":45,\"caption\":\"Artroesport\"},\"image\":{\"@id\":\"https:\/\/ingenieriadebarcelona.es\/#\/schema\/logo\/image\/\"}}]}<\/script>\n<!-- \/ Yoast SEO plugin. -->","yoast_head_json":{"title":"Menisco - Artroesport","robots":{"index":"index","follow":"follow","max-snippet":"max-snippet:-1","max-image-preview":"max-image-preview:large","max-video-preview":"max-video-preview:-1"},"canonical":"https:\/\/ingenieriadebarcelona.es\/?page_id=395","og_locale":"es_ES","og_type":"article","og_title":"Menisco - Artroesport","og_description":"Menisco 1. \u00bfQue es el menisco? Es un fibrocart\u00edlago (especie de coj\u00edn) en forma de medialuna, localizado entre el f\u00e9mur y la tibia en n\u00famero de dos (interno-externo) cuya funci\u00f3n mas especifica es la de actuar como una especie de almohadilla para absorber los impactos, nutrir al cart\u00edlago, e intervenir en los movimientos de la ... Read more","og_url":"https:\/\/ingenieriadebarcelona.es\/?page_id=395","og_site_name":"Artroesport","article_modified_time":"2019-03-25T12:47:34+00:00","twitter_card":"summary_large_image","twitter_misc":{"Tiempo de lectura":"2 minutos"},"schema":{"@context":"https:\/\/schema.org","@graph":[{"@type":"WebPage","@id":"https:\/\/ingenieriadebarcelona.es\/?page_id=395","url":"https:\/\/ingenieriadebarcelona.es\/?page_id=395","name":"Menisco - Artroesport","isPartOf":{"@id":"https:\/\/ingenieriadebarcelona.es\/#website"},"datePublished":"2019-03-25T11:57:03+00:00","dateModified":"2019-03-25T12:47:34+00:00","breadcrumb":{"@id":"https:\/\/ingenieriadebarcelona.es\/?page_id=395#breadcrumb"},"inLanguage":"es","potentialAction":[{"@type":"ReadAction","target":["https:\/\/ingenieriadebarcelona.es\/?page_id=395"]}]},{"@type":"BreadcrumbList","@id":"https:\/\/ingenieriadebarcelona.es\/?page_id=395#breadcrumb","itemListElement":[{"@type":"ListItem","position":1,"name":"Inicio","item":"https:\/\/ingenieriadebarcelona.es\/"},{"@type":"ListItem","position":2,"name":"Traumatolog\u00eda","item":"https:\/\/ingenieriadebarcelona.es\/?page_id=371"},{"@type":"ListItem","position":3,"name":"Menisco"}]},{"@type":"WebSite","@id":"https:\/\/ingenieriadebarcelona.es\/#website","url":"https:\/\/ingenieriadebarcelona.es\/","name":"Artroesport","description":"Artroesport","publisher":{"@id":"https:\/\/ingenieriadebarcelona.es\/#organization"},"potentialAction":[{"@type":"SearchAction","target":{"@type":"EntryPoint","urlTemplate":"https:\/\/ingenieriadebarcelona.es\/?s={search_term_string}"},"query-input":{"@type":"PropertyValueSpecification","valueRequired":true,"valueName":"search_term_string"}}],"inLanguage":"es"},{"@type":"Organization","@id":"https:\/\/ingenieriadebarcelona.es\/#organization","name":"Artroesport","url":"https:\/\/ingenieriadebarcelona.es\/","logo":{"@type":"ImageObject","inLanguage":"es","@id":"https:\/\/ingenieriadebarcelona.es\/#\/schema\/logo\/image\/","url":"https:\/\/ingenieriadebarcelona.es\/wp-content\/uploads\/2019\/04\/Logo_web-300.png","contentUrl":"https:\/\/ingenieriadebarcelona.es\/wp-content\/uploads\/2019\/04\/Logo_web-300.png","width":300,"height":45,"caption":"Artroesport"},"image":{"@id":"https:\/\/ingenieriadebarcelona.es\/#\/schema\/logo\/image\/"}}]}},"_links":{"self":[{"href":"https:\/\/ingenieriadebarcelona.es\/index.php?rest_route=\/wp\/v2\/pages\/395","targetHints":{"allow":["GET"]}}],"collection":[{"href":"https:\/\/ingenieriadebarcelona.es\/index.php?rest_route=\/wp\/v2\/pages"}],"about":[{"href":"https:\/\/ingenieriadebarcelona.es\/index.php?rest_route=\/wp\/v2\/types\/page"}],"author":[{"embeddable":true,"href":"https:\/\/ingenieriadebarcelona.es\/index.php?rest_route=\/wp\/v2\/users\/1"}],"replies":[{"embeddable":true,"href":"https:\/\/ingenieriadebarcelona.es\/index.php?rest_route=%2Fwp%2Fv2%2Fcomments&post=395"}],"version-history":[{"count":0,"href":"https:\/\/ingenieriadebarcelona.es\/index.php?rest_route=\/wp\/v2\/pages\/395\/revisions"}],"up":[{"embeddable":true,"href":"https:\/\/ingenieriadebarcelona.es\/index.php?rest_route=\/wp\/v2\/pages\/371"}],"wp:attachment":[{"href":"https:\/\/ingenieriadebarcelona.es\/index.php?rest_route=%2Fwp%2Fv2%2Fmedia&parent=395"}],"curies":[{"name":"wp","href":"https:\/\/api.w.org\/{rel}","templated":true}]}}