{"id":398,"date":"2019-03-25T12:12:06","date_gmt":"2019-03-25T12:12:06","guid":{"rendered":"https:\/\/ingenieriadebarcelona.es\/?page_id=398"},"modified":"2019-10-23T13:29:57","modified_gmt":"2019-10-23T13:29:57","slug":"ligamento-cruzado-anterior","status":"publish","type":"page","link":"https:\/\/ingenieriadebarcelona.es\/?page_id=398","title":{"rendered":"Ligamento Cruzado Anterior"},"content":{"rendered":"\t\t<div data-elementor-type=\"wp-post\" data-elementor-id=\"398\" class=\"elementor elementor-398\" data-elementor-post-type=\"page\">\n\t\t\t\t\t\t<section class=\"elementor-section elementor-top-section elementor-element elementor-element-c9818a5 elementor-section-boxed elementor-section-height-default elementor-section-height-default\" data-id=\"c9818a5\" data-element_type=\"section\" data-settings=\"{&quot;background_background&quot;:&quot;classic&quot;}\">\n\t\t\t\t\t\t<div class=\"elementor-container elementor-column-gap-default\">\n\t\t\t\t\t<div class=\"elementor-column elementor-col-100 elementor-top-column elementor-element elementor-element-23838e7d\" data-id=\"23838e7d\" data-element_type=\"column\">\n\t\t\t<div class=\"elementor-widget-wrap elementor-element-populated\">\n\t\t\t\t\t\t<div class=\"elementor-element elementor-element-3a090329 elementor-widget elementor-widget-heading\" data-id=\"3a090329\" data-element_type=\"widget\" data-widget_type=\"heading.default\">\n\t\t\t\t<div class=\"elementor-widget-container\">\n\t\t\t\t\t<h1 class=\"elementor-heading-title elementor-size-default\">Ligamento Cruzado Anterior<\/h1>\t\t\t\t<\/div>\n\t\t\t\t<\/div>\n\t\t\t\t\t<\/div>\n\t\t<\/div>\n\t\t\t\t\t<\/div>\n\t\t<\/section>\n\t\t\t\t<section class=\"elementor-section elementor-top-section elementor-element elementor-element-5a374d49 elementor-section-boxed elementor-section-height-default elementor-section-height-default\" data-id=\"5a374d49\" data-element_type=\"section\">\n\t\t\t\t\t\t<div class=\"elementor-container elementor-column-gap-default\">\n\t\t\t\t\t<div class=\"elementor-column elementor-col-100 elementor-top-column elementor-element elementor-element-5f037611\" data-id=\"5f037611\" data-element_type=\"column\">\n\t\t\t<div class=\"elementor-widget-wrap elementor-element-populated\">\n\t\t\t\t\t\t<div class=\"elementor-element elementor-element-36876db4 elementor-widget elementor-widget-breadcrumbs\" data-id=\"36876db4\" data-element_type=\"widget\" data-widget_type=\"breadcrumbs.default\">\n\t\t\t\t<div class=\"elementor-widget-container\">\n\t\t\t\t\t<p id=\"breadcrumbs\"><span><span><a href=\"https:\/\/ingenieriadebarcelona.es\/\">Inicio<\/a><\/span><\/span><\/p>\t\t\t\t<\/div>\n\t\t\t\t<\/div>\n\t\t\t\t\t<\/div>\n\t\t<\/div>\n\t\t\t\t\t<\/div>\n\t\t<\/section>\n\t\t\t\t<section class=\"elementor-section elementor-top-section elementor-element elementor-element-782df2b2 elementor-section-boxed elementor-section-height-default elementor-section-height-default\" data-id=\"782df2b2\" data-element_type=\"section\">\n\t\t\t\t\t\t<div class=\"elementor-container elementor-column-gap-default\">\n\t\t\t\t\t<div class=\"elementor-column elementor-col-100 elementor-top-column elementor-element elementor-element-3a6fcb43\" data-id=\"3a6fcb43\" data-element_type=\"column\">\n\t\t\t<div class=\"elementor-widget-wrap elementor-element-populated\">\n\t\t\t\t\t\t<div class=\"elementor-element elementor-element-4d22a9bf elementor-widget elementor-widget-text-editor\" data-id=\"4d22a9bf\" data-element_type=\"widget\" data-widget_type=\"text-editor.default\">\n\t\t\t\t<div class=\"elementor-widget-container\">\n\t\t\t\t\t\t\t\t\t<p><strong>1. \u00bfQu\u00e9 es el ligamento cruzado anterior (LCA)?<\/strong><\/p><p>Es una estructura localizada entre la zona central de la tibia y la cara p\u00f3steroexterna del f\u00e9mur. Representa El principal mecanismo de freno hacia delante de la tibia con respecto al f\u00e9mur\u00a0 y\u00a0 la rotaci\u00f3n externa de la tibia.<\/p><p>Es indispensable la indemnidad\u00a0 del ligamento cruzado anterior para la pr\u00e1ctica de deportes de impacto y p\u00edvot (f\u00fatbol, baloncesto, ski, padel, tenis, voley, snow)<\/p><p><strong>2. \u00bfCausas de lesiones del LCA?<\/strong><\/p><p>En general la principal causa de lesiones del ligamento cruzado anterior es por mecanismo indirecto, al producirse un cambio de direcci\u00f3n brusca con desaceleraci\u00f3n, pie fijo y rotaci\u00f3n de rodilla. Otras veces puede ser traum\u00e1tica con rodilla en extensi\u00f3n y golpe sobre parte lateral de la rodilla.<\/p><p>En el momento de producirse la lesi\u00f3n del LCA el paciente al ponerse de pie, siente que la rodilla se le \u00absale\u00bb(inestabilidad), nota generalmente un chasquido fuerte en el interior de la rodilla (ruptura), no pudiendo continuar con la practica deportiva en ese momento, y con inflamaci\u00f3n casi inmediata de la rodilla.<\/p><p><strong>3. Diagn\u00f3stico<\/strong><\/p><p>Es fundamental para el diagnostico un riguroso examen f\u00edsico en donde se pregunta al paciente (como se lo hizo, que gesto realizo, si continuo o no jugando, si nota inestabilidad, si se le hincho r\u00e1pidamente la rodilla), la exploraci\u00f3n de la rodilla (maniobras del bostezo, lachman, caj\u00f3n anterior, pivote shift), la artrocentesis (punci\u00f3n de la rodilla) que generalmente en las rupturas agudas del ligamento cruzado anterior acompa\u00f1an de hemartros (sangre a la punci\u00f3n ) y como la palabra lo dice los ex\u00e1menes complementarios como Rx de rodilla para descartar alguna lesi\u00f3n \u00f3sea, y la RNM de rodilla.<\/p><p>Es importante hacer un apartado con respecto a la RNM porque puede llevar a diagn\u00f3sticos err\u00f3neos al tener falsos negativos, ya que al ser una prueba est\u00e1tica y no din\u00e1mica, puede informarse como LCA normal, y tener una ruptura proximal en la inserci\u00f3n del f\u00e9mur. Por eso hacemos hincapi\u00e9 que es muy importante el examen f\u00edsico junto con las sensaciones subjetivas\u00a0 del paciente encontrando un diagnostico en casi el 80% de los casos.<\/p><p><strong>4. Tipos de tratamiento<\/strong><\/p><p>En general es quir\u00fargico<\/p><p>El tratamiento no quir\u00fargico esta reservado para:<\/p><ul><li>Pacientes mayores y con una demanda f\u00edsica baja de la rodilla<\/li><\/ul><ul><li>Pacientes adultos con vida sedentaria o que hacen deportes ocasionalmente y que no tienen sensaci\u00f3n de inestabilidad<\/li><\/ul><ul><li>Que no haya lesiones asociadas (menisco)<\/li><\/ul><p>En estos casos se debe concienciar al paciente para realizar un programa de rehabilitaci\u00f3n, que consiste tanto en reforzar la musculatura extensora de la rodilla (cuadriceps) como la flexora (isquiotibilales), porque esta lesi\u00f3n produce r\u00e1pidamente una hipotrofia muscular de dicha musculatura que aumentar\u00eda mas la inestabilidad.<\/p><p>Se aconseja el uso de rodillera articulada cuando realice alguna actividad f\u00edsica ocasional.<\/p><p><strong>5. Tratamiento quir\u00fargico\u00a0<a href=\"https:\/\/ingenieriadebarcelona.es\/traumatologia\/artroscopia\/\" target=\"_blank\" rel=\"noopener\">artrosc\u00f3pico<\/a><\/strong><\/p><p>Consiste en realizar una plastia del ligamento cruzado anterior o sea cambiar el LCA roto por injerto de tendones que puede ser autoinjerto (del mismo paciente) o aloinjertos (tendones de cad\u00e1ver).<\/p><p>Autoinjerto: puede ser de hueso tend\u00f3n hueso (hth) rotuliano o de la pata de ganso, semitendinoso-recto interno.<\/p><p>Las dos son muy buenos injertos, y depende de la experiencia y resultado que tenga cada cirujano artroscopista.<\/p><p>Personalmente la t\u00e9cnica m\u00e1s usada es con semitendinoso recto interno, debido a que los resultados obtenidos son muy buenos, es menos agresiva que\u00a0 el hth y con menos morbilidad (menor signo de tendinitis).<\/p><p>Como sistema de fijaci\u00f3n usamos el rigifix (agujas de polilactico) en numero de dos para la fijaci\u00f3n proximal\u00a0 del injerto, y a nivel distan tibial colocamos una vaina de hidroxiapatita con tornillo intrafix tambi\u00e9n de hidroxiapatita\u00a0 de di\u00e1metros y longitudes diferentes de acuerdo al di\u00e1metro de injerto y longitud del t\u00fanel tibial.<\/p><p><strong>6. Postoperatorio<\/strong><\/p><p>El paciente sale de quir\u00f3fano con vendaje compresivo desde ingle al pie y drenaje intraarticular.<\/p><p>Al d\u00eda siguiente quitamos redon,\u00a0 vendaje y comenzamos con movilizaci\u00f3n de rodilla de acuerdo con la tolerancia del paciente, intentando llegar a 80-90, apoyo parcial con muletas seg\u00fan la tolerancia al dolor, y alta hospitalaria. Se cita al paciente a los 7-10 d\u00edas para quitar puntos y se indica plan de recuperaci\u00f3n con fisioterapia, que consiste\u00a0 en varias etapas. En una primera etapa es prioritaria las medidas antiinflamatorias (crioterapia, electroanalgesia, ultrasonido) ganar movilidad flexo extensi\u00f3n (hacer hincapi\u00e9 en extensi\u00f3n), movilidad rotuliana para evitar adherencias.<\/p><p>A partir del mes se comienza con tonificaci\u00f3n muscular.<\/p><p>Las etapas sucesivas consisten en potenciar musculatura y ejercicios de propiocepcion (estabilidad).<\/p><p>Se comienza con deportes de impacto y cambios de direcciones aproximadamente a los 6 meses, periodo en la que el injerto se ha \u00abligamentizado\u00bb\u00a0 o sea se ha revascularizado.<\/p>\t\t\t\t\t\t\t\t<\/div>\n\t\t\t\t<\/div>\n\t\t\t\t\t<\/div>\n\t\t<\/div>\n\t\t\t\t\t<\/div>\n\t\t<\/section>\n\t\t\t\t<section class=\"elementor-section elementor-top-section elementor-element elementor-element-73db26f2 elementor-section-boxed elementor-section-height-default elementor-section-height-default\" data-id=\"73db26f2\" data-element_type=\"section\">\n\t\t\t\t\t\t<div class=\"elementor-container elementor-column-gap-default\">\n\t\t\t\t\t<div class=\"elementor-column elementor-col-100 elementor-top-column elementor-element elementor-element-2dc2b99\" data-id=\"2dc2b99\" data-element_type=\"column\">\n\t\t\t<div class=\"elementor-widget-wrap elementor-element-populated\">\n\t\t\t\t\t\t<div class=\"elementor-element elementor-element-fe09487 elementor-widget elementor-widget-heading\" data-id=\"fe09487\" data-element_type=\"widget\" data-widget_type=\"heading.default\">\n\t\t\t\t<div class=\"elementor-widget-container\">\n\t\t\t\t\t<h2 class=\"elementor-heading-title elementor-size-default\">Art\u00edculos relacionados<\/h2>\t\t\t\t<\/div>\n\t\t\t\t<\/div>\n\t\t\t\t<div class=\"elementor-element elementor-element-1bc441ad elementor-icon-list--layout-traditional elementor-list-item-link-full_width elementor-widget elementor-widget-icon-list\" data-id=\"1bc441ad\" data-element_type=\"widget\" data-widget_type=\"icon-list.default\">\n\t\t\t\t<div class=\"elementor-widget-container\">\n\t\t\t\t\t\t\t<ul class=\"elementor-icon-list-items\">\n\t\t\t\t\t\t\t<li class=\"elementor-icon-list-item\">\n\t\t\t\t\t\t\t\t\t\t\t<span class=\"elementor-icon-list-icon\">\n\t\t\t\t\t\t\t\t\t\t\t\t\t\t\t\t<i class=\"fa fa-chevron-right\" aria-hidden=\"true\"><\/i>\n\t\t\t\t\t\t\t\t\t\t\t\t\t<\/span>\n\t\t\t\t\t\t\t\t\t\t<span class=\"elementor-icon-list-text\">Cirug\u00eda Carles Puyol - Quiste de Baquer<\/span>\n\t\t\t\t\t\t\t\t\t<\/li>\n\t\t\t\t\t\t\t\t<li class=\"elementor-icon-list-item\">\n\t\t\t\t\t\t\t\t\t\t\t<span class=\"elementor-icon-list-icon\">\n\t\t\t\t\t\t\t\t\t\t\t\t\t\t\t\t<i class=\"fa fa-chevron-right\" aria-hidden=\"true\"><\/i>\n\t\t\t\t\t\t\t\t\t\t\t\t\t<\/span>\n\t\t\t\t\t\t\t\t\t\t<span class=\"elementor-icon-list-text\">Matins a TV3 - El desgaste de las articulaciones<\/span>\n\t\t\t\t\t\t\t\t\t<\/li>\n\t\t\t\t\t\t\t\t<li class=\"elementor-icon-list-item\">\n\t\t\t\t\t\t\t\t\t\t\t<span class=\"elementor-icon-list-icon\">\n\t\t\t\t\t\t\t\t\t\t\t\t\t\t\t\t<i class=\"fa fa-chevron-right\" aria-hidden=\"true\"><\/i>\n\t\t\t\t\t\t\t\t\t\t\t\t\t<\/span>\n\t\t\t\t\t\t\t\t\t\t<span class=\"elementor-icon-list-text\">Lesi\u00f3n Rafa Nadal (Tend\u00f3n Rotuliano)<\/span>\n\t\t\t\t\t\t\t\t\t<\/li>\n\t\t\t\t\t\t<\/ul>\n\t\t\t\t\t\t<\/div>\n\t\t\t\t<\/div>\n\t\t\t\t<div class=\"elementor-element elementor-element-2440272 elementor-widget elementor-widget-spacer\" data-id=\"2440272\" data-element_type=\"widget\" data-widget_type=\"spacer.default\">\n\t\t\t\t<div class=\"elementor-widget-container\">\n\t\t\t\t\t\t\t<div class=\"elementor-spacer\">\n\t\t\t<div class=\"elementor-spacer-inner\"><\/div>\n\t\t<\/div>\n\t\t\t\t\t\t<\/div>\n\t\t\t\t<\/div>\n\t\t\t\t\t<\/div>\n\t\t<\/div>\n\t\t\t\t\t<\/div>\n\t\t<\/section>\n\t\t\t\t<\/div>\n\t\t","protected":false},"excerpt":{"rendered":"<p>Ligamento Cruzado Anterior 1. \u00bfQu\u00e9 es el ligamento cruzado anterior (LCA)? Es una estructura localizada entre la zona central de la tibia y la cara p\u00f3steroexterna del f\u00e9mur. Representa El principal mecanismo de freno hacia delante de la tibia con respecto al f\u00e9mur\u00a0 y\u00a0 la rotaci\u00f3n externa de la tibia. Es indispensable la indemnidad\u00a0 del &#8230; <a title=\"Ligamento Cruzado Anterior\" class=\"read-more\" href=\"https:\/\/ingenieriadebarcelona.es\/?page_id=398\" aria-label=\"Leer m\u00e1s sobre Ligamento Cruzado Anterior\">Read more<\/a><\/p>\n","protected":false},"author":1,"featured_media":0,"parent":371,"menu_order":0,"comment_status":"closed","ping_status":"closed","template":"","meta":{"footnotes":""},"class_list":["post-398","page","type-page","status-publish"],"yoast_head":"<!-- This site is optimized with the Yoast SEO plugin v26.3 - https:\/\/yoast.com\/wordpress\/plugins\/seo\/ -->\n<title>Ligamento Cruzado Anterior - Artroesport<\/title>\n<meta name=\"robots\" content=\"index, follow, max-snippet:-1, max-image-preview:large, max-video-preview:-1\" \/>\n<link rel=\"canonical\" href=\"https:\/\/ingenieriadebarcelona.es\/?page_id=398\" \/>\n<meta property=\"og:locale\" content=\"es_ES\" \/>\n<meta property=\"og:type\" content=\"article\" \/>\n<meta property=\"og:title\" content=\"Ligamento Cruzado Anterior - Artroesport\" \/>\n<meta property=\"og:description\" content=\"Ligamento Cruzado Anterior 1. \u00bfQu\u00e9 es el ligamento cruzado anterior (LCA)? Es una estructura localizada entre la zona central de la tibia y la cara p\u00f3steroexterna del f\u00e9mur. Representa El principal mecanismo de freno hacia delante de la tibia con respecto al f\u00e9mur\u00a0 y\u00a0 la rotaci\u00f3n externa de la tibia. Es indispensable la indemnidad\u00a0 del ... Read more\" \/>\n<meta property=\"og:url\" content=\"https:\/\/ingenieriadebarcelona.es\/?page_id=398\" \/>\n<meta property=\"og:site_name\" content=\"Artroesport\" \/>\n<meta property=\"article:modified_time\" content=\"2019-10-23T13:29:57+00:00\" \/>\n<meta name=\"twitter:card\" content=\"summary_large_image\" \/>\n<meta name=\"twitter:label1\" content=\"Tiempo de lectura\" \/>\n\t<meta name=\"twitter:data1\" content=\"4 minutos\" \/>\n<script type=\"application\/ld+json\" class=\"yoast-schema-graph\">{\"@context\":\"https:\/\/schema.org\",\"@graph\":[{\"@type\":\"WebPage\",\"@id\":\"https:\/\/ingenieriadebarcelona.es\/?page_id=398\",\"url\":\"https:\/\/ingenieriadebarcelona.es\/?page_id=398\",\"name\":\"Ligamento Cruzado Anterior - Artroesport\",\"isPartOf\":{\"@id\":\"https:\/\/ingenieriadebarcelona.es\/#website\"},\"datePublished\":\"2019-03-25T12:12:06+00:00\",\"dateModified\":\"2019-10-23T13:29:57+00:00\",\"breadcrumb\":{\"@id\":\"https:\/\/ingenieriadebarcelona.es\/?page_id=398#breadcrumb\"},\"inLanguage\":\"es\",\"potentialAction\":[{\"@type\":\"ReadAction\",\"target\":[\"https:\/\/ingenieriadebarcelona.es\/?page_id=398\"]}]},{\"@type\":\"BreadcrumbList\",\"@id\":\"https:\/\/ingenieriadebarcelona.es\/?page_id=398#breadcrumb\",\"itemListElement\":[{\"@type\":\"ListItem\",\"position\":1,\"name\":\"Inicio\",\"item\":\"https:\/\/ingenieriadebarcelona.es\/\"},{\"@type\":\"ListItem\",\"position\":2,\"name\":\"Traumatolog\u00eda\",\"item\":\"https:\/\/ingenieriadebarcelona.es\/?page_id=371\"},{\"@type\":\"ListItem\",\"position\":3,\"name\":\"Ligamento Cruzado Anterior\"}]},{\"@type\":\"WebSite\",\"@id\":\"https:\/\/ingenieriadebarcelona.es\/#website\",\"url\":\"https:\/\/ingenieriadebarcelona.es\/\",\"name\":\"Artroesport\",\"description\":\"Artroesport\",\"publisher\":{\"@id\":\"https:\/\/ingenieriadebarcelona.es\/#organization\"},\"potentialAction\":[{\"@type\":\"SearchAction\",\"target\":{\"@type\":\"EntryPoint\",\"urlTemplate\":\"https:\/\/ingenieriadebarcelona.es\/?s={search_term_string}\"},\"query-input\":{\"@type\":\"PropertyValueSpecification\",\"valueRequired\":true,\"valueName\":\"search_term_string\"}}],\"inLanguage\":\"es\"},{\"@type\":\"Organization\",\"@id\":\"https:\/\/ingenieriadebarcelona.es\/#organization\",\"name\":\"Artroesport\",\"url\":\"https:\/\/ingenieriadebarcelona.es\/\",\"logo\":{\"@type\":\"ImageObject\",\"inLanguage\":\"es\",\"@id\":\"https:\/\/ingenieriadebarcelona.es\/#\/schema\/logo\/image\/\",\"url\":\"https:\/\/ingenieriadebarcelona.es\/wp-content\/uploads\/2019\/04\/Logo_web-300.png\",\"contentUrl\":\"https:\/\/ingenieriadebarcelona.es\/wp-content\/uploads\/2019\/04\/Logo_web-300.png\",\"width\":300,\"height\":45,\"caption\":\"Artroesport\"},\"image\":{\"@id\":\"https:\/\/ingenieriadebarcelona.es\/#\/schema\/logo\/image\/\"}}]}<\/script>\n<!-- \/ Yoast SEO plugin. -->","yoast_head_json":{"title":"Ligamento Cruzado Anterior - Artroesport","robots":{"index":"index","follow":"follow","max-snippet":"max-snippet:-1","max-image-preview":"max-image-preview:large","max-video-preview":"max-video-preview:-1"},"canonical":"https:\/\/ingenieriadebarcelona.es\/?page_id=398","og_locale":"es_ES","og_type":"article","og_title":"Ligamento Cruzado Anterior - Artroesport","og_description":"Ligamento Cruzado Anterior 1. \u00bfQu\u00e9 es el ligamento cruzado anterior (LCA)? Es una estructura localizada entre la zona central de la tibia y la cara p\u00f3steroexterna del f\u00e9mur. Representa El principal mecanismo de freno hacia delante de la tibia con respecto al f\u00e9mur\u00a0 y\u00a0 la rotaci\u00f3n externa de la tibia. Es indispensable la indemnidad\u00a0 del ... Read more","og_url":"https:\/\/ingenieriadebarcelona.es\/?page_id=398","og_site_name":"Artroesport","article_modified_time":"2019-10-23T13:29:57+00:00","twitter_card":"summary_large_image","twitter_misc":{"Tiempo de lectura":"4 minutos"},"schema":{"@context":"https:\/\/schema.org","@graph":[{"@type":"WebPage","@id":"https:\/\/ingenieriadebarcelona.es\/?page_id=398","url":"https:\/\/ingenieriadebarcelona.es\/?page_id=398","name":"Ligamento Cruzado Anterior - Artroesport","isPartOf":{"@id":"https:\/\/ingenieriadebarcelona.es\/#website"},"datePublished":"2019-03-25T12:12:06+00:00","dateModified":"2019-10-23T13:29:57+00:00","breadcrumb":{"@id":"https:\/\/ingenieriadebarcelona.es\/?page_id=398#breadcrumb"},"inLanguage":"es","potentialAction":[{"@type":"ReadAction","target":["https:\/\/ingenieriadebarcelona.es\/?page_id=398"]}]},{"@type":"BreadcrumbList","@id":"https:\/\/ingenieriadebarcelona.es\/?page_id=398#breadcrumb","itemListElement":[{"@type":"ListItem","position":1,"name":"Inicio","item":"https:\/\/ingenieriadebarcelona.es\/"},{"@type":"ListItem","position":2,"name":"Traumatolog\u00eda","item":"https:\/\/ingenieriadebarcelona.es\/?page_id=371"},{"@type":"ListItem","position":3,"name":"Ligamento Cruzado Anterior"}]},{"@type":"WebSite","@id":"https:\/\/ingenieriadebarcelona.es\/#website","url":"https:\/\/ingenieriadebarcelona.es\/","name":"Artroesport","description":"Artroesport","publisher":{"@id":"https:\/\/ingenieriadebarcelona.es\/#organization"},"potentialAction":[{"@type":"SearchAction","target":{"@type":"EntryPoint","urlTemplate":"https:\/\/ingenieriadebarcelona.es\/?s={search_term_string}"},"query-input":{"@type":"PropertyValueSpecification","valueRequired":true,"valueName":"search_term_string"}}],"inLanguage":"es"},{"@type":"Organization","@id":"https:\/\/ingenieriadebarcelona.es\/#organization","name":"Artroesport","url":"https:\/\/ingenieriadebarcelona.es\/","logo":{"@type":"ImageObject","inLanguage":"es","@id":"https:\/\/ingenieriadebarcelona.es\/#\/schema\/logo\/image\/","url":"https:\/\/ingenieriadebarcelona.es\/wp-content\/uploads\/2019\/04\/Logo_web-300.png","contentUrl":"https:\/\/ingenieriadebarcelona.es\/wp-content\/uploads\/2019\/04\/Logo_web-300.png","width":300,"height":45,"caption":"Artroesport"},"image":{"@id":"https:\/\/ingenieriadebarcelona.es\/#\/schema\/logo\/image\/"}}]}},"_links":{"self":[{"href":"https:\/\/ingenieriadebarcelona.es\/index.php?rest_route=\/wp\/v2\/pages\/398","targetHints":{"allow":["GET"]}}],"collection":[{"href":"https:\/\/ingenieriadebarcelona.es\/index.php?rest_route=\/wp\/v2\/pages"}],"about":[{"href":"https:\/\/ingenieriadebarcelona.es\/index.php?rest_route=\/wp\/v2\/types\/page"}],"author":[{"embeddable":true,"href":"https:\/\/ingenieriadebarcelona.es\/index.php?rest_route=\/wp\/v2\/users\/1"}],"replies":[{"embeddable":true,"href":"https:\/\/ingenieriadebarcelona.es\/index.php?rest_route=%2Fwp%2Fv2%2Fcomments&post=398"}],"version-history":[{"count":0,"href":"https:\/\/ingenieriadebarcelona.es\/index.php?rest_route=\/wp\/v2\/pages\/398\/revisions"}],"up":[{"embeddable":true,"href":"https:\/\/ingenieriadebarcelona.es\/index.php?rest_route=\/wp\/v2\/pages\/371"}],"wp:attachment":[{"href":"https:\/\/ingenieriadebarcelona.es\/index.php?rest_route=%2Fwp%2Fv2%2Fmedia&parent=398"}],"curies":[{"name":"wp","href":"https:\/\/api.w.org\/{rel}","templated":true}]}}