{"id":401,"date":"2019-03-25T12:16:42","date_gmt":"2019-03-25T12:16:42","guid":{"rendered":"https:\/\/ingenieriadebarcelona.es\/?page_id=401"},"modified":"2019-03-26T10:53:38","modified_gmt":"2019-03-26T10:53:38","slug":"artroscopia","status":"publish","type":"page","link":"https:\/\/ingenieriadebarcelona.es\/?page_id=401","title":{"rendered":"Artroscopia"},"content":{"rendered":"\t\t<div data-elementor-type=\"wp-post\" data-elementor-id=\"401\" class=\"elementor elementor-401\" data-elementor-post-type=\"page\">\n\t\t\t\t\t\t<section class=\"elementor-section elementor-top-section elementor-element elementor-element-4b07f958 elementor-section-boxed elementor-section-height-default elementor-section-height-default\" data-id=\"4b07f958\" data-element_type=\"section\" data-settings=\"{&quot;background_background&quot;:&quot;classic&quot;}\">\n\t\t\t\t\t\t<div class=\"elementor-container elementor-column-gap-default\">\n\t\t\t\t\t<div class=\"elementor-column elementor-col-100 elementor-top-column elementor-element elementor-element-3aa9e28c\" data-id=\"3aa9e28c\" data-element_type=\"column\">\n\t\t\t<div class=\"elementor-widget-wrap elementor-element-populated\">\n\t\t\t\t\t\t<div class=\"elementor-element elementor-element-379bd9b9 elementor-widget elementor-widget-heading\" data-id=\"379bd9b9\" data-element_type=\"widget\" data-widget_type=\"heading.default\">\n\t\t\t\t<div class=\"elementor-widget-container\">\n\t\t\t\t\t<h1 class=\"elementor-heading-title elementor-size-default\">Artroscopia<\/h1>\t\t\t\t<\/div>\n\t\t\t\t<\/div>\n\t\t\t\t\t<\/div>\n\t\t<\/div>\n\t\t\t\t\t<\/div>\n\t\t<\/section>\n\t\t\t\t<section class=\"elementor-section elementor-top-section elementor-element elementor-element-d779246 elementor-section-boxed elementor-section-height-default elementor-section-height-default\" data-id=\"d779246\" data-element_type=\"section\">\n\t\t\t\t\t\t<div class=\"elementor-container elementor-column-gap-default\">\n\t\t\t\t\t<div class=\"elementor-column elementor-col-100 elementor-top-column elementor-element elementor-element-752ce96d\" data-id=\"752ce96d\" data-element_type=\"column\">\n\t\t\t<div class=\"elementor-widget-wrap elementor-element-populated\">\n\t\t\t\t\t\t<div class=\"elementor-element elementor-element-7b289ca2 elementor-widget elementor-widget-breadcrumbs\" data-id=\"7b289ca2\" data-element_type=\"widget\" data-widget_type=\"breadcrumbs.default\">\n\t\t\t\t<div class=\"elementor-widget-container\">\n\t\t\t\t\t<p id=\"breadcrumbs\"><span><span><a href=\"https:\/\/ingenieriadebarcelona.es\/\">Inicio<\/a><\/span><\/span><\/p>\t\t\t\t<\/div>\n\t\t\t\t<\/div>\n\t\t\t\t\t<\/div>\n\t\t<\/div>\n\t\t\t\t\t<\/div>\n\t\t<\/section>\n\t\t\t\t<section class=\"elementor-section elementor-top-section elementor-element elementor-element-49d1e29 elementor-section-boxed elementor-section-height-default elementor-section-height-default\" data-id=\"49d1e29\" data-element_type=\"section\">\n\t\t\t\t\t\t<div class=\"elementor-container elementor-column-gap-default\">\n\t\t\t\t\t<div class=\"elementor-column elementor-col-100 elementor-top-column elementor-element elementor-element-6bba2842\" data-id=\"6bba2842\" data-element_type=\"column\">\n\t\t\t<div class=\"elementor-widget-wrap elementor-element-populated\">\n\t\t\t\t\t\t<div class=\"elementor-element elementor-element-6a3109c elementor-widget elementor-widget-text-editor\" data-id=\"6a3109c\" data-element_type=\"widget\" data-widget_type=\"text-editor.default\">\n\t\t\t\t<div class=\"elementor-widget-container\">\n\t\t\t\t\t\t\t\t\t<p><b>1. \u00bfQu\u00e9 es?<\/b><\/p><p>La artroscopia es un procedimiento quir\u00fargico usado para visualizar, diagnosticar y tratar problemas en las articulaciones.<\/p><p>La palabra artroscopia proviene del griego y significa \u00abmirar dentro de la articulaci\u00f3n\u00bb. Durante la cirug\u00eda artrosc\u00f3pica el cirujano ortop\u00e9dico realiza una peque\u00f1a incisi\u00f3n en la piel del paciente y luego inserta un instrumento del tama\u00f1o de un l\u00e1piz, que contiene una peque\u00f1a lente y un sistema de luces para magnificar e iluminar la estructura interna de la articulaci\u00f3n.<\/p><p>Una c\u00e1mara de televisi\u00f3n conectada con el artroscopio muestra la imagen de la articulaci\u00f3n en una pantalla, permiti\u00e9ndonos determinar el da\u00f1o de la articulaci\u00f3n y si es necesario reparar o corregir el problema.<\/p><p><b>2. \u00bfPara qu\u00e9 se utiliza?<\/b><br \/>Algunas de las lesiones m\u00e1s frecuentes que se pueden diagnosticar y tratar mediante una artroscopia son:<\/p><ul><li>Inflamaci\u00f3n: sinovitis o inflamaci\u00f3n del revestimiento (sinovio) de la articulaci\u00f3n<\/li><li>Dolor agudo o cr\u00f3nico: desgarradura del pu\u00f1o del tend\u00f3n rotatorio, s\u00edndrome de choque y dislocaciones recurrentes. Desgarro del menisco (cart\u00edlago), condromalasia (desgaste o lastimadura del coj\u00edn del cart\u00edlago). Desgarro de los ligamentos cruzados que causa inestabilidad. Mu\u00f1eca de la mano o s\u00edndrome del t\u00fanel carpiano<\/li><li>Part\u00edculas desprendidas del hueso y\/o cart\u00edlago<\/li><li>Problemas asociados con la artritis<\/li><\/ul><p>Aunque el artroscopio permite visualizar el interior de casi todas las articulaciones, las que m\u00e1s frecuentemente se examinan con este instrumento son: rodilla, hombro, codo, tobillo, cadera y mu\u00f1eca.<\/p><p><b>3. \u00bfCu\u00e1les son los tratamientos?<\/b><br \/>Generalmente la articulaci\u00f3n tarda varias semanas en recuperarse del todo. Un programa espec\u00edfico de actividades de rehabilitaci\u00f3n puede ser \u00fatil para agilizar este proceso. Muchos pacientes pueden volver a su actividad diaria en unos pocos d\u00edas, pero el tiempo de recuperaci\u00f3n depende en gran medida de la lesi\u00f3n que tuviera el paciente. En ocasiones, durante la artroscopia, el cirujano descubrir\u00e1 que \u00e9sta no puede ser tratada s\u00f3lo mediante este procedimiento. En algunos de estos casos, es posible realizar la cirug\u00eda abierta mientras el paciente se encuentra a\u00fan bajo el efecto de la anestesia.<\/p><p>\u00a0<\/p>\t\t\t\t\t\t\t\t<\/div>\n\t\t\t\t<\/div>\n\t\t\t\t\t<\/div>\n\t\t<\/div>\n\t\t\t\t\t<\/div>\n\t\t<\/section>\n\t\t\t\t<section class=\"elementor-section elementor-top-section elementor-element elementor-element-20099318 elementor-section-boxed elementor-section-height-default elementor-section-height-default\" data-id=\"20099318\" data-element_type=\"section\">\n\t\t\t\t\t\t<div class=\"elementor-container elementor-column-gap-default\">\n\t\t\t\t\t<div class=\"elementor-column elementor-col-100 elementor-top-column elementor-element elementor-element-38bc4ac9\" data-id=\"38bc4ac9\" data-element_type=\"column\">\n\t\t\t<div class=\"elementor-widget-wrap elementor-element-populated\">\n\t\t\t\t\t\t<div class=\"elementor-element elementor-element-5de23057 elementor-widget elementor-widget-heading\" data-id=\"5de23057\" data-element_type=\"widget\" data-widget_type=\"heading.default\">\n\t\t\t\t<div class=\"elementor-widget-container\">\n\t\t\t\t\t<h2 class=\"elementor-heading-title elementor-size-default\">Art\u00edculos relacionados<\/h2>\t\t\t\t<\/div>\n\t\t\t\t<\/div>\n\t\t\t\t<div class=\"elementor-element elementor-element-63713b05 elementor-icon-list--layout-traditional elementor-list-item-link-full_width elementor-widget elementor-widget-icon-list\" data-id=\"63713b05\" data-element_type=\"widget\" data-widget_type=\"icon-list.default\">\n\t\t\t\t<div class=\"elementor-widget-container\">\n\t\t\t\t\t\t\t<ul class=\"elementor-icon-list-items\">\n\t\t\t\t\t\t\t<li class=\"elementor-icon-list-item\">\n\t\t\t\t\t\t\t\t\t\t\t<a href=\"https:\/\/ingenieriadebarcelona.es\/la-artroscopia-ha-sido-el-mayor-avance-en-traumatologia\/\">\n\n\t\t\t\t\t\t\t\t\t\t\t\t<span class=\"elementor-icon-list-icon\">\n\t\t\t\t\t\t\t\t\t\t\t\t\t\t\t\t<i class=\"fa fa-chevron-right\" aria-hidden=\"true\"><\/i>\n\t\t\t\t\t\t\t\t\t\t\t\t\t<\/span>\n\t\t\t\t\t\t\t\t\t\t<span class=\"elementor-icon-list-text\">La artroscopia ha sido el mayor avance en traumatolog\u00eda.<\/span>\n\t\t\t\t\t\t\t\t\t\t\t<\/a>\n\t\t\t\t\t\t\t\t\t<\/li>\n\t\t\t\t\t\t<\/ul>\n\t\t\t\t\t\t<\/div>\n\t\t\t\t<\/div>\n\t\t\t\t\t<\/div>\n\t\t<\/div>\n\t\t\t\t\t<\/div>\n\t\t<\/section>\n\t\t\t\t<\/div>\n\t\t","protected":false},"excerpt":{"rendered":"<p>Artroscopia 1. \u00bfQu\u00e9 es? La artroscopia es un procedimiento quir\u00fargico usado para visualizar, diagnosticar y tratar problemas en las articulaciones. La palabra artroscopia proviene del griego y significa \u00abmirar dentro de la articulaci\u00f3n\u00bb. Durante la cirug\u00eda artrosc\u00f3pica el cirujano ortop\u00e9dico realiza una peque\u00f1a incisi\u00f3n en la piel del paciente y luego inserta un instrumento del &#8230; <a title=\"Artroscopia\" class=\"read-more\" href=\"https:\/\/ingenieriadebarcelona.es\/?page_id=401\" aria-label=\"Leer m\u00e1s sobre Artroscopia\">Read more<\/a><\/p>\n","protected":false},"author":1,"featured_media":0,"parent":371,"menu_order":0,"comment_status":"closed","ping_status":"closed","template":"","meta":{"footnotes":""},"class_list":["post-401","page","type-page","status-publish"],"yoast_head":"<!-- This site is optimized with the Yoast SEO plugin v26.3 - https:\/\/yoast.com\/wordpress\/plugins\/seo\/ -->\n<title>Artroscopia - Artroesport<\/title>\n<meta name=\"robots\" content=\"index, follow, max-snippet:-1, max-image-preview:large, max-video-preview:-1\" \/>\n<link rel=\"canonical\" href=\"https:\/\/ingenieriadebarcelona.es\/?page_id=401\" \/>\n<meta property=\"og:locale\" content=\"es_ES\" \/>\n<meta property=\"og:type\" content=\"article\" \/>\n<meta property=\"og:title\" content=\"Artroscopia - Artroesport\" \/>\n<meta property=\"og:description\" content=\"Artroscopia 1. \u00bfQu\u00e9 es? La artroscopia es un procedimiento quir\u00fargico usado para visualizar, diagnosticar y tratar problemas en las articulaciones. La palabra artroscopia proviene del griego y significa \u00abmirar dentro de la articulaci\u00f3n\u00bb. Durante la cirug\u00eda artrosc\u00f3pica el cirujano ortop\u00e9dico realiza una peque\u00f1a incisi\u00f3n en la piel del paciente y luego inserta un instrumento del ... Read more\" \/>\n<meta property=\"og:url\" content=\"https:\/\/ingenieriadebarcelona.es\/?page_id=401\" \/>\n<meta property=\"og:site_name\" content=\"Artroesport\" \/>\n<meta property=\"article:modified_time\" content=\"2019-03-26T10:53:38+00:00\" \/>\n<meta name=\"twitter:card\" content=\"summary_large_image\" \/>\n<meta name=\"twitter:label1\" content=\"Tiempo de lectura\" \/>\n\t<meta name=\"twitter:data1\" content=\"2 minutos\" \/>\n<script type=\"application\/ld+json\" class=\"yoast-schema-graph\">{\"@context\":\"https:\/\/schema.org\",\"@graph\":[{\"@type\":\"WebPage\",\"@id\":\"https:\/\/ingenieriadebarcelona.es\/?page_id=401\",\"url\":\"https:\/\/ingenieriadebarcelona.es\/?page_id=401\",\"name\":\"Artroscopia - Artroesport\",\"isPartOf\":{\"@id\":\"https:\/\/ingenieriadebarcelona.es\/#website\"},\"datePublished\":\"2019-03-25T12:16:42+00:00\",\"dateModified\":\"2019-03-26T10:53:38+00:00\",\"breadcrumb\":{\"@id\":\"https:\/\/ingenieriadebarcelona.es\/?page_id=401#breadcrumb\"},\"inLanguage\":\"es\",\"potentialAction\":[{\"@type\":\"ReadAction\",\"target\":[\"https:\/\/ingenieriadebarcelona.es\/?page_id=401\"]}]},{\"@type\":\"BreadcrumbList\",\"@id\":\"https:\/\/ingenieriadebarcelona.es\/?page_id=401#breadcrumb\",\"itemListElement\":[{\"@type\":\"ListItem\",\"position\":1,\"name\":\"Inicio\",\"item\":\"https:\/\/ingenieriadebarcelona.es\/\"},{\"@type\":\"ListItem\",\"position\":2,\"name\":\"Traumatolog\u00eda\",\"item\":\"https:\/\/ingenieriadebarcelona.es\/?page_id=371\"},{\"@type\":\"ListItem\",\"position\":3,\"name\":\"Artroscopia\"}]},{\"@type\":\"WebSite\",\"@id\":\"https:\/\/ingenieriadebarcelona.es\/#website\",\"url\":\"https:\/\/ingenieriadebarcelona.es\/\",\"name\":\"Artroesport\",\"description\":\"Artroesport\",\"publisher\":{\"@id\":\"https:\/\/ingenieriadebarcelona.es\/#organization\"},\"potentialAction\":[{\"@type\":\"SearchAction\",\"target\":{\"@type\":\"EntryPoint\",\"urlTemplate\":\"https:\/\/ingenieriadebarcelona.es\/?s={search_term_string}\"},\"query-input\":{\"@type\":\"PropertyValueSpecification\",\"valueRequired\":true,\"valueName\":\"search_term_string\"}}],\"inLanguage\":\"es\"},{\"@type\":\"Organization\",\"@id\":\"https:\/\/ingenieriadebarcelona.es\/#organization\",\"name\":\"Artroesport\",\"url\":\"https:\/\/ingenieriadebarcelona.es\/\",\"logo\":{\"@type\":\"ImageObject\",\"inLanguage\":\"es\",\"@id\":\"https:\/\/ingenieriadebarcelona.es\/#\/schema\/logo\/image\/\",\"url\":\"https:\/\/ingenieriadebarcelona.es\/wp-content\/uploads\/2019\/04\/Logo_web-300.png\",\"contentUrl\":\"https:\/\/ingenieriadebarcelona.es\/wp-content\/uploads\/2019\/04\/Logo_web-300.png\",\"width\":300,\"height\":45,\"caption\":\"Artroesport\"},\"image\":{\"@id\":\"https:\/\/ingenieriadebarcelona.es\/#\/schema\/logo\/image\/\"}}]}<\/script>\n<!-- \/ Yoast SEO plugin. -->","yoast_head_json":{"title":"Artroscopia - Artroesport","robots":{"index":"index","follow":"follow","max-snippet":"max-snippet:-1","max-image-preview":"max-image-preview:large","max-video-preview":"max-video-preview:-1"},"canonical":"https:\/\/ingenieriadebarcelona.es\/?page_id=401","og_locale":"es_ES","og_type":"article","og_title":"Artroscopia - Artroesport","og_description":"Artroscopia 1. \u00bfQu\u00e9 es? La artroscopia es un procedimiento quir\u00fargico usado para visualizar, diagnosticar y tratar problemas en las articulaciones. La palabra artroscopia proviene del griego y significa \u00abmirar dentro de la articulaci\u00f3n\u00bb. Durante la cirug\u00eda artrosc\u00f3pica el cirujano ortop\u00e9dico realiza una peque\u00f1a incisi\u00f3n en la piel del paciente y luego inserta un instrumento del ... Read more","og_url":"https:\/\/ingenieriadebarcelona.es\/?page_id=401","og_site_name":"Artroesport","article_modified_time":"2019-03-26T10:53:38+00:00","twitter_card":"summary_large_image","twitter_misc":{"Tiempo de lectura":"2 minutos"},"schema":{"@context":"https:\/\/schema.org","@graph":[{"@type":"WebPage","@id":"https:\/\/ingenieriadebarcelona.es\/?page_id=401","url":"https:\/\/ingenieriadebarcelona.es\/?page_id=401","name":"Artroscopia - Artroesport","isPartOf":{"@id":"https:\/\/ingenieriadebarcelona.es\/#website"},"datePublished":"2019-03-25T12:16:42+00:00","dateModified":"2019-03-26T10:53:38+00:00","breadcrumb":{"@id":"https:\/\/ingenieriadebarcelona.es\/?page_id=401#breadcrumb"},"inLanguage":"es","potentialAction":[{"@type":"ReadAction","target":["https:\/\/ingenieriadebarcelona.es\/?page_id=401"]}]},{"@type":"BreadcrumbList","@id":"https:\/\/ingenieriadebarcelona.es\/?page_id=401#breadcrumb","itemListElement":[{"@type":"ListItem","position":1,"name":"Inicio","item":"https:\/\/ingenieriadebarcelona.es\/"},{"@type":"ListItem","position":2,"name":"Traumatolog\u00eda","item":"https:\/\/ingenieriadebarcelona.es\/?page_id=371"},{"@type":"ListItem","position":3,"name":"Artroscopia"}]},{"@type":"WebSite","@id":"https:\/\/ingenieriadebarcelona.es\/#website","url":"https:\/\/ingenieriadebarcelona.es\/","name":"Artroesport","description":"Artroesport","publisher":{"@id":"https:\/\/ingenieriadebarcelona.es\/#organization"},"potentialAction":[{"@type":"SearchAction","target":{"@type":"EntryPoint","urlTemplate":"https:\/\/ingenieriadebarcelona.es\/?s={search_term_string}"},"query-input":{"@type":"PropertyValueSpecification","valueRequired":true,"valueName":"search_term_string"}}],"inLanguage":"es"},{"@type":"Organization","@id":"https:\/\/ingenieriadebarcelona.es\/#organization","name":"Artroesport","url":"https:\/\/ingenieriadebarcelona.es\/","logo":{"@type":"ImageObject","inLanguage":"es","@id":"https:\/\/ingenieriadebarcelona.es\/#\/schema\/logo\/image\/","url":"https:\/\/ingenieriadebarcelona.es\/wp-content\/uploads\/2019\/04\/Logo_web-300.png","contentUrl":"https:\/\/ingenieriadebarcelona.es\/wp-content\/uploads\/2019\/04\/Logo_web-300.png","width":300,"height":45,"caption":"Artroesport"},"image":{"@id":"https:\/\/ingenieriadebarcelona.es\/#\/schema\/logo\/image\/"}}]}},"_links":{"self":[{"href":"https:\/\/ingenieriadebarcelona.es\/index.php?rest_route=\/wp\/v2\/pages\/401","targetHints":{"allow":["GET"]}}],"collection":[{"href":"https:\/\/ingenieriadebarcelona.es\/index.php?rest_route=\/wp\/v2\/pages"}],"about":[{"href":"https:\/\/ingenieriadebarcelona.es\/index.php?rest_route=\/wp\/v2\/types\/page"}],"author":[{"embeddable":true,"href":"https:\/\/ingenieriadebarcelona.es\/index.php?rest_route=\/wp\/v2\/users\/1"}],"replies":[{"embeddable":true,"href":"https:\/\/ingenieriadebarcelona.es\/index.php?rest_route=%2Fwp%2Fv2%2Fcomments&post=401"}],"version-history":[{"count":0,"href":"https:\/\/ingenieriadebarcelona.es\/index.php?rest_route=\/wp\/v2\/pages\/401\/revisions"}],"up":[{"embeddable":true,"href":"https:\/\/ingenieriadebarcelona.es\/index.php?rest_route=\/wp\/v2\/pages\/371"}],"wp:attachment":[{"href":"https:\/\/ingenieriadebarcelona.es\/index.php?rest_route=%2Fwp%2Fv2%2Fmedia&parent=401"}],"curies":[{"name":"wp","href":"https:\/\/api.w.org\/{rel}","templated":true}]}}