{"id":403,"date":"2019-03-25T12:22:05","date_gmt":"2019-03-25T12:22:05","guid":{"rendered":"https:\/\/ingenieriadebarcelona.es\/?page_id=403"},"modified":"2019-03-25T12:40:16","modified_gmt":"2019-03-25T12:40:16","slug":"dolor-lumbar-por-hernia-discal","status":"publish","type":"page","link":"https:\/\/ingenieriadebarcelona.es\/?page_id=403","title":{"rendered":"Dolor lumbar por hernia discal"},"content":{"rendered":"\t\t<div data-elementor-type=\"wp-post\" data-elementor-id=\"403\" class=\"elementor elementor-403\" data-elementor-post-type=\"page\">\n\t\t\t\t\t\t<section class=\"elementor-section elementor-top-section elementor-element elementor-element-67877d95 elementor-section-boxed elementor-section-height-default elementor-section-height-default\" data-id=\"67877d95\" data-element_type=\"section\" data-settings=\"{&quot;background_background&quot;:&quot;classic&quot;}\">\n\t\t\t\t\t\t<div class=\"elementor-container elementor-column-gap-default\">\n\t\t\t\t\t<div class=\"elementor-column elementor-col-100 elementor-top-column elementor-element elementor-element-5509b815\" data-id=\"5509b815\" data-element_type=\"column\">\n\t\t\t<div class=\"elementor-widget-wrap elementor-element-populated\">\n\t\t\t\t\t\t<div class=\"elementor-element elementor-element-17035ba4 elementor-widget elementor-widget-heading\" data-id=\"17035ba4\" data-element_type=\"widget\" data-widget_type=\"heading.default\">\n\t\t\t\t<div class=\"elementor-widget-container\">\n\t\t\t\t\t<h1 class=\"elementor-heading-title elementor-size-default\">Dolor lumbar por hernia discal<\/h1>\t\t\t\t<\/div>\n\t\t\t\t<\/div>\n\t\t\t\t\t<\/div>\n\t\t<\/div>\n\t\t\t\t\t<\/div>\n\t\t<\/section>\n\t\t\t\t<section class=\"elementor-section elementor-top-section elementor-element elementor-element-6c8786aa elementor-section-boxed elementor-section-height-default elementor-section-height-default\" data-id=\"6c8786aa\" data-element_type=\"section\">\n\t\t\t\t\t\t<div class=\"elementor-container elementor-column-gap-default\">\n\t\t\t\t\t<div class=\"elementor-column elementor-col-100 elementor-top-column elementor-element elementor-element-6a6e45d\" data-id=\"6a6e45d\" data-element_type=\"column\">\n\t\t\t<div class=\"elementor-widget-wrap elementor-element-populated\">\n\t\t\t\t\t\t<div class=\"elementor-element elementor-element-54884aee elementor-widget elementor-widget-breadcrumbs\" data-id=\"54884aee\" data-element_type=\"widget\" data-widget_type=\"breadcrumbs.default\">\n\t\t\t\t<div class=\"elementor-widget-container\">\n\t\t\t\t\t<p id=\"breadcrumbs\"><span><span><a href=\"https:\/\/ingenieriadebarcelona.es\/\">Inicio<\/a><\/span><\/span><\/p>\t\t\t\t<\/div>\n\t\t\t\t<\/div>\n\t\t\t\t\t<\/div>\n\t\t<\/div>\n\t\t\t\t\t<\/div>\n\t\t<\/section>\n\t\t\t\t<section class=\"elementor-section elementor-top-section elementor-element elementor-element-853e9df elementor-section-boxed elementor-section-height-default elementor-section-height-default\" data-id=\"853e9df\" data-element_type=\"section\">\n\t\t\t\t\t\t<div class=\"elementor-container elementor-column-gap-default\">\n\t\t\t\t\t<div class=\"elementor-column elementor-col-100 elementor-top-column elementor-element elementor-element-6bc046c9\" data-id=\"6bc046c9\" data-element_type=\"column\">\n\t\t\t<div class=\"elementor-widget-wrap elementor-element-populated\">\n\t\t\t\t\t\t<div class=\"elementor-element elementor-element-65c4ec4c elementor-widget elementor-widget-text-editor\" data-id=\"65c4ec4c\" data-element_type=\"widget\" data-widget_type=\"text-editor.default\">\n\t\t\t\t<div class=\"elementor-widget-container\">\n\t\t\t\t\t\t\t\t\t<p>El disco se encuentra situado entre dos v\u00e9rtebras y su funci\u00f3n es de amortiguaci\u00f3n, este disco a medida que pasa el tiempo va envejeciendo y perdiendo hidrataci\u00f3n, elasticidad y altura, cuando la persona presenta una discopat\u00eda por degeneraci\u00f3n de \u00e9ste, puede sentir dolor durante semanas y meses que le impide realizar sus actividades habituales.<\/p><p>Este disco, presenta en su anatom\u00eda una zona central pulposa, llamada N\u00facleo pulposo y alrededor un Anillo fibroso, cuando el disco se comprime entre las dos v\u00e9rtebras y toca o rechaza el saco dural, estamos hablando de una protusi\u00f3n que puede ser posterior, central o lateral. Si por el contrario \u00e9ste anillo fibroso se rompe y sale este n\u00facleo pulposo hacia el canal contactando con el saco dural, estamos en presencia de una hernia discal.<\/p><div><img fetchpriority=\"high\" decoding=\"async\" class=\"alignnone size-full wp-image-461\" src=\"https:\/\/ingenieriadebarcelona.es\/wp-content\/uploads\/2019\/03\/hernia-discal.png\" alt=\"\" width=\"250\" height=\"228\" \/><\/div><div>Vista de Perfil de la columna lumbar, se observa una hernia discal L5-S1.<\/div><p>Actualmente existen diferentes terapias y t\u00e9cnicas no invasivas para tratar el dolor causado por una hernia discal, entre las cuales podemos citar las infiltraciones y los bloqueos peridurales, nucleotom\u00eda por l\u00e1ser, ozonoterapia.<\/p><p>Si el paciente no responde a ninguno de los tratamientos antes mencionados, continuando con dolor y trastornos neurol\u00f3gicos en los miembros, trataremos de recurrir a la cirug\u00eda m\u00ednimamente invasiva de la columna vertebral, que a diferencia de grandes incisiones en la espalda, \u00e9stas se realizan con poca afectaci\u00f3n de la musculatura, poca p\u00e9rdida de sangre y m\u00ednimo da\u00f1o de los tejidos lo que le otorga grandes ventajas sobre la cirug\u00eda tradicional ya que la recuperaci\u00f3n del paciente es mucho m\u00e1s r\u00e1pida y el da\u00f1o es menor.<\/p>\t\t\t\t\t\t\t\t<\/div>\n\t\t\t\t<\/div>\n\t\t\t\t\t<\/div>\n\t\t<\/div>\n\t\t\t\t\t<\/div>\n\t\t<\/section>\n\t\t\t\t<section class=\"elementor-section elementor-top-section elementor-element elementor-element-7f82ab6d elementor-section-boxed elementor-section-height-default elementor-section-height-default\" data-id=\"7f82ab6d\" data-element_type=\"section\">\n\t\t\t\t\t\t<div class=\"elementor-container elementor-column-gap-default\">\n\t\t\t\t\t<div class=\"elementor-column elementor-col-100 elementor-top-column elementor-element elementor-element-2f2a79b2\" data-id=\"2f2a79b2\" data-element_type=\"column\">\n\t\t\t<div class=\"elementor-widget-wrap elementor-element-populated\">\n\t\t\t\t\t\t<div class=\"elementor-element elementor-element-df876a2 elementor-widget elementor-widget-heading\" data-id=\"df876a2\" data-element_type=\"widget\" data-widget_type=\"heading.default\">\n\t\t\t\t<div class=\"elementor-widget-container\">\n\t\t\t\t\t<h2 class=\"elementor-heading-title elementor-size-default\">Art\u00edculos relacionados<\/h2>\t\t\t\t<\/div>\n\t\t\t\t<\/div>\n\t\t\t\t<div class=\"elementor-element elementor-element-1b5bef1b elementor-icon-list--layout-traditional elementor-list-item-link-full_width elementor-widget elementor-widget-icon-list\" data-id=\"1b5bef1b\" data-element_type=\"widget\" data-widget_type=\"icon-list.default\">\n\t\t\t\t<div class=\"elementor-widget-container\">\n\t\t\t\t\t\t\t<ul class=\"elementor-icon-list-items\">\n\t\t\t\t\t\t\t<li class=\"elementor-icon-list-item\">\n\t\t\t\t\t\t\t\t\t\t\t<span class=\"elementor-icon-list-icon\">\n\t\t\t\t\t\t\t\t\t\t\t\t\t\t\t\t<i class=\"fa fa-chevron-right\" aria-hidden=\"true\"><\/i>\n\t\t\t\t\t\t\t\t\t\t\t\t\t<\/span>\n\t\t\t\t\t\t\t\t\t\t<span class=\"elementor-icon-list-text\">El Cirujano - Lev\u00e1ntate y anda<\/span>\n\t\t\t\t\t\t\t\t\t<\/li>\n\t\t\t\t\t\t\t\t<li class=\"elementor-icon-list-item\">\n\t\t\t\t\t\t\t\t\t\t\t<span class=\"elementor-icon-list-icon\">\n\t\t\t\t\t\t\t\t\t\t\t\t\t\t\t\t<i class=\"fa fa-chevron-right\" aria-hidden=\"true\"><\/i>\n\t\t\t\t\t\t\t\t\t\t\t\t\t<\/span>\n\t\t\t\t\t\t\t\t\t\t<span class=\"elementor-icon-list-text\">Tratamientos de rodilla, hombro y columna lumbar<\/span>\n\t\t\t\t\t\t\t\t\t<\/li>\n\t\t\t\t\t\t<\/ul>\n\t\t\t\t\t\t<\/div>\n\t\t\t\t<\/div>\n\t\t\t\t\t<\/div>\n\t\t<\/div>\n\t\t\t\t\t<\/div>\n\t\t<\/section>\n\t\t\t\t<\/div>\n\t\t","protected":false},"excerpt":{"rendered":"<p>Dolor lumbar por hernia discal El disco se encuentra situado entre dos v\u00e9rtebras y su funci\u00f3n es de amortiguaci\u00f3n, este disco a medida que pasa el tiempo va envejeciendo y perdiendo hidrataci\u00f3n, elasticidad y altura, cuando la persona presenta una discopat\u00eda por degeneraci\u00f3n de \u00e9ste, puede sentir dolor durante semanas y meses que le impide &#8230; <a title=\"Dolor lumbar por hernia discal\" class=\"read-more\" href=\"https:\/\/ingenieriadebarcelona.es\/?page_id=403\" aria-label=\"Leer m\u00e1s sobre Dolor lumbar por hernia discal\">Read more<\/a><\/p>\n","protected":false},"author":1,"featured_media":0,"parent":371,"menu_order":0,"comment_status":"closed","ping_status":"closed","template":"","meta":{"footnotes":""},"class_list":["post-403","page","type-page","status-publish"],"yoast_head":"<!-- This site is optimized with the Yoast SEO plugin v26.3 - https:\/\/yoast.com\/wordpress\/plugins\/seo\/ -->\n<title>Dolor lumbar por hernia discal - Artroesport<\/title>\n<meta name=\"robots\" content=\"index, follow, max-snippet:-1, max-image-preview:large, max-video-preview:-1\" \/>\n<link rel=\"canonical\" href=\"https:\/\/ingenieriadebarcelona.es\/?page_id=403\" \/>\n<meta property=\"og:locale\" content=\"es_ES\" \/>\n<meta property=\"og:type\" content=\"article\" \/>\n<meta property=\"og:title\" content=\"Dolor lumbar por hernia discal - Artroesport\" \/>\n<meta property=\"og:description\" content=\"Dolor lumbar por hernia discal El disco se encuentra situado entre dos v\u00e9rtebras y su funci\u00f3n es de amortiguaci\u00f3n, este disco a medida que pasa el tiempo va envejeciendo y perdiendo hidrataci\u00f3n, elasticidad y altura, cuando la persona presenta una discopat\u00eda por degeneraci\u00f3n de \u00e9ste, puede sentir dolor durante semanas y meses que le impide ... Read more\" \/>\n<meta property=\"og:url\" content=\"https:\/\/ingenieriadebarcelona.es\/?page_id=403\" \/>\n<meta property=\"og:site_name\" content=\"Artroesport\" \/>\n<meta property=\"article:modified_time\" content=\"2019-03-25T12:40:16+00:00\" \/>\n<meta property=\"og:image\" content=\"https:\/\/ingenieriadebarcelona.es\/wp-content\/uploads\/2019\/03\/hernia-discal.png\" \/>\n<meta name=\"twitter:card\" content=\"summary_large_image\" \/>\n<meta name=\"twitter:label1\" content=\"Tiempo de lectura\" \/>\n\t<meta name=\"twitter:data1\" content=\"2 minutos\" \/>\n<script type=\"application\/ld+json\" class=\"yoast-schema-graph\">{\"@context\":\"https:\/\/schema.org\",\"@graph\":[{\"@type\":\"WebPage\",\"@id\":\"https:\/\/ingenieriadebarcelona.es\/?page_id=403\",\"url\":\"https:\/\/ingenieriadebarcelona.es\/?page_id=403\",\"name\":\"Dolor lumbar por hernia discal - Artroesport\",\"isPartOf\":{\"@id\":\"https:\/\/ingenieriadebarcelona.es\/#website\"},\"primaryImageOfPage\":{\"@id\":\"https:\/\/ingenieriadebarcelona.es\/?page_id=403#primaryimage\"},\"image\":{\"@id\":\"https:\/\/ingenieriadebarcelona.es\/?page_id=403#primaryimage\"},\"thumbnailUrl\":\"https:\/\/ingenieriadebarcelona.es\/wp-content\/uploads\/2019\/03\/hernia-discal.png\",\"datePublished\":\"2019-03-25T12:22:05+00:00\",\"dateModified\":\"2019-03-25T12:40:16+00:00\",\"breadcrumb\":{\"@id\":\"https:\/\/ingenieriadebarcelona.es\/?page_id=403#breadcrumb\"},\"inLanguage\":\"es\",\"potentialAction\":[{\"@type\":\"ReadAction\",\"target\":[\"https:\/\/ingenieriadebarcelona.es\/?page_id=403\"]}]},{\"@type\":\"ImageObject\",\"inLanguage\":\"es\",\"@id\":\"https:\/\/ingenieriadebarcelona.es\/?page_id=403#primaryimage\",\"url\":\"https:\/\/ingenieriadebarcelona.es\/wp-content\/uploads\/2019\/03\/hernia-discal.png\",\"contentUrl\":\"https:\/\/ingenieriadebarcelona.es\/wp-content\/uploads\/2019\/03\/hernia-discal.png\",\"width\":250,\"height\":228},{\"@type\":\"BreadcrumbList\",\"@id\":\"https:\/\/ingenieriadebarcelona.es\/?page_id=403#breadcrumb\",\"itemListElement\":[{\"@type\":\"ListItem\",\"position\":1,\"name\":\"Inicio\",\"item\":\"https:\/\/ingenieriadebarcelona.es\/\"},{\"@type\":\"ListItem\",\"position\":2,\"name\":\"Traumatolog\u00eda\",\"item\":\"https:\/\/ingenieriadebarcelona.es\/?page_id=371\"},{\"@type\":\"ListItem\",\"position\":3,\"name\":\"Dolor lumbar por hernia discal\"}]},{\"@type\":\"WebSite\",\"@id\":\"https:\/\/ingenieriadebarcelona.es\/#website\",\"url\":\"https:\/\/ingenieriadebarcelona.es\/\",\"name\":\"Artroesport\",\"description\":\"Artroesport\",\"publisher\":{\"@id\":\"https:\/\/ingenieriadebarcelona.es\/#organization\"},\"potentialAction\":[{\"@type\":\"SearchAction\",\"target\":{\"@type\":\"EntryPoint\",\"urlTemplate\":\"https:\/\/ingenieriadebarcelona.es\/?s={search_term_string}\"},\"query-input\":{\"@type\":\"PropertyValueSpecification\",\"valueRequired\":true,\"valueName\":\"search_term_string\"}}],\"inLanguage\":\"es\"},{\"@type\":\"Organization\",\"@id\":\"https:\/\/ingenieriadebarcelona.es\/#organization\",\"name\":\"Artroesport\",\"url\":\"https:\/\/ingenieriadebarcelona.es\/\",\"logo\":{\"@type\":\"ImageObject\",\"inLanguage\":\"es\",\"@id\":\"https:\/\/ingenieriadebarcelona.es\/#\/schema\/logo\/image\/\",\"url\":\"https:\/\/ingenieriadebarcelona.es\/wp-content\/uploads\/2019\/04\/Logo_web-300.png\",\"contentUrl\":\"https:\/\/ingenieriadebarcelona.es\/wp-content\/uploads\/2019\/04\/Logo_web-300.png\",\"width\":300,\"height\":45,\"caption\":\"Artroesport\"},\"image\":{\"@id\":\"https:\/\/ingenieriadebarcelona.es\/#\/schema\/logo\/image\/\"}}]}<\/script>\n<!-- \/ Yoast SEO plugin. -->","yoast_head_json":{"title":"Dolor lumbar por hernia discal - Artroesport","robots":{"index":"index","follow":"follow","max-snippet":"max-snippet:-1","max-image-preview":"max-image-preview:large","max-video-preview":"max-video-preview:-1"},"canonical":"https:\/\/ingenieriadebarcelona.es\/?page_id=403","og_locale":"es_ES","og_type":"article","og_title":"Dolor lumbar por hernia discal - Artroesport","og_description":"Dolor lumbar por hernia discal El disco se encuentra situado entre dos v\u00e9rtebras y su funci\u00f3n es de amortiguaci\u00f3n, este disco a medida que pasa el tiempo va envejeciendo y perdiendo hidrataci\u00f3n, elasticidad y altura, cuando la persona presenta una discopat\u00eda por degeneraci\u00f3n de \u00e9ste, puede sentir dolor durante semanas y meses que le impide ... Read more","og_url":"https:\/\/ingenieriadebarcelona.es\/?page_id=403","og_site_name":"Artroesport","article_modified_time":"2019-03-25T12:40:16+00:00","og_image":[{"url":"https:\/\/ingenieriadebarcelona.es\/wp-content\/uploads\/2019\/03\/hernia-discal.png","type":"","width":"","height":""}],"twitter_card":"summary_large_image","twitter_misc":{"Tiempo de lectura":"2 minutos"},"schema":{"@context":"https:\/\/schema.org","@graph":[{"@type":"WebPage","@id":"https:\/\/ingenieriadebarcelona.es\/?page_id=403","url":"https:\/\/ingenieriadebarcelona.es\/?page_id=403","name":"Dolor lumbar por hernia discal - Artroesport","isPartOf":{"@id":"https:\/\/ingenieriadebarcelona.es\/#website"},"primaryImageOfPage":{"@id":"https:\/\/ingenieriadebarcelona.es\/?page_id=403#primaryimage"},"image":{"@id":"https:\/\/ingenieriadebarcelona.es\/?page_id=403#primaryimage"},"thumbnailUrl":"https:\/\/ingenieriadebarcelona.es\/wp-content\/uploads\/2019\/03\/hernia-discal.png","datePublished":"2019-03-25T12:22:05+00:00","dateModified":"2019-03-25T12:40:16+00:00","breadcrumb":{"@id":"https:\/\/ingenieriadebarcelona.es\/?page_id=403#breadcrumb"},"inLanguage":"es","potentialAction":[{"@type":"ReadAction","target":["https:\/\/ingenieriadebarcelona.es\/?page_id=403"]}]},{"@type":"ImageObject","inLanguage":"es","@id":"https:\/\/ingenieriadebarcelona.es\/?page_id=403#primaryimage","url":"https:\/\/ingenieriadebarcelona.es\/wp-content\/uploads\/2019\/03\/hernia-discal.png","contentUrl":"https:\/\/ingenieriadebarcelona.es\/wp-content\/uploads\/2019\/03\/hernia-discal.png","width":250,"height":228},{"@type":"BreadcrumbList","@id":"https:\/\/ingenieriadebarcelona.es\/?page_id=403#breadcrumb","itemListElement":[{"@type":"ListItem","position":1,"name":"Inicio","item":"https:\/\/ingenieriadebarcelona.es\/"},{"@type":"ListItem","position":2,"name":"Traumatolog\u00eda","item":"https:\/\/ingenieriadebarcelona.es\/?page_id=371"},{"@type":"ListItem","position":3,"name":"Dolor lumbar por hernia discal"}]},{"@type":"WebSite","@id":"https:\/\/ingenieriadebarcelona.es\/#website","url":"https:\/\/ingenieriadebarcelona.es\/","name":"Artroesport","description":"Artroesport","publisher":{"@id":"https:\/\/ingenieriadebarcelona.es\/#organization"},"potentialAction":[{"@type":"SearchAction","target":{"@type":"EntryPoint","urlTemplate":"https:\/\/ingenieriadebarcelona.es\/?s={search_term_string}"},"query-input":{"@type":"PropertyValueSpecification","valueRequired":true,"valueName":"search_term_string"}}],"inLanguage":"es"},{"@type":"Organization","@id":"https:\/\/ingenieriadebarcelona.es\/#organization","name":"Artroesport","url":"https:\/\/ingenieriadebarcelona.es\/","logo":{"@type":"ImageObject","inLanguage":"es","@id":"https:\/\/ingenieriadebarcelona.es\/#\/schema\/logo\/image\/","url":"https:\/\/ingenieriadebarcelona.es\/wp-content\/uploads\/2019\/04\/Logo_web-300.png","contentUrl":"https:\/\/ingenieriadebarcelona.es\/wp-content\/uploads\/2019\/04\/Logo_web-300.png","width":300,"height":45,"caption":"Artroesport"},"image":{"@id":"https:\/\/ingenieriadebarcelona.es\/#\/schema\/logo\/image\/"}}]}},"_links":{"self":[{"href":"https:\/\/ingenieriadebarcelona.es\/index.php?rest_route=\/wp\/v2\/pages\/403","targetHints":{"allow":["GET"]}}],"collection":[{"href":"https:\/\/ingenieriadebarcelona.es\/index.php?rest_route=\/wp\/v2\/pages"}],"about":[{"href":"https:\/\/ingenieriadebarcelona.es\/index.php?rest_route=\/wp\/v2\/types\/page"}],"author":[{"embeddable":true,"href":"https:\/\/ingenieriadebarcelona.es\/index.php?rest_route=\/wp\/v2\/users\/1"}],"replies":[{"embeddable":true,"href":"https:\/\/ingenieriadebarcelona.es\/index.php?rest_route=%2Fwp%2Fv2%2Fcomments&post=403"}],"version-history":[{"count":0,"href":"https:\/\/ingenieriadebarcelona.es\/index.php?rest_route=\/wp\/v2\/pages\/403\/revisions"}],"up":[{"embeddable":true,"href":"https:\/\/ingenieriadebarcelona.es\/index.php?rest_route=\/wp\/v2\/pages\/371"}],"wp:attachment":[{"href":"https:\/\/ingenieriadebarcelona.es\/index.php?rest_route=%2Fwp%2Fv2%2Fmedia&parent=403"}],"curies":[{"name":"wp","href":"https:\/\/api.w.org\/{rel}","templated":true}]}}