{"id":591,"date":"2019-03-26T10:52:02","date_gmt":"2019-03-26T10:52:02","guid":{"rendered":"https:\/\/ingenieriadebarcelona.es\/?page_id=591"},"modified":"2019-03-26T10:55:17","modified_gmt":"2019-03-26T10:55:17","slug":"cirugia-percutanea-del-pie","status":"publish","type":"page","link":"https:\/\/ingenieriadebarcelona.es\/?page_id=591","title":{"rendered":"Cirug\u00eda Percutanea del Pie"},"content":{"rendered":"\t\t<div data-elementor-type=\"wp-post\" data-elementor-id=\"591\" class=\"elementor elementor-591\" data-elementor-post-type=\"page\">\n\t\t\t\t\t\t<section class=\"elementor-section elementor-top-section elementor-element elementor-element-435564c1 elementor-section-boxed elementor-section-height-default elementor-section-height-default\" data-id=\"435564c1\" data-element_type=\"section\" data-settings=\"{&quot;background_background&quot;:&quot;classic&quot;}\">\n\t\t\t\t\t\t<div class=\"elementor-container elementor-column-gap-default\">\n\t\t\t\t\t<div class=\"elementor-column elementor-col-100 elementor-top-column elementor-element elementor-element-34d7545\" data-id=\"34d7545\" data-element_type=\"column\">\n\t\t\t<div class=\"elementor-widget-wrap elementor-element-populated\">\n\t\t\t\t\t\t<div class=\"elementor-element elementor-element-53b8957e elementor-widget elementor-widget-heading\" data-id=\"53b8957e\" data-element_type=\"widget\" data-widget_type=\"heading.default\">\n\t\t\t\t<div class=\"elementor-widget-container\">\n\t\t\t\t\t<h1 class=\"elementor-heading-title elementor-size-default\">Cirug\u00eda Percutanea del Pie<\/h1>\t\t\t\t<\/div>\n\t\t\t\t<\/div>\n\t\t\t\t\t<\/div>\n\t\t<\/div>\n\t\t\t\t\t<\/div>\n\t\t<\/section>\n\t\t\t\t<section class=\"elementor-section elementor-top-section elementor-element elementor-element-13a34a8d elementor-section-boxed elementor-section-height-default elementor-section-height-default\" data-id=\"13a34a8d\" data-element_type=\"section\">\n\t\t\t\t\t\t<div class=\"elementor-container elementor-column-gap-default\">\n\t\t\t\t\t<div class=\"elementor-column elementor-col-100 elementor-top-column elementor-element elementor-element-8e115d5\" data-id=\"8e115d5\" data-element_type=\"column\">\n\t\t\t<div class=\"elementor-widget-wrap elementor-element-populated\">\n\t\t\t\t\t\t<div class=\"elementor-element elementor-element-567bc6c4 elementor-widget elementor-widget-breadcrumbs\" data-id=\"567bc6c4\" data-element_type=\"widget\" data-widget_type=\"breadcrumbs.default\">\n\t\t\t\t<div class=\"elementor-widget-container\">\n\t\t\t\t\t<p id=\"breadcrumbs\"><span><span><a href=\"https:\/\/ingenieriadebarcelona.es\/\">Inicio<\/a><\/span><\/span><\/p>\t\t\t\t<\/div>\n\t\t\t\t<\/div>\n\t\t\t\t\t<\/div>\n\t\t<\/div>\n\t\t\t\t\t<\/div>\n\t\t<\/section>\n\t\t\t\t<section class=\"elementor-section elementor-top-section elementor-element elementor-element-6a8baed4 elementor-section-boxed elementor-section-height-default elementor-section-height-default\" data-id=\"6a8baed4\" data-element_type=\"section\">\n\t\t\t\t\t\t<div class=\"elementor-container elementor-column-gap-default\">\n\t\t\t\t\t<div class=\"elementor-column elementor-col-100 elementor-top-column elementor-element elementor-element-7334d0dc\" data-id=\"7334d0dc\" data-element_type=\"column\">\n\t\t\t<div class=\"elementor-widget-wrap elementor-element-populated\">\n\t\t\t\t\t\t<div class=\"elementor-element elementor-element-1838ff03 elementor-widget elementor-widget-text-editor\" data-id=\"1838ff03\" data-element_type=\"widget\" data-widget_type=\"text-editor.default\">\n\t\t\t\t<div class=\"elementor-widget-container\">\n\t\t\t\t\t\t\t\t\t<div class=\"mid\"><div class=\"pad\"><dl><dt>1. \u00bfQu\u00e9 es?<\/dt><dd>Las patolog\u00edas del pie son frecuentes entre la poblaci\u00f3n occidental, en particular entre el sexo femenino y la tercera edad. En su mayor\u00eda s\u00f3lo tienen soluci\u00f3n quir\u00fargica, pero existe una t\u00e9cnica muy novedosa: la cirug\u00eda percut\u00e1nea del pie. Se realiza con anestesia s\u00f3lo del pie y permite salir caminando del quir\u00f3fano. La funci\u00f3n de esta nueva t\u00e9cnica consiste en resolver los problemas que antes exig\u00edan eliminar articulaciones. Lo que se realiza es una osteotom\u00eda que corrige la posici\u00f3n de la articulaci\u00f3n para conseguir que el pie funcione bien biomec\u00e1nicamente.<\/dd><dt>2. \u00bfCu\u00e1les son las lesiones m\u00e1s comunes?<\/dt><dd>Las m\u00e1s importantes son el juanete y la metatarsalgia. Les siguen en importancia las deformidades de los dedos en garra o en martillo, el Neuroma de Morton , el juanetillo de sastre, el espol\u00f3n, la u\u00f1a incarnata, el s\u00edndrome del canal tarsiano, el s\u00edndrome del seno del tarso, el pie plano, el pie cavo, el hallux rigidus, el quinto dedo supra o, y el osteocondroma subungueal, adem\u00e1s de otros tumores del pie.<\/dd><dt>3. \u00bfCu\u00e1les son los tratamientos?<\/dt><dd>Todas estas patolog\u00edas, con pocas excepciones, tienen una soluci\u00f3n quir\u00fargica. El pie plano o el pie cavo, la u\u00f1a incarnata y algunos tumores precisar\u00e1n de una cirug\u00eda abierta tradicional. Sin embargo, el resto de patolog\u00edas del pie citadas son candidatas a elegir entre una cirug\u00eda abierta o cl\u00e1sica y la cirug\u00eda percut\u00e1nea o m\u00ednimamente invasiva. El juanete afecta al 6-10% de la poblaci\u00f3n en general, y es la patolog\u00eda del pie m\u00e1s frecuente, en particular entre las mujeres (20% en la edad adulta y 34% en la tercera edad). Las causas o factores responsables del juanete son diversos: herencia, calzado, forma constitucional del pie y sexo.<\/dd><\/dl><\/div><\/div>\t\t\t\t\t\t\t\t<\/div>\n\t\t\t\t<\/div>\n\t\t\t\t\t<\/div>\n\t\t<\/div>\n\t\t\t\t\t<\/div>\n\t\t<\/section>\n\t\t\t\t<section class=\"elementor-section elementor-top-section elementor-element elementor-element-60456f81 elementor-section-boxed elementor-section-height-default elementor-section-height-default\" data-id=\"60456f81\" data-element_type=\"section\">\n\t\t\t\t\t\t<div class=\"elementor-container elementor-column-gap-default\">\n\t\t\t\t\t<div class=\"elementor-column elementor-col-100 elementor-top-column elementor-element elementor-element-d5e346e\" data-id=\"d5e346e\" data-element_type=\"column\">\n\t\t\t<div class=\"elementor-widget-wrap elementor-element-populated\">\n\t\t\t\t\t\t<div class=\"elementor-element elementor-element-48755e48 elementor-widget elementor-widget-heading\" data-id=\"48755e48\" data-element_type=\"widget\" data-widget_type=\"heading.default\">\n\t\t\t\t<div class=\"elementor-widget-container\">\n\t\t\t\t\t<h2 class=\"elementor-heading-title elementor-size-default\">Art\u00edculos relacionados<\/h2>\t\t\t\t<\/div>\n\t\t\t\t<\/div>\n\t\t\t\t<div class=\"elementor-element elementor-element-b5e9a0e elementor-icon-list--layout-traditional elementor-list-item-link-full_width elementor-widget elementor-widget-icon-list\" data-id=\"b5e9a0e\" data-element_type=\"widget\" data-widget_type=\"icon-list.default\">\n\t\t\t\t<div class=\"elementor-widget-container\">\n\t\t\t\t\t\t\t<ul class=\"elementor-icon-list-items\">\n\t\t\t\t\t\t\t<li class=\"elementor-icon-list-item\">\n\t\t\t\t\t\t\t\t\t\t\t<a href=\"https:\/\/ingenieriadebarcelona.es\/la-artroscopia-ha-sido-el-mayor-avance-en-traumatologia\/\">\n\n\t\t\t\t\t\t\t\t\t\t\t\t<span class=\"elementor-icon-list-icon\">\n\t\t\t\t\t\t\t\t\t\t\t\t\t\t\t\t<i class=\"fa fa-chevron-right\" aria-hidden=\"true\"><\/i>\n\t\t\t\t\t\t\t\t\t\t\t\t\t<\/span>\n\t\t\t\t\t\t\t\t\t\t<span class=\"elementor-icon-list-text\">La artroscopia ha sido el mayor avance en traumatolog\u00eda.<\/span>\n\t\t\t\t\t\t\t\t\t\t\t<\/a>\n\t\t\t\t\t\t\t\t\t<\/li>\n\t\t\t\t\t\t<\/ul>\n\t\t\t\t\t\t<\/div>\n\t\t\t\t<\/div>\n\t\t\t\t\t<\/div>\n\t\t<\/div>\n\t\t\t\t\t<\/div>\n\t\t<\/section>\n\t\t\t\t<\/div>\n\t\t","protected":false},"excerpt":{"rendered":"<p>Cirug\u00eda Percutanea del Pie 1. \u00bfQu\u00e9 es? Las patolog\u00edas del pie son frecuentes entre la poblaci\u00f3n occidental, en particular entre el sexo femenino y la tercera edad. En su mayor\u00eda s\u00f3lo tienen soluci\u00f3n quir\u00fargica, pero existe una t\u00e9cnica muy novedosa: la cirug\u00eda percut\u00e1nea del pie. Se realiza con anestesia s\u00f3lo del pie y permite salir &#8230; <a title=\"Cirug\u00eda Percutanea del Pie\" class=\"read-more\" href=\"https:\/\/ingenieriadebarcelona.es\/?page_id=591\" aria-label=\"Leer m\u00e1s sobre Cirug\u00eda Percutanea del Pie\">Read more<\/a><\/p>\n","protected":false},"author":1,"featured_media":0,"parent":371,"menu_order":0,"comment_status":"closed","ping_status":"closed","template":"","meta":{"footnotes":""},"class_list":["post-591","page","type-page","status-publish"],"yoast_head":"<!-- This site is optimized with the Yoast SEO plugin v26.3 - https:\/\/yoast.com\/wordpress\/plugins\/seo\/ -->\n<title>Cirug\u00eda Percutanea del Pie - Artroesport<\/title>\n<meta name=\"robots\" content=\"index, follow, max-snippet:-1, max-image-preview:large, max-video-preview:-1\" \/>\n<link rel=\"canonical\" href=\"https:\/\/ingenieriadebarcelona.es\/?page_id=591\" \/>\n<meta property=\"og:locale\" content=\"es_ES\" \/>\n<meta property=\"og:type\" content=\"article\" \/>\n<meta property=\"og:title\" content=\"Cirug\u00eda Percutanea del Pie - Artroesport\" \/>\n<meta property=\"og:description\" content=\"Cirug\u00eda Percutanea del Pie 1. \u00bfQu\u00e9 es? Las patolog\u00edas del pie son frecuentes entre la poblaci\u00f3n occidental, en particular entre el sexo femenino y la tercera edad. En su mayor\u00eda s\u00f3lo tienen soluci\u00f3n quir\u00fargica, pero existe una t\u00e9cnica muy novedosa: la cirug\u00eda percut\u00e1nea del pie. Se realiza con anestesia s\u00f3lo del pie y permite salir ... Read more\" \/>\n<meta property=\"og:url\" content=\"https:\/\/ingenieriadebarcelona.es\/?page_id=591\" \/>\n<meta property=\"og:site_name\" content=\"Artroesport\" \/>\n<meta property=\"article:modified_time\" content=\"2019-03-26T10:55:17+00:00\" \/>\n<meta name=\"twitter:card\" content=\"summary_large_image\" \/>\n<meta name=\"twitter:label1\" content=\"Tiempo de lectura\" \/>\n\t<meta name=\"twitter:data1\" content=\"2 minutos\" \/>\n<script type=\"application\/ld+json\" class=\"yoast-schema-graph\">{\"@context\":\"https:\/\/schema.org\",\"@graph\":[{\"@type\":\"WebPage\",\"@id\":\"https:\/\/ingenieriadebarcelona.es\/?page_id=591\",\"url\":\"https:\/\/ingenieriadebarcelona.es\/?page_id=591\",\"name\":\"Cirug\u00eda Percutanea del Pie - Artroesport\",\"isPartOf\":{\"@id\":\"https:\/\/ingenieriadebarcelona.es\/#website\"},\"datePublished\":\"2019-03-26T10:52:02+00:00\",\"dateModified\":\"2019-03-26T10:55:17+00:00\",\"breadcrumb\":{\"@id\":\"https:\/\/ingenieriadebarcelona.es\/?page_id=591#breadcrumb\"},\"inLanguage\":\"es\",\"potentialAction\":[{\"@type\":\"ReadAction\",\"target\":[\"https:\/\/ingenieriadebarcelona.es\/?page_id=591\"]}]},{\"@type\":\"BreadcrumbList\",\"@id\":\"https:\/\/ingenieriadebarcelona.es\/?page_id=591#breadcrumb\",\"itemListElement\":[{\"@type\":\"ListItem\",\"position\":1,\"name\":\"Inicio\",\"item\":\"https:\/\/ingenieriadebarcelona.es\/\"},{\"@type\":\"ListItem\",\"position\":2,\"name\":\"Traumatolog\u00eda\",\"item\":\"https:\/\/ingenieriadebarcelona.es\/?page_id=371\"},{\"@type\":\"ListItem\",\"position\":3,\"name\":\"Cirug\u00eda Percutanea del Pie\"}]},{\"@type\":\"WebSite\",\"@id\":\"https:\/\/ingenieriadebarcelona.es\/#website\",\"url\":\"https:\/\/ingenieriadebarcelona.es\/\",\"name\":\"Artroesport\",\"description\":\"Artroesport\",\"publisher\":{\"@id\":\"https:\/\/ingenieriadebarcelona.es\/#organization\"},\"potentialAction\":[{\"@type\":\"SearchAction\",\"target\":{\"@type\":\"EntryPoint\",\"urlTemplate\":\"https:\/\/ingenieriadebarcelona.es\/?s={search_term_string}\"},\"query-input\":{\"@type\":\"PropertyValueSpecification\",\"valueRequired\":true,\"valueName\":\"search_term_string\"}}],\"inLanguage\":\"es\"},{\"@type\":\"Organization\",\"@id\":\"https:\/\/ingenieriadebarcelona.es\/#organization\",\"name\":\"Artroesport\",\"url\":\"https:\/\/ingenieriadebarcelona.es\/\",\"logo\":{\"@type\":\"ImageObject\",\"inLanguage\":\"es\",\"@id\":\"https:\/\/ingenieriadebarcelona.es\/#\/schema\/logo\/image\/\",\"url\":\"https:\/\/ingenieriadebarcelona.es\/wp-content\/uploads\/2019\/04\/Logo_web-300.png\",\"contentUrl\":\"https:\/\/ingenieriadebarcelona.es\/wp-content\/uploads\/2019\/04\/Logo_web-300.png\",\"width\":300,\"height\":45,\"caption\":\"Artroesport\"},\"image\":{\"@id\":\"https:\/\/ingenieriadebarcelona.es\/#\/schema\/logo\/image\/\"}}]}<\/script>\n<!-- \/ Yoast SEO plugin. -->","yoast_head_json":{"title":"Cirug\u00eda Percutanea del Pie - Artroesport","robots":{"index":"index","follow":"follow","max-snippet":"max-snippet:-1","max-image-preview":"max-image-preview:large","max-video-preview":"max-video-preview:-1"},"canonical":"https:\/\/ingenieriadebarcelona.es\/?page_id=591","og_locale":"es_ES","og_type":"article","og_title":"Cirug\u00eda Percutanea del Pie - Artroesport","og_description":"Cirug\u00eda Percutanea del Pie 1. \u00bfQu\u00e9 es? Las patolog\u00edas del pie son frecuentes entre la poblaci\u00f3n occidental, en particular entre el sexo femenino y la tercera edad. En su mayor\u00eda s\u00f3lo tienen soluci\u00f3n quir\u00fargica, pero existe una t\u00e9cnica muy novedosa: la cirug\u00eda percut\u00e1nea del pie. Se realiza con anestesia s\u00f3lo del pie y permite salir ... Read more","og_url":"https:\/\/ingenieriadebarcelona.es\/?page_id=591","og_site_name":"Artroesport","article_modified_time":"2019-03-26T10:55:17+00:00","twitter_card":"summary_large_image","twitter_misc":{"Tiempo de lectura":"2 minutos"},"schema":{"@context":"https:\/\/schema.org","@graph":[{"@type":"WebPage","@id":"https:\/\/ingenieriadebarcelona.es\/?page_id=591","url":"https:\/\/ingenieriadebarcelona.es\/?page_id=591","name":"Cirug\u00eda Percutanea del Pie - Artroesport","isPartOf":{"@id":"https:\/\/ingenieriadebarcelona.es\/#website"},"datePublished":"2019-03-26T10:52:02+00:00","dateModified":"2019-03-26T10:55:17+00:00","breadcrumb":{"@id":"https:\/\/ingenieriadebarcelona.es\/?page_id=591#breadcrumb"},"inLanguage":"es","potentialAction":[{"@type":"ReadAction","target":["https:\/\/ingenieriadebarcelona.es\/?page_id=591"]}]},{"@type":"BreadcrumbList","@id":"https:\/\/ingenieriadebarcelona.es\/?page_id=591#breadcrumb","itemListElement":[{"@type":"ListItem","position":1,"name":"Inicio","item":"https:\/\/ingenieriadebarcelona.es\/"},{"@type":"ListItem","position":2,"name":"Traumatolog\u00eda","item":"https:\/\/ingenieriadebarcelona.es\/?page_id=371"},{"@type":"ListItem","position":3,"name":"Cirug\u00eda Percutanea del Pie"}]},{"@type":"WebSite","@id":"https:\/\/ingenieriadebarcelona.es\/#website","url":"https:\/\/ingenieriadebarcelona.es\/","name":"Artroesport","description":"Artroesport","publisher":{"@id":"https:\/\/ingenieriadebarcelona.es\/#organization"},"potentialAction":[{"@type":"SearchAction","target":{"@type":"EntryPoint","urlTemplate":"https:\/\/ingenieriadebarcelona.es\/?s={search_term_string}"},"query-input":{"@type":"PropertyValueSpecification","valueRequired":true,"valueName":"search_term_string"}}],"inLanguage":"es"},{"@type":"Organization","@id":"https:\/\/ingenieriadebarcelona.es\/#organization","name":"Artroesport","url":"https:\/\/ingenieriadebarcelona.es\/","logo":{"@type":"ImageObject","inLanguage":"es","@id":"https:\/\/ingenieriadebarcelona.es\/#\/schema\/logo\/image\/","url":"https:\/\/ingenieriadebarcelona.es\/wp-content\/uploads\/2019\/04\/Logo_web-300.png","contentUrl":"https:\/\/ingenieriadebarcelona.es\/wp-content\/uploads\/2019\/04\/Logo_web-300.png","width":300,"height":45,"caption":"Artroesport"},"image":{"@id":"https:\/\/ingenieriadebarcelona.es\/#\/schema\/logo\/image\/"}}]}},"_links":{"self":[{"href":"https:\/\/ingenieriadebarcelona.es\/index.php?rest_route=\/wp\/v2\/pages\/591","targetHints":{"allow":["GET"]}}],"collection":[{"href":"https:\/\/ingenieriadebarcelona.es\/index.php?rest_route=\/wp\/v2\/pages"}],"about":[{"href":"https:\/\/ingenieriadebarcelona.es\/index.php?rest_route=\/wp\/v2\/types\/page"}],"author":[{"embeddable":true,"href":"https:\/\/ingenieriadebarcelona.es\/index.php?rest_route=\/wp\/v2\/users\/1"}],"replies":[{"embeddable":true,"href":"https:\/\/ingenieriadebarcelona.es\/index.php?rest_route=%2Fwp%2Fv2%2Fcomments&post=591"}],"version-history":[{"count":0,"href":"https:\/\/ingenieriadebarcelona.es\/index.php?rest_route=\/wp\/v2\/pages\/591\/revisions"}],"up":[{"embeddable":true,"href":"https:\/\/ingenieriadebarcelona.es\/index.php?rest_route=\/wp\/v2\/pages\/371"}],"wp:attachment":[{"href":"https:\/\/ingenieriadebarcelona.es\/index.php?rest_route=%2Fwp%2Fv2%2Fmedia&parent=591"}],"curies":[{"name":"wp","href":"https:\/\/api.w.org\/{rel}","templated":true}]}}