{"id":605,"date":"2019-03-26T11:19:23","date_gmt":"2019-03-26T11:19:23","guid":{"rendered":"https:\/\/ingenieriadebarcelona.es\/?page_id=605"},"modified":"2019-06-17T10:10:18","modified_gmt":"2019-06-17T10:10:18","slug":"microcirugia","status":"publish","type":"page","link":"https:\/\/ingenieriadebarcelona.es\/?page_id=605","title":{"rendered":"Microcirug\u00eda"},"content":{"rendered":"\t\t<div data-elementor-type=\"wp-post\" data-elementor-id=\"605\" class=\"elementor elementor-605\" data-elementor-post-type=\"page\">\n\t\t\t\t\t\t<section class=\"elementor-section elementor-top-section elementor-element elementor-element-4016aa5 elementor-section-boxed elementor-section-height-default elementor-section-height-default\" data-id=\"4016aa5\" data-element_type=\"section\" data-settings=\"{&quot;background_background&quot;:&quot;classic&quot;}\">\n\t\t\t\t\t\t<div class=\"elementor-container elementor-column-gap-default\">\n\t\t\t\t\t<div class=\"elementor-column elementor-col-100 elementor-top-column elementor-element elementor-element-4ae2a21\" data-id=\"4ae2a21\" data-element_type=\"column\">\n\t\t\t<div class=\"elementor-widget-wrap elementor-element-populated\">\n\t\t\t\t\t\t<div class=\"elementor-element elementor-element-7ea3546b elementor-widget elementor-widget-heading\" data-id=\"7ea3546b\" data-element_type=\"widget\" data-widget_type=\"heading.default\">\n\t\t\t\t<div class=\"elementor-widget-container\">\n\t\t\t\t\t<h1 class=\"elementor-heading-title elementor-size-default\">Microcirug\u00eda<\/h1>\t\t\t\t<\/div>\n\t\t\t\t<\/div>\n\t\t\t\t\t<\/div>\n\t\t<\/div>\n\t\t\t\t\t<\/div>\n\t\t<\/section>\n\t\t\t\t<section class=\"elementor-section elementor-top-section elementor-element elementor-element-392bb89 elementor-section-boxed elementor-section-height-default elementor-section-height-default\" data-id=\"392bb89\" data-element_type=\"section\">\n\t\t\t\t\t\t<div class=\"elementor-container elementor-column-gap-default\">\n\t\t\t\t\t<div class=\"elementor-column elementor-col-100 elementor-top-column elementor-element elementor-element-7bcd2ed8\" data-id=\"7bcd2ed8\" data-element_type=\"column\">\n\t\t\t<div class=\"elementor-widget-wrap elementor-element-populated\">\n\t\t\t\t\t\t<div class=\"elementor-element elementor-element-24fbc820 elementor-widget elementor-widget-breadcrumbs\" data-id=\"24fbc820\" data-element_type=\"widget\" data-widget_type=\"breadcrumbs.default\">\n\t\t\t\t<div class=\"elementor-widget-container\">\n\t\t\t\t\t<p id=\"breadcrumbs\"><span><span><a href=\"https:\/\/ingenieriadebarcelona.es\/\">Inicio<\/a><\/span><\/span><\/p>\t\t\t\t<\/div>\n\t\t\t\t<\/div>\n\t\t\t\t\t<\/div>\n\t\t<\/div>\n\t\t\t\t\t<\/div>\n\t\t<\/section>\n\t\t\t\t<section class=\"elementor-section elementor-top-section elementor-element elementor-element-69b910e0 elementor-section-boxed elementor-section-height-default elementor-section-height-default\" data-id=\"69b910e0\" data-element_type=\"section\">\n\t\t\t\t\t\t<div class=\"elementor-container elementor-column-gap-default\">\n\t\t\t\t\t<div class=\"elementor-column elementor-col-100 elementor-top-column elementor-element elementor-element-6b45e08c\" data-id=\"6b45e08c\" data-element_type=\"column\">\n\t\t\t<div class=\"elementor-widget-wrap elementor-element-populated\">\n\t\t\t\t\t\t<div class=\"elementor-element elementor-element-36d9a0b7 elementor-widget elementor-widget-text-editor\" data-id=\"36d9a0b7\" data-element_type=\"widget\" data-widget_type=\"text-editor.default\">\n\t\t\t\t<div class=\"elementor-widget-container\">\n\t\t\t\t\t\t\t\t\t<div class=\"top\"><h2>\u00bfQu\u00e9 es la microcirug\u00eda?<\/h2><\/div><p>La microcirug\u00eda es una t\u00e9cnica, dentro de la cirug\u00eda, en la que se utilizan medios \u00f3pticos especiales (lupas, microscopio) y materiales espec\u00edficos que permiten realizar\u00a0<b>suturas y anastomosis<\/b>\u00a0(conexi\u00f3n quir\u00fargica entre dos estructuras), en peque\u00f1os vasos y nervios, que a simple vista no ser\u00edan posible.<br \/>La definici\u00f3n de microscopio proviene de las palabras griegas mikros, que significa \u0308peque\u00f1o \u0308, y skopein, que significa \u0308ver \u0308. Los microscopios quir\u00fargicos poseen una magnificaci\u00f3n de m\u00e1s de 40X , y las lupas pueden aumentar hasta 6X (aumentos),<b>\u00a0permitiendo reparar vasos de entre 0.5 -2mm de di\u00e1metro<\/b>.<br \/>Al poder realizar estas\u00a0<b>anastomosis<\/b>, ha permitido a lo largo de su desarrollo el poder realizar\u00a0<b>transferencias de tejidos libres<\/b>\u00a0y su aplicaci\u00f3n en diferentes especialidades. En maxilofacial, por ejemplo, la transferencia de peron\u00e9 vascularizado en resecciones tumorales del maxilar, las transferencias musculares funcionales (gracilis libre) como en casos de las par\u00e1lisis del plexo braquial, o en fracturas complejas en traumatolog\u00eda con perdidas de tejido.<\/p><div class=\"secciones-texto-lado\"><div class=\"secciones-texto-lado-l\"><h3>Historia de la microcirug\u00eda<\/h3><p>La historia de la microcirug\u00eda, se remonta al a\u00f1o 1552 cuando Par\u00e9 describi\u00f3 la posibilidad de las reparaciones vasculares. El primer reporte cl\u00ednico con \u00e9xito fue en 1759, por Hallowell, qui\u00e9n reparo una lesi\u00f3n en la arteria braquial. La primera\u00a0<b>anastomosis<\/b>\u00a0vascular fue descrita por J. B. Murphy en 1897.\u00a0<br \/>El\u00a0<b>microscopio compuesto<\/b>\u00a0fue inventado por Zacar\u00edas Janssen en 1590, pero no fue hasta 1921 que tuvo uso quir\u00fargico por el ot\u00f3logo suizo, Olof Nylen. Jacobson Suarez, d\u00e9cadas despu\u00e9s, consigui\u00f3 llevar a cabo con \u00e9xito en las reparaciones microvasculares en vasos peque\u00f1os de 1 mm de di\u00e1metro. A partir de ese momento, los reimplantes se convirtieron en la principal aplicaci\u00f3n cl\u00ednica de la cirug\u00eda microvascular. En 1964, Malt report\u00f3 un reimplante exitoso de brazo, a un paciente de 12 a\u00f1os atropellado por un tren.\u00a0<br \/>El primer colgajo libre con \u00e9xito fue un transplante de\u00a0<b>omentum<\/b>\u00a0(tejido grasoso sobre la zona abdominal) hacia un defecto grande de\u00a0<b>scalp<\/b>\u00a0(\u00e1rea que recubre la cabeza y el cuello), realizado en 1970 en Oakland, California, por Mclean y Buncke.<\/p><\/div><div class=\"secciones-texto-lado-r\"><img fetchpriority=\"high\" decoding=\"async\" class=\"alignnone size-medium wp-image-608\" src=\"https:\/\/ingenieriadebarcelona.es\/wp-content\/uploads\/2019\/03\/microscopio-193x300.jpg\" alt=\"\" width=\"193\" height=\"300\" srcset=\"https:\/\/ingenieriadebarcelona.es\/wp-content\/uploads\/2019\/03\/microscopio-193x300.jpg 193w, https:\/\/ingenieriadebarcelona.es\/wp-content\/uploads\/2019\/03\/microscopio.jpg 237w\" sizes=\"(max-width: 193px) 100vw, 193px\" \/><\/div><\/div><div class=\"separador\">\u00a0<\/div><div><h3>\u00bfD\u00f3nde se aplica la microcirug\u00eda?<\/h3><p>Actualmente y en nuestro servicio, la\u00a0<b>microcirug\u00eda<\/b>\u00a0se aplica en las t\u00e9cnicas de reconstrucci\u00f3n en lesiones de nervios perif\u00e9ricos en general, y en las lesiones del\u00a0<b>plexo braquial<\/b>\u00a0(red nerviosa que conecta con la m\u00e9dula espinal). En particular, consiste en realizar anastomosis nerviosas con colocaci\u00f3n de injertos, en las\u00a0<b>neurotizaciones<\/b>\u00a0(uni\u00f3n de nervios sanos con nervios paralizados), as\u00ed como en las transferencias musculares libres de gracilis para la flexi\u00f3n del codo, o en las lesiones cr\u00f3nicas del plexo braquial. As\u00ed mismo, hay que destacar su aplicaci\u00f3n en las lesiones traum\u00e1ticas agudas de extremidades, en la que gracias a esta t\u00e9cnica podemos realizar reimplantes de todo tipo (dedos, mano pie etc).\u00a0<br \/>En la actualidad, tambi\u00e9n estamos realizando cirug\u00eda de \u201csalvamento\u201d en\u00a0<a href=\"https:\/\/ingenieriadebarcelona.es\/traumatologia\/\">lesiones graves<\/a>, con perdida de substancias en extremidades traum\u00e1ticas, con la aplicaci\u00f3n de injertos m\u00fasculo-cut\u00e1neos libres vascularizados (microanastomosis de vasos y nervios), que de otra manera acabar\u00edan en amputaciones de extremidades.\u00a0<\/p><\/div>\t\t\t\t\t\t\t\t<\/div>\n\t\t\t\t<\/div>\n\t\t\t\t\t<\/div>\n\t\t<\/div>\n\t\t\t\t\t<\/div>\n\t\t<\/section>\n\t\t\t\t<section class=\"elementor-section elementor-top-section elementor-element elementor-element-ccb0f03 elementor-section-boxed elementor-section-height-default elementor-section-height-default\" data-id=\"ccb0f03\" data-element_type=\"section\">\n\t\t\t\t\t\t<div class=\"elementor-container elementor-column-gap-default\">\n\t\t\t\t\t<div class=\"elementor-column elementor-col-100 elementor-top-column elementor-element elementor-element-f8573c7\" data-id=\"f8573c7\" data-element_type=\"column\">\n\t\t\t<div class=\"elementor-widget-wrap elementor-element-populated\">\n\t\t\t\t\t\t<div class=\"elementor-element elementor-element-dffe6dd elementor-widget elementor-widget-image\" data-id=\"dffe6dd\" data-element_type=\"widget\" data-widget_type=\"image.default\">\n\t\t\t\t<div class=\"elementor-widget-container\">\n\t\t\t\t\t\t\t\t\t\t\t\t\t\t\t<img decoding=\"async\" width=\"800\" height=\"600\" src=\"https:\/\/ingenieriadebarcelona.es\/wp-content\/uploads\/2019\/03\/colgajo-libre-vascularizado.jpg\" class=\"attachment-large size-large wp-image-609\" alt=\"\" srcset=\"https:\/\/ingenieriadebarcelona.es\/wp-content\/uploads\/2019\/03\/colgajo-libre-vascularizado.jpg 800w, https:\/\/ingenieriadebarcelona.es\/wp-content\/uploads\/2019\/03\/colgajo-libre-vascularizado-300x225.jpg 300w, https:\/\/ingenieriadebarcelona.es\/wp-content\/uploads\/2019\/03\/colgajo-libre-vascularizado-768x576.jpg 768w\" sizes=\"(max-width: 800px) 100vw, 800px\" \/>\t\t\t\t\t\t\t\t\t\t\t\t\t\t\t<\/div>\n\t\t\t\t<\/div>\n\t\t\t\t\t<\/div>\n\t\t<\/div>\n\t\t\t\t\t<\/div>\n\t\t<\/section>\n\t\t\t\t<section class=\"elementor-section elementor-top-section elementor-element elementor-element-4bf186e elementor-section-boxed elementor-section-height-default elementor-section-height-default\" data-id=\"4bf186e\" data-element_type=\"section\">\n\t\t\t\t\t\t<div class=\"elementor-container elementor-column-gap-default\">\n\t\t\t\t\t<div class=\"elementor-column elementor-col-100 elementor-top-column elementor-element elementor-element-3af79ef\" data-id=\"3af79ef\" data-element_type=\"column\">\n\t\t\t<div class=\"elementor-widget-wrap elementor-element-populated\">\n\t\t\t\t\t\t<div class=\"elementor-element elementor-element-7679020 elementor-widget elementor-widget-spacer\" data-id=\"7679020\" data-element_type=\"widget\" data-widget_type=\"spacer.default\">\n\t\t\t\t<div class=\"elementor-widget-container\">\n\t\t\t\t\t\t\t<div class=\"elementor-spacer\">\n\t\t\t<div class=\"elementor-spacer-inner\"><\/div>\n\t\t<\/div>\n\t\t\t\t\t\t<\/div>\n\t\t\t\t<\/div>\n\t\t\t\t\t<\/div>\n\t\t<\/div>\n\t\t\t\t\t<\/div>\n\t\t<\/section>\n\t\t\t\t<\/div>\n\t\t","protected":false},"excerpt":{"rendered":"<p>Microcirug\u00eda \u00bfQu\u00e9 es la microcirug\u00eda? La microcirug\u00eda es una t\u00e9cnica, dentro de la cirug\u00eda, en la que se utilizan medios \u00f3pticos especiales (lupas, microscopio) y materiales espec\u00edficos que permiten realizar\u00a0suturas y anastomosis\u00a0(conexi\u00f3n quir\u00fargica entre dos estructuras), en peque\u00f1os vasos y nervios, que a simple vista no ser\u00edan posible.La definici\u00f3n de microscopio proviene de las palabras &#8230; <a title=\"Microcirug\u00eda\" class=\"read-more\" href=\"https:\/\/ingenieriadebarcelona.es\/?page_id=605\" aria-label=\"Leer m\u00e1s sobre Microcirug\u00eda\">Read more<\/a><\/p>\n","protected":false},"author":1,"featured_media":0,"parent":0,"menu_order":0,"comment_status":"closed","ping_status":"closed","template":"","meta":{"footnotes":""},"class_list":["post-605","page","type-page","status-publish"],"yoast_head":"<!-- This site is optimized with the Yoast SEO plugin v26.3 - https:\/\/yoast.com\/wordpress\/plugins\/seo\/ -->\n<title>Microcirug\u00eda - Artroesport<\/title>\n<meta name=\"robots\" content=\"index, follow, max-snippet:-1, max-image-preview:large, max-video-preview:-1\" \/>\n<link rel=\"canonical\" href=\"https:\/\/ingenieriadebarcelona.es\/?page_id=605\" \/>\n<meta property=\"og:locale\" content=\"es_ES\" \/>\n<meta property=\"og:type\" content=\"article\" \/>\n<meta property=\"og:title\" content=\"Microcirug\u00eda - Artroesport\" \/>\n<meta property=\"og:description\" content=\"Microcirug\u00eda \u00bfQu\u00e9 es la microcirug\u00eda? La microcirug\u00eda es una t\u00e9cnica, dentro de la cirug\u00eda, en la que se utilizan medios \u00f3pticos especiales (lupas, microscopio) y materiales espec\u00edficos que permiten realizar\u00a0suturas y anastomosis\u00a0(conexi\u00f3n quir\u00fargica entre dos estructuras), en peque\u00f1os vasos y nervios, que a simple vista no ser\u00edan posible.La definici\u00f3n de microscopio proviene de las palabras ... Read more\" \/>\n<meta property=\"og:url\" content=\"https:\/\/ingenieriadebarcelona.es\/?page_id=605\" \/>\n<meta property=\"og:site_name\" content=\"Artroesport\" \/>\n<meta property=\"article:modified_time\" content=\"2019-06-17T10:10:18+00:00\" \/>\n<meta property=\"og:image\" content=\"https:\/\/ingenieriadebarcelona.es\/wp-content\/uploads\/2019\/03\/microscopio-193x300.jpg\" \/>\n<meta name=\"twitter:card\" content=\"summary_large_image\" \/>\n<meta name=\"twitter:label1\" content=\"Tiempo de lectura\" \/>\n\t<meta name=\"twitter:data1\" content=\"3 minutos\" \/>\n<script type=\"application\/ld+json\" class=\"yoast-schema-graph\">{\"@context\":\"https:\/\/schema.org\",\"@graph\":[{\"@type\":\"WebPage\",\"@id\":\"https:\/\/ingenieriadebarcelona.es\/?page_id=605\",\"url\":\"https:\/\/ingenieriadebarcelona.es\/?page_id=605\",\"name\":\"Microcirug\u00eda - Artroesport\",\"isPartOf\":{\"@id\":\"https:\/\/ingenieriadebarcelona.es\/#website\"},\"primaryImageOfPage\":{\"@id\":\"https:\/\/ingenieriadebarcelona.es\/?page_id=605#primaryimage\"},\"image\":{\"@id\":\"https:\/\/ingenieriadebarcelona.es\/?page_id=605#primaryimage\"},\"thumbnailUrl\":\"https:\/\/ingenieriadebarcelona.es\/wp-content\/uploads\/2019\/03\/microscopio-193x300.jpg\",\"datePublished\":\"2019-03-26T11:19:23+00:00\",\"dateModified\":\"2019-06-17T10:10:18+00:00\",\"breadcrumb\":{\"@id\":\"https:\/\/ingenieriadebarcelona.es\/?page_id=605#breadcrumb\"},\"inLanguage\":\"es\",\"potentialAction\":[{\"@type\":\"ReadAction\",\"target\":[\"https:\/\/ingenieriadebarcelona.es\/?page_id=605\"]}]},{\"@type\":\"ImageObject\",\"inLanguage\":\"es\",\"@id\":\"https:\/\/ingenieriadebarcelona.es\/?page_id=605#primaryimage\",\"url\":\"https:\/\/ingenieriadebarcelona.es\/wp-content\/uploads\/2019\/03\/microscopio.jpg\",\"contentUrl\":\"https:\/\/ingenieriadebarcelona.es\/wp-content\/uploads\/2019\/03\/microscopio.jpg\",\"width\":237,\"height\":368},{\"@type\":\"BreadcrumbList\",\"@id\":\"https:\/\/ingenieriadebarcelona.es\/?page_id=605#breadcrumb\",\"itemListElement\":[{\"@type\":\"ListItem\",\"position\":1,\"name\":\"Inicio\",\"item\":\"https:\/\/ingenieriadebarcelona.es\/\"},{\"@type\":\"ListItem\",\"position\":2,\"name\":\"Microcirug\u00eda\"}]},{\"@type\":\"WebSite\",\"@id\":\"https:\/\/ingenieriadebarcelona.es\/#website\",\"url\":\"https:\/\/ingenieriadebarcelona.es\/\",\"name\":\"Artroesport\",\"description\":\"Artroesport\",\"publisher\":{\"@id\":\"https:\/\/ingenieriadebarcelona.es\/#organization\"},\"potentialAction\":[{\"@type\":\"SearchAction\",\"target\":{\"@type\":\"EntryPoint\",\"urlTemplate\":\"https:\/\/ingenieriadebarcelona.es\/?s={search_term_string}\"},\"query-input\":{\"@type\":\"PropertyValueSpecification\",\"valueRequired\":true,\"valueName\":\"search_term_string\"}}],\"inLanguage\":\"es\"},{\"@type\":\"Organization\",\"@id\":\"https:\/\/ingenieriadebarcelona.es\/#organization\",\"name\":\"Artroesport\",\"url\":\"https:\/\/ingenieriadebarcelona.es\/\",\"logo\":{\"@type\":\"ImageObject\",\"inLanguage\":\"es\",\"@id\":\"https:\/\/ingenieriadebarcelona.es\/#\/schema\/logo\/image\/\",\"url\":\"https:\/\/ingenieriadebarcelona.es\/wp-content\/uploads\/2019\/04\/Logo_web-300.png\",\"contentUrl\":\"https:\/\/ingenieriadebarcelona.es\/wp-content\/uploads\/2019\/04\/Logo_web-300.png\",\"width\":300,\"height\":45,\"caption\":\"Artroesport\"},\"image\":{\"@id\":\"https:\/\/ingenieriadebarcelona.es\/#\/schema\/logo\/image\/\"}}]}<\/script>\n<!-- \/ Yoast SEO plugin. -->","yoast_head_json":{"title":"Microcirug\u00eda - Artroesport","robots":{"index":"index","follow":"follow","max-snippet":"max-snippet:-1","max-image-preview":"max-image-preview:large","max-video-preview":"max-video-preview:-1"},"canonical":"https:\/\/ingenieriadebarcelona.es\/?page_id=605","og_locale":"es_ES","og_type":"article","og_title":"Microcirug\u00eda - Artroesport","og_description":"Microcirug\u00eda \u00bfQu\u00e9 es la microcirug\u00eda? La microcirug\u00eda es una t\u00e9cnica, dentro de la cirug\u00eda, en la que se utilizan medios \u00f3pticos especiales (lupas, microscopio) y materiales espec\u00edficos que permiten realizar\u00a0suturas y anastomosis\u00a0(conexi\u00f3n quir\u00fargica entre dos estructuras), en peque\u00f1os vasos y nervios, que a simple vista no ser\u00edan posible.La definici\u00f3n de microscopio proviene de las palabras ... Read more","og_url":"https:\/\/ingenieriadebarcelona.es\/?page_id=605","og_site_name":"Artroesport","article_modified_time":"2019-06-17T10:10:18+00:00","og_image":[{"url":"https:\/\/ingenieriadebarcelona.es\/wp-content\/uploads\/2019\/03\/microscopio-193x300.jpg","type":"","width":"","height":""}],"twitter_card":"summary_large_image","twitter_misc":{"Tiempo de lectura":"3 minutos"},"schema":{"@context":"https:\/\/schema.org","@graph":[{"@type":"WebPage","@id":"https:\/\/ingenieriadebarcelona.es\/?page_id=605","url":"https:\/\/ingenieriadebarcelona.es\/?page_id=605","name":"Microcirug\u00eda - Artroesport","isPartOf":{"@id":"https:\/\/ingenieriadebarcelona.es\/#website"},"primaryImageOfPage":{"@id":"https:\/\/ingenieriadebarcelona.es\/?page_id=605#primaryimage"},"image":{"@id":"https:\/\/ingenieriadebarcelona.es\/?page_id=605#primaryimage"},"thumbnailUrl":"https:\/\/ingenieriadebarcelona.es\/wp-content\/uploads\/2019\/03\/microscopio-193x300.jpg","datePublished":"2019-03-26T11:19:23+00:00","dateModified":"2019-06-17T10:10:18+00:00","breadcrumb":{"@id":"https:\/\/ingenieriadebarcelona.es\/?page_id=605#breadcrumb"},"inLanguage":"es","potentialAction":[{"@type":"ReadAction","target":["https:\/\/ingenieriadebarcelona.es\/?page_id=605"]}]},{"@type":"ImageObject","inLanguage":"es","@id":"https:\/\/ingenieriadebarcelona.es\/?page_id=605#primaryimage","url":"https:\/\/ingenieriadebarcelona.es\/wp-content\/uploads\/2019\/03\/microscopio.jpg","contentUrl":"https:\/\/ingenieriadebarcelona.es\/wp-content\/uploads\/2019\/03\/microscopio.jpg","width":237,"height":368},{"@type":"BreadcrumbList","@id":"https:\/\/ingenieriadebarcelona.es\/?page_id=605#breadcrumb","itemListElement":[{"@type":"ListItem","position":1,"name":"Inicio","item":"https:\/\/ingenieriadebarcelona.es\/"},{"@type":"ListItem","position":2,"name":"Microcirug\u00eda"}]},{"@type":"WebSite","@id":"https:\/\/ingenieriadebarcelona.es\/#website","url":"https:\/\/ingenieriadebarcelona.es\/","name":"Artroesport","description":"Artroesport","publisher":{"@id":"https:\/\/ingenieriadebarcelona.es\/#organization"},"potentialAction":[{"@type":"SearchAction","target":{"@type":"EntryPoint","urlTemplate":"https:\/\/ingenieriadebarcelona.es\/?s={search_term_string}"},"query-input":{"@type":"PropertyValueSpecification","valueRequired":true,"valueName":"search_term_string"}}],"inLanguage":"es"},{"@type":"Organization","@id":"https:\/\/ingenieriadebarcelona.es\/#organization","name":"Artroesport","url":"https:\/\/ingenieriadebarcelona.es\/","logo":{"@type":"ImageObject","inLanguage":"es","@id":"https:\/\/ingenieriadebarcelona.es\/#\/schema\/logo\/image\/","url":"https:\/\/ingenieriadebarcelona.es\/wp-content\/uploads\/2019\/04\/Logo_web-300.png","contentUrl":"https:\/\/ingenieriadebarcelona.es\/wp-content\/uploads\/2019\/04\/Logo_web-300.png","width":300,"height":45,"caption":"Artroesport"},"image":{"@id":"https:\/\/ingenieriadebarcelona.es\/#\/schema\/logo\/image\/"}}]}},"_links":{"self":[{"href":"https:\/\/ingenieriadebarcelona.es\/index.php?rest_route=\/wp\/v2\/pages\/605","targetHints":{"allow":["GET"]}}],"collection":[{"href":"https:\/\/ingenieriadebarcelona.es\/index.php?rest_route=\/wp\/v2\/pages"}],"about":[{"href":"https:\/\/ingenieriadebarcelona.es\/index.php?rest_route=\/wp\/v2\/types\/page"}],"author":[{"embeddable":true,"href":"https:\/\/ingenieriadebarcelona.es\/index.php?rest_route=\/wp\/v2\/users\/1"}],"replies":[{"embeddable":true,"href":"https:\/\/ingenieriadebarcelona.es\/index.php?rest_route=%2Fwp%2Fv2%2Fcomments&post=605"}],"version-history":[{"count":0,"href":"https:\/\/ingenieriadebarcelona.es\/index.php?rest_route=\/wp\/v2\/pages\/605\/revisions"}],"wp:attachment":[{"href":"https:\/\/ingenieriadebarcelona.es\/index.php?rest_route=%2Fwp%2Fv2%2Fmedia&parent=605"}],"curies":[{"name":"wp","href":"https:\/\/api.w.org\/{rel}","templated":true}]}}