{"id":890,"date":"2019-06-11T13:45:48","date_gmt":"2019-06-11T13:45:48","guid":{"rendered":"https:\/\/ingenieriadebarcelona.es\/?page_id=890"},"modified":"2019-07-10T11:38:50","modified_gmt":"2019-07-10T11:38:50","slug":"politica-de-cookies","status":"publish","type":"page","link":"https:\/\/ingenieriadebarcelona.es\/?page_id=890","title":{"rendered":"Pol\u00edtica de Cookies"},"content":{"rendered":"\t\t<div data-elementor-type=\"wp-post\" data-elementor-id=\"890\" class=\"elementor elementor-890\" data-elementor-post-type=\"page\">\n\t\t\t\t\t\t<section class=\"elementor-section elementor-top-section elementor-element elementor-element-b7f8944 elementor-section-boxed elementor-section-height-default elementor-section-height-default\" data-id=\"b7f8944\" data-element_type=\"section\" data-settings=\"{&quot;background_background&quot;:&quot;classic&quot;}\">\n\t\t\t\t\t\t<div class=\"elementor-container elementor-column-gap-default\">\n\t\t\t\t\t<div class=\"elementor-column elementor-col-100 elementor-top-column elementor-element elementor-element-6679304\" data-id=\"6679304\" data-element_type=\"column\">\n\t\t\t<div class=\"elementor-widget-wrap elementor-element-populated\">\n\t\t\t\t\t\t\t<\/div>\n\t\t<\/div>\n\t\t\t\t\t<\/div>\n\t\t<\/section>\n\t\t\t\t<section class=\"elementor-section elementor-top-section elementor-element elementor-element-8533c7a elementor-section-boxed elementor-section-height-default elementor-section-height-default\" data-id=\"8533c7a\" data-element_type=\"section\">\n\t\t\t\t\t\t<div class=\"elementor-container elementor-column-gap-default\">\n\t\t\t\t\t<div class=\"elementor-column elementor-col-100 elementor-top-column elementor-element elementor-element-1f5ea6c\" data-id=\"1f5ea6c\" data-element_type=\"column\">\n\t\t\t<div class=\"elementor-widget-wrap elementor-element-populated\">\n\t\t\t\t\t\t<div class=\"elementor-element elementor-element-619fb26 elementor-widget elementor-widget-text-editor\" data-id=\"619fb26\" data-element_type=\"widget\" data-widget_type=\"text-editor.default\">\n\t\t\t\t<div class=\"elementor-widget-container\">\n\t\t\t\t\t\t\t\t\t<p><strong>\u00bfServeis Traumatologics Artro Sport, S.L utiliza cookies?<\/strong><\/p><p>Serveis Traumatologics Artro Sport, S.L utiliza cookies con el fin de facilitar tu navegaci\u00f3n y proporcionarte una mejor experiencia. Esta pol\u00edtica explica c\u00f3mo lo hacemos.<\/p><p>\u00a0<\/p><p><strong>\u00bfQu\u00e9 es una cookie ?<\/strong><\/p><p>Como sabes, las cookies son peque\u00f1os ficheros de datos que se alojan en el ordenador del usuario de Serveis Traumatologics Artro Sport, S.L y que contienen cierta informaci\u00f3n de la visita que haces a la p\u00e1gina web. La cookie es descargada por el dispositivo que usas para acceder a nuestra web y almacenada en el disco duro de dicho dispositivo. Estas cookies tienen varias utilidades, entre ellas permitir que nuestra web reconozca tu dispositivo cuando vuelvas a visitarnos, asegurar que recibes el contenido correcto y guardar informaci\u00f3n con preferencias o servicios que nos hayas proporcionado.<\/p><p>Utilizamos la palabra cookies en esta pol\u00edtica para referirnos a todos los archivos que almacenan informaci\u00f3n de esta manera.<\/p><p>\u00a0<\/p><p><strong>\u00bfQu\u00e9 cookies\u00a0 utilizamos?<\/strong><\/p><p>Nuestro software y el analizador de tr\u00e1fico del sitio web utiliza cookies y seguimientos de IP que nos permiten recoger datos a efectos estad\u00edsticos tales como la fecha de la primera visita, n\u00famero de veces que se ha visitado, fecha de la \u00faltima visita, URL y dominio de la que proviene, explorador utilizado y resoluci\u00f3n de la pantalla.<\/p><p>No obstante, el usuario si lo desea puede desactivar y\/o eliminar estas cookies siguiendo las instrucciones de su navegador de internet aunque su capacidad de utilizar funcionalidades del\u00a0sitio puede verse mermada sensiblemente y no ser compatible con las necesidades del usuario.<\/p><p>Estas cookies obtienen informaci\u00f3n gen\u00e9rica sobre los accesos de los usuarios al sitio web (no al contenido del mismo) para proporcionarnos posteriormente informaci\u00f3n agregada de dichos accesos con fines estad\u00edsticos<\/p><p>Las cookies de nuestra web se dividen en cuatro categor\u00edas:<\/p><p><strong>Cookies esenciales<\/strong><\/p><p>Algunas cookies son esenciales para el funcionamiento de nuestra web. Por ejemplo, las\u00a0cookies nos permiten identificar los usuarios de manera que puedan entrar en sus cuentas. Si decides no habilitar estas cookies, no podr\u00e1s acceder a tu cuenta.<\/p><p><strong>Cookies de rendimiento<\/strong><\/p><p>Utilizamos cookies para analizar c\u00f3mo los visitantes usan nuestra web y monitorizar el rendimiento de nuestra web. Esto nos permite identificar problemas y solucionarlos r\u00e1pidamente. Por ejemplo, podemos utilizar las cookies de rendimiento para mantener un registro de qu\u00e9 p\u00e1ginas son m\u00e1s populares. Tambi\u00e9n puede ser que utilicemos las cookies de rendimiento para mostrar enlaces a otras p\u00e1ginas que creamos que te pueden interesar, en base a las p\u00e1ginas que has visto anteriormente.<\/p><p><strong>Cookies de funcionalidad<\/strong><\/p><p>Usamos cookies de funcionalidad para recordar tus preferencias. Por ejemplo, recordamos cambios que hayas hecho en las preferencias de tu cuenta. Tambi\u00e9n podemos usar las cookies de funcionalidad para ofrecerte otros servicios, como poder cargar archivos de v\u00eddeo en nuestra web.<\/p><p><strong>Cookies de publicidad o seguimiento<\/strong><\/p><p>Tanto nosotros como nuestros anunciantes externos usamos cookies para ofrecerte anuncios que consideremos relevantes y que puedan ser de tu inter\u00e9s.<\/p>\t\t\t\t\t\t\t\t<\/div>\n\t\t\t\t<\/div>\n\t\t\t\t<div class=\"elementor-element elementor-element-6f381ad elementor-widget elementor-widget-text-editor\" data-id=\"6f381ad\" data-element_type=\"widget\" data-widget_type=\"text-editor.default\">\n\t\t\t\t<div class=\"elementor-widget-container\">\n\t\t\t\t\t\t\t\t\t<table style=\"border-collapse: collapse; width: 130pt;\" border=\"0\" width=\"174\" cellspacing=\"0\" cellpadding=\"0\"><colgroup><col style=\"width: 65pt;\" span=\"2\" width=\"87\" \/> <\/colgroup><tbody><tr style=\"height: 16.0pt; min-width: 0px; min-height: 0px; box-sizing: border-box; display: table-row;\"><td style=\"height: 16.0pt; width: 65pt;\" width=\"87\" height=\"21\"><strong>Nombre<\/strong><\/td><td style=\"width: 65pt;\" width=\"87\"><strong>Dominio<\/strong><\/td><\/tr><tr style=\"height: 16.0pt; min-width: 0px; min-height: 0px; box-sizing: border-box; display: table-row;\"><td class=\"xl63\" style=\"height: 16.0pt; min-width: 0px; min-height: 0px; box-sizing: border-box; text-overflow: ellipsis; user-select: text;\" height=\"21\">1P_JAR<\/td><td class=\"xl63\" style=\"min-width: 0px; min-height: 0px; box-sizing: border-box; text-overflow: ellipsis; user-select: text;\">.gstatic.com<\/td><\/tr><tr style=\"height: 16.0pt; min-width: 0px; min-height: 0px; box-sizing: border-box; display: table-row;\"><td class=\"xl63\" style=\"height: 16.0pt; min-width: 0px; min-height: 0px; box-sizing: border-box; text-overflow: ellipsis; user-select: text;\" height=\"21\">__atuvc<\/td><td class=\"xl63\" style=\"min-width: 0px; min-height: 0px; box-sizing: border-box; text-overflow: ellipsis; user-select: text;\">doctorfraguas.es<\/td><\/tr><tr style=\"height: 16.0pt; min-width: 0px; min-height: 0px; box-sizing: border-box; display: table-row;\"><td class=\"xl63\" style=\"height: 16.0pt; min-width: 0px; min-height: 0px; box-sizing: border-box; text-overflow: ellipsis; user-select: text;\" height=\"21\">__utma<\/td><td class=\"xl63\" style=\"min-width: 0px; min-height: 0px; box-sizing: border-box; text-overflow: ellipsis; user-select: text;\">.doctorfraguas.es<\/td><\/tr><tr style=\"height: 16.0pt; min-width: 0px; min-height: 0px; box-sizing: border-box; display: table-row;\"><td class=\"xl63\" style=\"height: 16.0pt; min-width: 0px; min-height: 0px; box-sizing: border-box; text-overflow: ellipsis; user-select: text;\" height=\"21\">__utmz<\/td><td class=\"xl63\" style=\"min-width: 0px; min-height: 0px; box-sizing: border-box; text-overflow: ellipsis; user-select: text;\">.doctorfraguas.es<\/td><\/tr><tr style=\"height: 16.0pt; min-width: 0px; min-height: 0px; box-sizing: border-box; display: table-row;\"><td class=\"xl63\" style=\"height: 16.0pt; min-width: 0px; min-height: 0px; box-sizing: border-box; text-overflow: ellipsis; user-select: text;\" height=\"21\">_ga<\/td><td class=\"xl63\" style=\"min-width: 0px; min-height: 0px; box-sizing: border-box; text-overflow: ellipsis; user-select: text;\">.doctorfraguas.es<\/td><\/tr><tr style=\"height: 16.0pt; min-width: 0px; min-height: 0px; box-sizing: border-box; display: table-row; background-color: var(--selection-bg-color); color: var(--selection-fg-color);\"><td class=\"xl63\" style=\"height: 16.0pt; min-width: 0px; min-height: 0px; box-sizing: border-box; text-overflow: ellipsis; user-select: text;\" height=\"21\">_gat_gtag_UA_141690888_1<\/td><td class=\"xl63\" style=\"min-width: 0px; min-height: 0px; box-sizing: border-box; text-overflow: ellipsis; user-select: text;\">.doctorfraguas.es<\/td><\/tr><tr style=\"height: 16.0pt; min-width: 0px; min-height: 0px; box-sizing: border-box; display: table-row;\"><td class=\"xl63\" style=\"height: 16.0pt; min-width: 0px; min-height: 0px; box-sizing: border-box; text-overflow: ellipsis; user-select: text;\" height=\"21\">_gid<\/td><td class=\"xl63\" style=\"min-width: 0px; min-height: 0px; box-sizing: border-box; text-overflow: ellipsis; user-select: text;\">.doctorfraguas.es<\/td><\/tr><tr style=\"height: 16.0pt; min-width: 0px; min-height: 0px; box-sizing: border-box; display: table-row;\"><td class=\"xl63\" style=\"height: 16.0pt; min-width: 0px; min-height: 0px; box-sizing: border-box; text-overflow: ellipsis; user-select: text;\" height=\"21\">wp-settings-1<\/td><td class=\"xl63\" style=\"min-width: 0px; min-height: 0px; box-sizing: border-box; text-overflow: ellipsis; user-select: text;\">doctorfraguas.es<\/td><\/tr><tr style=\"height: 16.0pt; min-width: 0px; min-height: 0px; box-sizing: border-box; display: table-row;\"><td class=\"xl63\" style=\"height: 16.0pt; min-width: 0px; min-height: 0px; box-sizing: border-box; text-overflow: ellipsis; user-select: text;\" height=\"21\">wp-settings-time-1<\/td><td class=\"xl63\" style=\"min-width: 0px; min-height: 0px; box-sizing: border-box; text-overflow: ellipsis; user-select: text;\">doctorfraguas.es<\/td><\/tr><\/tbody><\/table>\t\t\t\t\t\t\t\t<\/div>\n\t\t\t\t<\/div>\n\t\t\t\t<div class=\"elementor-element elementor-element-4a544e4 elementor-widget elementor-widget-text-editor\" data-id=\"4a544e4\" data-element_type=\"widget\" data-widget_type=\"text-editor.default\">\n\t\t\t\t<div class=\"elementor-widget-container\">\n\t\t\t\t\t\t\t\t\t<p><strong>Cookies de terceros<\/strong><\/p><p>Te informamos que hay terceros que pueden usar cookies sobre las que nosotros no tenemos ning\u00fan control para ofrecerte anuncios personalizados. Estas cookies probablemente sean de rendimiento o de publicidad\/seguimiento. No tenemos control sobre estas cookies de terceros y para obtener m\u00e1s informaci\u00f3n deber\u00edas comprobar la pol\u00edtica de privacidad y\/o cookies del tercero.<\/p><p>A continuaci\u00f3n se incluye un cuadro con las cookies utilizadas por este sitio web junto con la finalidad de cada una de ellas.<\/p>\t\t\t\t\t\t\t\t<\/div>\n\t\t\t\t<\/div>\n\t\t\t\t<div class=\"elementor-element elementor-element-78b5bed elementor-widget elementor-widget-text-editor\" data-id=\"78b5bed\" data-element_type=\"widget\" data-widget_type=\"text-editor.default\">\n\t\t\t\t<div class=\"elementor-widget-container\">\n\t\t\t\t\t\t\t\t\t<table width=\"1451\"><tbody><tr><td width=\"177\"><p><strong>Cookie <\/strong><\/p><\/td><td width=\"932\"><p><strong>Funcio\u0301n <\/strong><\/p><\/td><td width=\"171\"><p><strong>Duracio\u0301n <\/strong><\/p><\/td><td width=\"171\"><p><strong>Gestio\u0301n <\/strong><\/p><\/td><\/tr><tr><td width=\"177\"><p><strong>GOOGLE ANALYTICS <\/strong><\/p><\/td><td width=\"932\">\u00a0<\/td><td width=\"171\">\u00a0<\/td><td width=\"171\">\u00a0<\/td><\/tr><tr><td width=\"177\"><p><strong>_UTMA <\/strong><\/p><\/td><td width=\"932\"><p>Tracking de las visitas de un usuario a la web<\/p><\/td><td width=\"171\"><p>2 an\u0303os<\/p><\/td><td width=\"171\"><p>Google<\/p><\/td><\/tr><tr><td width=\"177\"><p><strong>_UTMB <\/strong><\/p><\/td><td width=\"932\"><p>Tracking de duracio\u0301n de la visita<\/p><\/td><td width=\"171\"><p>30 minutos<\/p><\/td><td width=\"171\"><p>Google<\/p><\/td><\/tr><tr><td width=\"177\"><p><strong>_UTMC <\/strong><\/p><\/td><td width=\"932\"><p>Tracking de la duracio\u0301n de la vista<\/p><\/td><td width=\"171\"><p>Sesio\u0301n<\/p><\/td><td width=\"171\"><p>Google<\/p><\/td><\/tr><tr><td width=\"177\"><p><strong>_UTMZ <\/strong><\/p><\/td><td width=\"932\"><p>Tracking del origen del usuario y<br \/>Keywords<\/p><\/td><td width=\"171\"><p>6 meses<\/p><\/td><td width=\"171\"><p>Google<\/p><\/td><\/tr><tr><td width=\"177\"><p><strong>YOUTUBE <\/strong><\/p><\/td><td width=\"932\">\u00a0<\/td><td width=\"171\">\u00a0<\/td><td width=\"171\">\u00a0<\/td><\/tr><tr><td width=\"177\"><p><strong>_PREF <\/strong><\/p><\/td><td width=\"932\"><p>Almacena preferencias de configuracio\u0301n como idioma, nu\u0301mero de resultados de bu\u0301squeda mostrados por pa\u0301gina o activacio\u0301n del filtro SafeSearch de Google<\/p><\/td><td width=\"171\"><p>10 an\u0303os<\/p><\/td><td width=\"171\"><p>Youtube<\/p><\/td><\/tr><tr><td width=\"177\"><p><strong>_VISITOR_INFO1_LIVE <\/strong><\/p><\/td><td width=\"932\"><p>Seguimiento de los vi\u0301deos visitados incrustados en la web<\/p><\/td><td width=\"171\"><p>240 di\u0301as<\/p><\/td><td width=\"171\"><p>Youtube<\/p><\/td><\/tr><tr><td width=\"177\"><p><strong>_YSC <\/strong><\/p><\/td><td width=\"932\"><p>Mide las reproducciones de vi\u0301deos del usuario y registra los eventos<\/p><\/td><td width=\"171\"><p>Con la sesio\u0301n del navegador<\/p><\/td><td width=\"171\"><p>Youtube<\/p><\/td><\/tr><\/tbody><\/table>\t\t\t\t\t\t\t\t<\/div>\n\t\t\t\t<\/div>\n\t\t\t\t<div class=\"elementor-element elementor-element-ace0bc5 elementor-widget elementor-widget-text-editor\" data-id=\"ace0bc5\" data-element_type=\"widget\" data-widget_type=\"text-editor.default\">\n\t\t\t\t<div class=\"elementor-widget-container\">\n\t\t\t\t\t\t\t\t\t<div class=\"page\" title=\"Page 2\"><div class=\"layoutArea\"><div class=\"column\"><p><span style=\"font-weight: bold;\">\u00bfCo\u0301mo puedo activar o desactivar las cookies?<\/span><\/p><p>Puedes cambiar las preferencias de tu navegador para limitar el acceso de determinadas cookies a tu ordenador. Estas preferencias se suelen encontrar en el menu\u0301 \u201copciones\u201d o \u201cpreferencias\u201d de tu navegador.<\/p><\/div><\/div><div class=\"layoutArea\"><div class=\"column\"><p>Puedes encontrar ma\u0301s informacio\u0301n aqui\u0301, o en el menu\u0301 \u201cAyuda\u201d de tu navegador:<\/p><\/div><\/div><\/div><div class=\"page\" title=\"Page 3\"><div class=\"layoutArea\"><div class=\"column\"><p>Preferencias de cookies en Internet Explorer<br \/>Preferencias de cookies en Chrome<br \/>Preferencias de cookies en Firefox<br \/>Preferencias de cookies en Safari<\/p><div class=\"page\" title=\"Page 2\"><div class=\"layoutArea\"><div class=\"column\">No obstante, si cambias tus preferencias y bloqueas las cookies, algunas funcionalidades de nuestra web quedara\u0301n anuladas y no podra\u0301s sacar todo el partido a las caracteri\u0301sticas de nuestra web.<\/div><\/div><\/div><p>Ma\u0301s informacio\u0301n sobre cookies<\/p><p>Puedes encontrar ma\u0301s informacio\u0301n sobre cookies en: <a href=\"http:\/\/www.allaboutcookies.org\">www.allaboutcookies.org<\/a> o <a href=\"http:\/\/www.youronlinechoices.eu\">www.youronlinechoices.eu<\/a>.<\/p><\/div><\/div><div class=\"layoutArea\"><div class=\"column\"><p>Gracias por confiar en nosotros,<\/p><\/div><\/div><div class=\"layoutArea\"><div class=\"column\"><p>\u00a1Bienvenido a Serveis Traumatologics Artro Sport, S.L!<\/p><\/div><\/div><\/div>\t\t\t\t\t\t\t\t<\/div>\n\t\t\t\t<\/div>\n\t\t\t\t\t<\/div>\n\t\t<\/div>\n\t\t\t\t\t<\/div>\n\t\t<\/section>\n\t\t\t\t<\/div>\n\t\t","protected":false},"excerpt":{"rendered":"<p>\u00bfServeis Traumatologics Artro Sport, S.L utiliza cookies? Serveis Traumatologics Artro Sport, S.L utiliza cookies con el fin de facilitar tu navegaci\u00f3n y proporcionarte una mejor experiencia. Esta pol\u00edtica explica c\u00f3mo lo hacemos. \u00a0 \u00bfQu\u00e9 es una cookie ? Como sabes, las cookies son peque\u00f1os ficheros de datos que se alojan en el ordenador del usuario &#8230; <a title=\"Pol\u00edtica de Cookies\" class=\"read-more\" href=\"https:\/\/ingenieriadebarcelona.es\/?page_id=890\" aria-label=\"Leer m\u00e1s sobre Pol\u00edtica de Cookies\">Read more<\/a><\/p>\n","protected":false},"author":1,"featured_media":0,"parent":0,"menu_order":0,"comment_status":"closed","ping_status":"closed","template":"","meta":{"footnotes":""},"class_list":["post-890","page","type-page","status-publish"],"yoast_head":"<!-- This site is optimized with the Yoast SEO plugin v26.3 - https:\/\/yoast.com\/wordpress\/plugins\/seo\/ -->\n<title>Pol\u00edtica de Cookies - Artroesport<\/title>\n<meta name=\"robots\" content=\"index, follow, max-snippet:-1, max-image-preview:large, max-video-preview:-1\" \/>\n<link rel=\"canonical\" href=\"https:\/\/ingenieriadebarcelona.es\/?page_id=890\" \/>\n<meta property=\"og:locale\" content=\"es_ES\" \/>\n<meta property=\"og:type\" content=\"article\" \/>\n<meta property=\"og:title\" content=\"Pol\u00edtica de Cookies - Artroesport\" \/>\n<meta property=\"og:description\" content=\"\u00bfServeis Traumatologics Artro Sport, S.L utiliza cookies? Serveis Traumatologics Artro Sport, S.L utiliza cookies con el fin de facilitar tu navegaci\u00f3n y proporcionarte una mejor experiencia. Esta pol\u00edtica explica c\u00f3mo lo hacemos. \u00a0 \u00bfQu\u00e9 es una cookie ? Como sabes, las cookies son peque\u00f1os ficheros de datos que se alojan en el ordenador del usuario ... Read more\" \/>\n<meta property=\"og:url\" content=\"https:\/\/ingenieriadebarcelona.es\/?page_id=890\" \/>\n<meta property=\"og:site_name\" content=\"Artroesport\" \/>\n<meta property=\"article:modified_time\" content=\"2019-07-10T11:38:50+00:00\" \/>\n<meta name=\"twitter:card\" content=\"summary_large_image\" \/>\n<meta name=\"twitter:label1\" content=\"Tiempo de lectura\" \/>\n\t<meta name=\"twitter:data1\" content=\"4 minutos\" \/>\n<script type=\"application\/ld+json\" class=\"yoast-schema-graph\">{\"@context\":\"https:\/\/schema.org\",\"@graph\":[{\"@type\":\"WebPage\",\"@id\":\"https:\/\/ingenieriadebarcelona.es\/?page_id=890\",\"url\":\"https:\/\/ingenieriadebarcelona.es\/?page_id=890\",\"name\":\"Pol\u00edtica de Cookies - Artroesport\",\"isPartOf\":{\"@id\":\"https:\/\/ingenieriadebarcelona.es\/#website\"},\"datePublished\":\"2019-06-11T13:45:48+00:00\",\"dateModified\":\"2019-07-10T11:38:50+00:00\",\"breadcrumb\":{\"@id\":\"https:\/\/ingenieriadebarcelona.es\/?page_id=890#breadcrumb\"},\"inLanguage\":\"es\",\"potentialAction\":[{\"@type\":\"ReadAction\",\"target\":[\"https:\/\/ingenieriadebarcelona.es\/?page_id=890\"]}]},{\"@type\":\"BreadcrumbList\",\"@id\":\"https:\/\/ingenieriadebarcelona.es\/?page_id=890#breadcrumb\",\"itemListElement\":[{\"@type\":\"ListItem\",\"position\":1,\"name\":\"Inicio\",\"item\":\"https:\/\/ingenieriadebarcelona.es\/\"},{\"@type\":\"ListItem\",\"position\":2,\"name\":\"Pol\u00edtica de Cookies\"}]},{\"@type\":\"WebSite\",\"@id\":\"https:\/\/ingenieriadebarcelona.es\/#website\",\"url\":\"https:\/\/ingenieriadebarcelona.es\/\",\"name\":\"Artroesport\",\"description\":\"Artroesport\",\"publisher\":{\"@id\":\"https:\/\/ingenieriadebarcelona.es\/#organization\"},\"potentialAction\":[{\"@type\":\"SearchAction\",\"target\":{\"@type\":\"EntryPoint\",\"urlTemplate\":\"https:\/\/ingenieriadebarcelona.es\/?s={search_term_string}\"},\"query-input\":{\"@type\":\"PropertyValueSpecification\",\"valueRequired\":true,\"valueName\":\"search_term_string\"}}],\"inLanguage\":\"es\"},{\"@type\":\"Organization\",\"@id\":\"https:\/\/ingenieriadebarcelona.es\/#organization\",\"name\":\"Artroesport\",\"url\":\"https:\/\/ingenieriadebarcelona.es\/\",\"logo\":{\"@type\":\"ImageObject\",\"inLanguage\":\"es\",\"@id\":\"https:\/\/ingenieriadebarcelona.es\/#\/schema\/logo\/image\/\",\"url\":\"https:\/\/ingenieriadebarcelona.es\/wp-content\/uploads\/2019\/04\/Logo_web-300.png\",\"contentUrl\":\"https:\/\/ingenieriadebarcelona.es\/wp-content\/uploads\/2019\/04\/Logo_web-300.png\",\"width\":300,\"height\":45,\"caption\":\"Artroesport\"},\"image\":{\"@id\":\"https:\/\/ingenieriadebarcelona.es\/#\/schema\/logo\/image\/\"}}]}<\/script>\n<!-- \/ Yoast SEO plugin. -->","yoast_head_json":{"title":"Pol\u00edtica de Cookies - Artroesport","robots":{"index":"index","follow":"follow","max-snippet":"max-snippet:-1","max-image-preview":"max-image-preview:large","max-video-preview":"max-video-preview:-1"},"canonical":"https:\/\/ingenieriadebarcelona.es\/?page_id=890","og_locale":"es_ES","og_type":"article","og_title":"Pol\u00edtica de Cookies - Artroesport","og_description":"\u00bfServeis Traumatologics Artro Sport, S.L utiliza cookies? Serveis Traumatologics Artro Sport, S.L utiliza cookies con el fin de facilitar tu navegaci\u00f3n y proporcionarte una mejor experiencia. Esta pol\u00edtica explica c\u00f3mo lo hacemos. \u00a0 \u00bfQu\u00e9 es una cookie ? Como sabes, las cookies son peque\u00f1os ficheros de datos que se alojan en el ordenador del usuario ... Read more","og_url":"https:\/\/ingenieriadebarcelona.es\/?page_id=890","og_site_name":"Artroesport","article_modified_time":"2019-07-10T11:38:50+00:00","twitter_card":"summary_large_image","twitter_misc":{"Tiempo de lectura":"4 minutos"},"schema":{"@context":"https:\/\/schema.org","@graph":[{"@type":"WebPage","@id":"https:\/\/ingenieriadebarcelona.es\/?page_id=890","url":"https:\/\/ingenieriadebarcelona.es\/?page_id=890","name":"Pol\u00edtica de Cookies - Artroesport","isPartOf":{"@id":"https:\/\/ingenieriadebarcelona.es\/#website"},"datePublished":"2019-06-11T13:45:48+00:00","dateModified":"2019-07-10T11:38:50+00:00","breadcrumb":{"@id":"https:\/\/ingenieriadebarcelona.es\/?page_id=890#breadcrumb"},"inLanguage":"es","potentialAction":[{"@type":"ReadAction","target":["https:\/\/ingenieriadebarcelona.es\/?page_id=890"]}]},{"@type":"BreadcrumbList","@id":"https:\/\/ingenieriadebarcelona.es\/?page_id=890#breadcrumb","itemListElement":[{"@type":"ListItem","position":1,"name":"Inicio","item":"https:\/\/ingenieriadebarcelona.es\/"},{"@type":"ListItem","position":2,"name":"Pol\u00edtica de Cookies"}]},{"@type":"WebSite","@id":"https:\/\/ingenieriadebarcelona.es\/#website","url":"https:\/\/ingenieriadebarcelona.es\/","name":"Artroesport","description":"Artroesport","publisher":{"@id":"https:\/\/ingenieriadebarcelona.es\/#organization"},"potentialAction":[{"@type":"SearchAction","target":{"@type":"EntryPoint","urlTemplate":"https:\/\/ingenieriadebarcelona.es\/?s={search_term_string}"},"query-input":{"@type":"PropertyValueSpecification","valueRequired":true,"valueName":"search_term_string"}}],"inLanguage":"es"},{"@type":"Organization","@id":"https:\/\/ingenieriadebarcelona.es\/#organization","name":"Artroesport","url":"https:\/\/ingenieriadebarcelona.es\/","logo":{"@type":"ImageObject","inLanguage":"es","@id":"https:\/\/ingenieriadebarcelona.es\/#\/schema\/logo\/image\/","url":"https:\/\/ingenieriadebarcelona.es\/wp-content\/uploads\/2019\/04\/Logo_web-300.png","contentUrl":"https:\/\/ingenieriadebarcelona.es\/wp-content\/uploads\/2019\/04\/Logo_web-300.png","width":300,"height":45,"caption":"Artroesport"},"image":{"@id":"https:\/\/ingenieriadebarcelona.es\/#\/schema\/logo\/image\/"}}]}},"_links":{"self":[{"href":"https:\/\/ingenieriadebarcelona.es\/index.php?rest_route=\/wp\/v2\/pages\/890","targetHints":{"allow":["GET"]}}],"collection":[{"href":"https:\/\/ingenieriadebarcelona.es\/index.php?rest_route=\/wp\/v2\/pages"}],"about":[{"href":"https:\/\/ingenieriadebarcelona.es\/index.php?rest_route=\/wp\/v2\/types\/page"}],"author":[{"embeddable":true,"href":"https:\/\/ingenieriadebarcelona.es\/index.php?rest_route=\/wp\/v2\/users\/1"}],"replies":[{"embeddable":true,"href":"https:\/\/ingenieriadebarcelona.es\/index.php?rest_route=%2Fwp%2Fv2%2Fcomments&post=890"}],"version-history":[{"count":0,"href":"https:\/\/ingenieriadebarcelona.es\/index.php?rest_route=\/wp\/v2\/pages\/890\/revisions"}],"wp:attachment":[{"href":"https:\/\/ingenieriadebarcelona.es\/index.php?rest_route=%2Fwp%2Fv2%2Fmedia&parent=890"}],"curies":[{"name":"wp","href":"https:\/\/api.w.org\/{rel}","templated":true}]}}