{"id":994,"date":"2019-10-23T14:04:15","date_gmt":"2019-10-23T14:04:15","guid":{"rendered":"https:\/\/ingenieriadebarcelona.es\/?page_id=994"},"modified":"2019-10-25T06:15:27","modified_gmt":"2019-10-25T06:15:27","slug":"protesis-de-cadera","status":"publish","type":"page","link":"https:\/\/ingenieriadebarcelona.es\/?page_id=994","title":{"rendered":"Pr\u00f3tesis de cadera"},"content":{"rendered":"\t\t<div data-elementor-type=\"wp-page\" data-elementor-id=\"994\" class=\"elementor elementor-994\" data-elementor-post-type=\"page\">\n\t\t\t\t\t\t<section class=\"elementor-section elementor-top-section elementor-element elementor-element-bdb2b1e elementor-section-boxed elementor-section-height-default elementor-section-height-default\" data-id=\"bdb2b1e\" data-element_type=\"section\" data-settings=\"{&quot;background_background&quot;:&quot;classic&quot;}\">\n\t\t\t\t\t\t<div class=\"elementor-container elementor-column-gap-default\">\n\t\t\t\t\t<div class=\"elementor-column elementor-col-100 elementor-top-column elementor-element elementor-element-635b22c\" data-id=\"635b22c\" data-element_type=\"column\">\n\t\t\t<div class=\"elementor-widget-wrap elementor-element-populated\">\n\t\t\t\t\t\t\t<\/div>\n\t\t<\/div>\n\t\t\t\t\t<\/div>\n\t\t<\/section>\n\t\t\t\t<section class=\"elementor-section elementor-top-section elementor-element elementor-element-e61d43a elementor-section-boxed elementor-section-height-default elementor-section-height-default\" data-id=\"e61d43a\" data-element_type=\"section\">\n\t\t\t\t\t\t<div class=\"elementor-container elementor-column-gap-default\">\n\t\t\t\t\t<div class=\"elementor-column elementor-col-100 elementor-top-column elementor-element elementor-element-f1224f9\" data-id=\"f1224f9\" data-element_type=\"column\">\n\t\t\t<div class=\"elementor-widget-wrap elementor-element-populated\">\n\t\t\t\t\t\t<div class=\"elementor-element elementor-element-68915af elementor-widget elementor-widget-breadcrumbs\" data-id=\"68915af\" data-element_type=\"widget\" data-widget_type=\"breadcrumbs.default\">\n\t\t\t\t<div class=\"elementor-widget-container\">\n\t\t\t\t\t<p id=\"breadcrumbs\"><span><span><a href=\"https:\/\/ingenieriadebarcelona.es\/\">Inicio<\/a><\/span><\/span><\/p>\t\t\t\t<\/div>\n\t\t\t\t<\/div>\n\t\t\t\t\t<\/div>\n\t\t<\/div>\n\t\t\t\t\t<\/div>\n\t\t<\/section>\n\t\t\t\t<section class=\"elementor-section elementor-inner-section elementor-element elementor-element-ac13c08 elementor-section-boxed elementor-section-height-default elementor-section-height-default\" data-id=\"ac13c08\" data-element_type=\"section\">\n\t\t\t\t\t\t<div class=\"elementor-container elementor-column-gap-default\">\n\t\t\t\t\t<div class=\"elementor-column elementor-col-100 elementor-inner-column elementor-element elementor-element-1dac18b\" data-id=\"1dac18b\" data-element_type=\"column\">\n\t\t\t<div class=\"elementor-widget-wrap elementor-element-populated\">\n\t\t\t\t\t\t<div class=\"elementor-element elementor-element-26d4252 elementor-widget elementor-widget-heading\" data-id=\"26d4252\" data-element_type=\"widget\" data-widget_type=\"heading.default\">\n\t\t\t\t<div class=\"elementor-widget-container\">\n\t\t\t\t\t<h2 class=\"elementor-heading-title elementor-size-default\">Todo sobre la operacion de Pr\u00f3tesis de cadera<\/h2>\t\t\t\t<\/div>\n\t\t\t\t<\/div>\n\t\t\t\t<div class=\"elementor-element elementor-element-6fd404a elementor-widget-divider--view-line elementor-widget elementor-widget-divider\" data-id=\"6fd404a\" data-element_type=\"widget\" data-widget_type=\"divider.default\">\n\t\t\t\t<div class=\"elementor-widget-container\">\n\t\t\t\t\t\t\t<div class=\"elementor-divider\">\n\t\t\t<span class=\"elementor-divider-separator\">\n\t\t\t\t\t\t<\/span>\n\t\t<\/div>\n\t\t\t\t\t\t<\/div>\n\t\t\t\t<\/div>\n\t\t\t\t\t<\/div>\n\t\t<\/div>\n\t\t\t\t\t<\/div>\n\t\t<\/section>\n\t\t\t\t<section class=\"elementor-section elementor-top-section elementor-element elementor-element-e6e6499 elementor-section-boxed elementor-section-height-default elementor-section-height-default\" data-id=\"e6e6499\" data-element_type=\"section\">\n\t\t\t\t\t\t<div class=\"elementor-container elementor-column-gap-default\">\n\t\t\t\t\t<div class=\"elementor-column elementor-col-100 elementor-top-column elementor-element elementor-element-0409a3e\" data-id=\"0409a3e\" data-element_type=\"column\">\n\t\t\t<div class=\"elementor-widget-wrap elementor-element-populated\">\n\t\t\t\t\t\t<div class=\"elementor-element elementor-element-e740e20 elementor-widget elementor-widget-video\" data-id=\"e740e20\" data-element_type=\"widget\" data-settings=\"{&quot;youtube_url&quot;:&quot;https:\\\/\\\/www.youtube.com\\\/watch?v=LWE2bhwSsgw&quot;,&quot;video_type&quot;:&quot;youtube&quot;,&quot;controls&quot;:&quot;yes&quot;}\" data-widget_type=\"video.default\">\n\t\t\t\t<div class=\"elementor-widget-container\">\n\t\t\t\t\t\t\t<div class=\"elementor-wrapper elementor-open-inline\">\n\t\t\t<div class=\"elementor-video\"><\/div>\t\t<\/div>\n\t\t\t\t\t\t<\/div>\n\t\t\t\t<\/div>\n\t\t\t\t\t<\/div>\n\t\t<\/div>\n\t\t\t\t\t<\/div>\n\t\t<\/section>\n\t\t\t\t<section class=\"elementor-section elementor-inner-section elementor-element elementor-element-56dffd5 elementor-section-boxed elementor-section-height-default elementor-section-height-default\" data-id=\"56dffd5\" data-element_type=\"section\">\n\t\t\t\t\t\t<div class=\"elementor-container elementor-column-gap-default\">\n\t\t\t\t\t<div class=\"elementor-column elementor-col-100 elementor-inner-column elementor-element elementor-element-1545eeb\" data-id=\"1545eeb\" data-element_type=\"column\">\n\t\t\t<div class=\"elementor-widget-wrap elementor-element-populated\">\n\t\t\t\t\t\t<div class=\"elementor-element elementor-element-04f2508 elementor-widget elementor-widget-heading\" data-id=\"04f2508\" data-element_type=\"widget\" data-widget_type=\"heading.default\">\n\t\t\t\t<div class=\"elementor-widget-container\">\n\t\t\t\t\t<h2 class=\"elementor-heading-title elementor-size-default\">\u00bfCU\u00c1NDO NO DEBEMOS IMPLANTAR UNA PR\u00d3TESIS DE CADERA?<\/h2>\t\t\t\t<\/div>\n\t\t\t\t<\/div>\n\t\t\t\t<div class=\"elementor-element elementor-element-ed9a75f elementor-widget-divider--view-line elementor-widget elementor-widget-divider\" data-id=\"ed9a75f\" data-element_type=\"widget\" data-widget_type=\"divider.default\">\n\t\t\t\t<div class=\"elementor-widget-container\">\n\t\t\t\t\t\t\t<div class=\"elementor-divider\">\n\t\t\t<span class=\"elementor-divider-separator\">\n\t\t\t\t\t\t<\/span>\n\t\t<\/div>\n\t\t\t\t\t\t<\/div>\n\t\t\t\t<\/div>\n\t\t\t\t\t<\/div>\n\t\t<\/div>\n\t\t\t\t\t<\/div>\n\t\t<\/section>\n\t\t\t\t<section class=\"elementor-section elementor-top-section elementor-element elementor-element-79486ca elementor-section-boxed elementor-section-height-default elementor-section-height-default\" data-id=\"79486ca\" data-element_type=\"section\">\n\t\t\t\t\t\t<div class=\"elementor-container elementor-column-gap-default\">\n\t\t\t\t\t<div class=\"elementor-column elementor-col-100 elementor-top-column elementor-element elementor-element-cffa467\" data-id=\"cffa467\" data-element_type=\"column\">\n\t\t\t<div class=\"elementor-widget-wrap elementor-element-populated\">\n\t\t\t\t\t\t<div class=\"elementor-element elementor-element-b3d4d40 elementor-widget elementor-widget-text-editor\" data-id=\"b3d4d40\" data-element_type=\"widget\" data-widget_type=\"text-editor.default\">\n\t\t\t\t<div class=\"elementor-widget-container\">\n\t\t\t\t\t\t\t\t\t<p>S\u00ed bien es cierto, existen algunas contradicciones a la hora de implantar las pr\u00f3tesis de cadera, de forma muy breve te exponemos cu\u00e1les son las principales dicotom\u00edas:<\/p>\t\t\t\t\t\t\t\t<\/div>\n\t\t\t\t<\/div>\n\t\t\t\t\t<\/div>\n\t\t<\/div>\n\t\t\t\t\t<\/div>\n\t\t<\/section>\n\t\t\t\t<section class=\"elementor-section elementor-top-section elementor-element elementor-element-cfa47ae elementor-section-boxed elementor-section-height-default elementor-section-height-default\" data-id=\"cfa47ae\" data-element_type=\"section\">\n\t\t\t\t\t\t<div class=\"elementor-container elementor-column-gap-default\">\n\t\t\t\t\t<div class=\"elementor-column elementor-col-100 elementor-top-column elementor-element elementor-element-c9ccda1\" data-id=\"c9ccda1\" data-element_type=\"column\">\n\t\t\t<div class=\"elementor-widget-wrap elementor-element-populated\">\n\t\t\t\t\t\t<div class=\"elementor-element elementor-element-791352e elementor-widget elementor-widget-text-editor\" data-id=\"791352e\" data-element_type=\"widget\" data-widget_type=\"text-editor.default\">\n\t\t\t\t<div class=\"elementor-widget-container\">\n\t\t\t\t\t\t\t\t\t<ol><li>Si el paciente presenta una\u00a0<strong>infecci\u00f3n activa de cadera<\/strong>, la implementaci\u00f3n de una pr\u00f3tesis empeorar\u00eda la infecci\u00f3n y podr\u00eda darse un caso de riesgo de muerte del paciente.<\/li><li>En caso que el\u00a0<strong>paciente presente una infecci\u00f3n remota en estado activo\u00a0<\/strong>y fuera de control, ya sea en\u00a0<strong>la boca, orina, genital, pulm\u00f3n o lesiones cut\u00e1neas\u00a0<\/strong>la intervenci\u00f3n, de nuevo, pondr\u00eda en riesgo al paciente.<\/li><li>Si el paciente presenta\u00a0<strong>un cuadro de s\u00edndrome de inmunodeficiencia adquirida<\/strong>\u00a0(SIDA) incontrolado y no tratado no se podr\u00e1 ejecutar la intervenci\u00f3n. Al mismo tiempo, tampoco se podr\u00e1 realizar la operaci\u00f3n, aunque el paciente\u00a0<strong>est\u00e9 siendo tratado con cargas virales indetectables y recuentos de CD4&gt; 350.<\/strong><\/li><li>En caso que el doliente presente una\u00a0<strong>enfermedad neurol\u00f3gica r\u00e1pidamente progresiva el implante prot\u00e9sico no ser\u00eda lo m\u00e1s adecuado.\u00a0<\/strong><\/li><li>Las patolog\u00edas medicas concurrentes que puedan comprometer la vida del paciente a causa de la cirug\u00eda o de la anestesia (por ejemplo: insuficiencia cardiaca, pulmonar, renal, hep\u00e1tica, etc.)<\/li><li>Aquellos pacientes no colaboradores a causa de una patolog\u00eda neurol\u00f3gica (demencia) o psiqui\u00e1trica que les impida colaborar y seguir las instrucciones y rehabilitaci\u00f3n pertinentes, no se recomendar\u00e1 realizar la intervenci\u00f3n quir\u00fargica.<\/li><\/ol><ul><li>Si el doliente presenta una<strong>\u00a0diabetes descontrolada<\/strong>\u00a0<strong>(glucosa &gt;200 mg\/L o HbA1C&gt;7%)\u00a0<\/strong>no se recomendar\u00e1 hacer una implantaci\u00f3n de pr\u00f3tesis ya que ello incrementa de forma notabil\u00edsima el riesgo de infecci\u00f3n.<\/li><li>Si existe una artrodesis de rodilla indolora y en buen funcionamiento pasar por quir\u00f3fano no ser\u00e1 la mejor opci\u00f3n.<\/li><\/ul>\t\t\t\t\t\t\t\t<\/div>\n\t\t\t\t<\/div>\n\t\t\t\t\t<\/div>\n\t\t<\/div>\n\t\t\t\t\t<\/div>\n\t\t<\/section>\n\t\t\t\t<section class=\"elementor-section elementor-top-section elementor-element elementor-element-0da047a elementor-section-boxed elementor-section-height-default elementor-section-height-default\" data-id=\"0da047a\" data-element_type=\"section\">\n\t\t\t\t\t\t<div class=\"elementor-container elementor-column-gap-default\">\n\t\t\t\t\t<div class=\"elementor-column elementor-col-100 elementor-top-column elementor-element elementor-element-0940a55\" data-id=\"0940a55\" data-element_type=\"column\">\n\t\t\t<div class=\"elementor-widget-wrap elementor-element-populated\">\n\t\t\t\t\t\t<div class=\"elementor-element elementor-element-48af549 elementor-widget elementor-widget-spacer\" data-id=\"48af549\" data-element_type=\"widget\" data-widget_type=\"spacer.default\">\n\t\t\t\t<div class=\"elementor-widget-container\">\n\t\t\t\t\t\t\t<div class=\"elementor-spacer\">\n\t\t\t<div class=\"elementor-spacer-inner\"><\/div>\n\t\t<\/div>\n\t\t\t\t\t\t<\/div>\n\t\t\t\t<\/div>\n\t\t\t\t\t<\/div>\n\t\t<\/div>\n\t\t\t\t\t<\/div>\n\t\t<\/section>\n\t\t\t\t<\/div>\n\t\t","protected":false},"excerpt":{"rendered":"<p>Todo sobre la operacion de Pr\u00f3tesis de cadera \u00bfCU\u00c1NDO NO DEBEMOS IMPLANTAR UNA PR\u00d3TESIS DE CADERA? S\u00ed bien es cierto, existen algunas contradicciones a la hora de implantar las pr\u00f3tesis de cadera, de forma muy breve te exponemos cu\u00e1les son las principales dicotom\u00edas: Si el paciente presenta una\u00a0infecci\u00f3n activa de cadera, la implementaci\u00f3n de una &#8230; <a title=\"Pr\u00f3tesis de cadera\" class=\"read-more\" href=\"https:\/\/ingenieriadebarcelona.es\/?page_id=994\" aria-label=\"Leer m\u00e1s sobre Pr\u00f3tesis de cadera\">Read more<\/a><\/p>\n","protected":false},"author":1,"featured_media":0,"parent":0,"menu_order":0,"comment_status":"closed","ping_status":"closed","template":"","meta":{"footnotes":""},"class_list":["post-994","page","type-page","status-publish"],"yoast_head":"<!-- This site is optimized with the Yoast SEO plugin v26.3 - https:\/\/yoast.com\/wordpress\/plugins\/seo\/ -->\n<title>Pr\u00f3tesis de cadera - Artroesport<\/title>\n<meta name=\"robots\" content=\"index, follow, max-snippet:-1, max-image-preview:large, max-video-preview:-1\" \/>\n<link rel=\"canonical\" href=\"https:\/\/ingenieriadebarcelona.es\/?page_id=994\" \/>\n<meta property=\"og:locale\" content=\"es_ES\" \/>\n<meta property=\"og:type\" content=\"article\" \/>\n<meta property=\"og:title\" content=\"Pr\u00f3tesis de cadera - Artroesport\" \/>\n<meta property=\"og:description\" content=\"Todo sobre la operacion de Pr\u00f3tesis de cadera \u00bfCU\u00c1NDO NO DEBEMOS IMPLANTAR UNA PR\u00d3TESIS DE CADERA? S\u00ed bien es cierto, existen algunas contradicciones a la hora de implantar las pr\u00f3tesis de cadera, de forma muy breve te exponemos cu\u00e1les son las principales dicotom\u00edas: Si el paciente presenta una\u00a0infecci\u00f3n activa de cadera, la implementaci\u00f3n de una ... Read more\" \/>\n<meta property=\"og:url\" content=\"https:\/\/ingenieriadebarcelona.es\/?page_id=994\" \/>\n<meta property=\"og:site_name\" content=\"Artroesport\" \/>\n<meta property=\"article:modified_time\" content=\"2019-10-25T06:15:27+00:00\" \/>\n<meta name=\"twitter:card\" content=\"summary_large_image\" \/>\n<meta name=\"twitter:label1\" content=\"Tiempo de lectura\" \/>\n\t<meta name=\"twitter:data1\" content=\"2 minutos\" \/>\n<script type=\"application\/ld+json\" class=\"yoast-schema-graph\">{\"@context\":\"https:\/\/schema.org\",\"@graph\":[{\"@type\":\"WebPage\",\"@id\":\"https:\/\/ingenieriadebarcelona.es\/?page_id=994\",\"url\":\"https:\/\/ingenieriadebarcelona.es\/?page_id=994\",\"name\":\"Pr\u00f3tesis de cadera - Artroesport\",\"isPartOf\":{\"@id\":\"https:\/\/ingenieriadebarcelona.es\/#website\"},\"datePublished\":\"2019-10-23T14:04:15+00:00\",\"dateModified\":\"2019-10-25T06:15:27+00:00\",\"breadcrumb\":{\"@id\":\"https:\/\/ingenieriadebarcelona.es\/?page_id=994#breadcrumb\"},\"inLanguage\":\"es\",\"potentialAction\":[{\"@type\":\"ReadAction\",\"target\":[\"https:\/\/ingenieriadebarcelona.es\/?page_id=994\"]}]},{\"@type\":\"BreadcrumbList\",\"@id\":\"https:\/\/ingenieriadebarcelona.es\/?page_id=994#breadcrumb\",\"itemListElement\":[{\"@type\":\"ListItem\",\"position\":1,\"name\":\"Inicio\",\"item\":\"https:\/\/ingenieriadebarcelona.es\/\"},{\"@type\":\"ListItem\",\"position\":2,\"name\":\"Pr\u00f3tesis de cadera\"}]},{\"@type\":\"WebSite\",\"@id\":\"https:\/\/ingenieriadebarcelona.es\/#website\",\"url\":\"https:\/\/ingenieriadebarcelona.es\/\",\"name\":\"Artroesport\",\"description\":\"Artroesport\",\"publisher\":{\"@id\":\"https:\/\/ingenieriadebarcelona.es\/#organization\"},\"potentialAction\":[{\"@type\":\"SearchAction\",\"target\":{\"@type\":\"EntryPoint\",\"urlTemplate\":\"https:\/\/ingenieriadebarcelona.es\/?s={search_term_string}\"},\"query-input\":{\"@type\":\"PropertyValueSpecification\",\"valueRequired\":true,\"valueName\":\"search_term_string\"}}],\"inLanguage\":\"es\"},{\"@type\":\"Organization\",\"@id\":\"https:\/\/ingenieriadebarcelona.es\/#organization\",\"name\":\"Artroesport\",\"url\":\"https:\/\/ingenieriadebarcelona.es\/\",\"logo\":{\"@type\":\"ImageObject\",\"inLanguage\":\"es\",\"@id\":\"https:\/\/ingenieriadebarcelona.es\/#\/schema\/logo\/image\/\",\"url\":\"https:\/\/ingenieriadebarcelona.es\/wp-content\/uploads\/2019\/04\/Logo_web-300.png\",\"contentUrl\":\"https:\/\/ingenieriadebarcelona.es\/wp-content\/uploads\/2019\/04\/Logo_web-300.png\",\"width\":300,\"height\":45,\"caption\":\"Artroesport\"},\"image\":{\"@id\":\"https:\/\/ingenieriadebarcelona.es\/#\/schema\/logo\/image\/\"}}]}<\/script>\n<!-- \/ Yoast SEO plugin. -->","yoast_head_json":{"title":"Pr\u00f3tesis de cadera - Artroesport","robots":{"index":"index","follow":"follow","max-snippet":"max-snippet:-1","max-image-preview":"max-image-preview:large","max-video-preview":"max-video-preview:-1"},"canonical":"https:\/\/ingenieriadebarcelona.es\/?page_id=994","og_locale":"es_ES","og_type":"article","og_title":"Pr\u00f3tesis de cadera - Artroesport","og_description":"Todo sobre la operacion de Pr\u00f3tesis de cadera \u00bfCU\u00c1NDO NO DEBEMOS IMPLANTAR UNA PR\u00d3TESIS DE CADERA? S\u00ed bien es cierto, existen algunas contradicciones a la hora de implantar las pr\u00f3tesis de cadera, de forma muy breve te exponemos cu\u00e1les son las principales dicotom\u00edas: Si el paciente presenta una\u00a0infecci\u00f3n activa de cadera, la implementaci\u00f3n de una ... Read more","og_url":"https:\/\/ingenieriadebarcelona.es\/?page_id=994","og_site_name":"Artroesport","article_modified_time":"2019-10-25T06:15:27+00:00","twitter_card":"summary_large_image","twitter_misc":{"Tiempo de lectura":"2 minutos"},"schema":{"@context":"https:\/\/schema.org","@graph":[{"@type":"WebPage","@id":"https:\/\/ingenieriadebarcelona.es\/?page_id=994","url":"https:\/\/ingenieriadebarcelona.es\/?page_id=994","name":"Pr\u00f3tesis de cadera - Artroesport","isPartOf":{"@id":"https:\/\/ingenieriadebarcelona.es\/#website"},"datePublished":"2019-10-23T14:04:15+00:00","dateModified":"2019-10-25T06:15:27+00:00","breadcrumb":{"@id":"https:\/\/ingenieriadebarcelona.es\/?page_id=994#breadcrumb"},"inLanguage":"es","potentialAction":[{"@type":"ReadAction","target":["https:\/\/ingenieriadebarcelona.es\/?page_id=994"]}]},{"@type":"BreadcrumbList","@id":"https:\/\/ingenieriadebarcelona.es\/?page_id=994#breadcrumb","itemListElement":[{"@type":"ListItem","position":1,"name":"Inicio","item":"https:\/\/ingenieriadebarcelona.es\/"},{"@type":"ListItem","position":2,"name":"Pr\u00f3tesis de cadera"}]},{"@type":"WebSite","@id":"https:\/\/ingenieriadebarcelona.es\/#website","url":"https:\/\/ingenieriadebarcelona.es\/","name":"Artroesport","description":"Artroesport","publisher":{"@id":"https:\/\/ingenieriadebarcelona.es\/#organization"},"potentialAction":[{"@type":"SearchAction","target":{"@type":"EntryPoint","urlTemplate":"https:\/\/ingenieriadebarcelona.es\/?s={search_term_string}"},"query-input":{"@type":"PropertyValueSpecification","valueRequired":true,"valueName":"search_term_string"}}],"inLanguage":"es"},{"@type":"Organization","@id":"https:\/\/ingenieriadebarcelona.es\/#organization","name":"Artroesport","url":"https:\/\/ingenieriadebarcelona.es\/","logo":{"@type":"ImageObject","inLanguage":"es","@id":"https:\/\/ingenieriadebarcelona.es\/#\/schema\/logo\/image\/","url":"https:\/\/ingenieriadebarcelona.es\/wp-content\/uploads\/2019\/04\/Logo_web-300.png","contentUrl":"https:\/\/ingenieriadebarcelona.es\/wp-content\/uploads\/2019\/04\/Logo_web-300.png","width":300,"height":45,"caption":"Artroesport"},"image":{"@id":"https:\/\/ingenieriadebarcelona.es\/#\/schema\/logo\/image\/"}}]}},"_links":{"self":[{"href":"https:\/\/ingenieriadebarcelona.es\/index.php?rest_route=\/wp\/v2\/pages\/994","targetHints":{"allow":["GET"]}}],"collection":[{"href":"https:\/\/ingenieriadebarcelona.es\/index.php?rest_route=\/wp\/v2\/pages"}],"about":[{"href":"https:\/\/ingenieriadebarcelona.es\/index.php?rest_route=\/wp\/v2\/types\/page"}],"author":[{"embeddable":true,"href":"https:\/\/ingenieriadebarcelona.es\/index.php?rest_route=\/wp\/v2\/users\/1"}],"replies":[{"embeddable":true,"href":"https:\/\/ingenieriadebarcelona.es\/index.php?rest_route=%2Fwp%2Fv2%2Fcomments&post=994"}],"version-history":[{"count":0,"href":"https:\/\/ingenieriadebarcelona.es\/index.php?rest_route=\/wp\/v2\/pages\/994\/revisions"}],"wp:attachment":[{"href":"https:\/\/ingenieriadebarcelona.es\/index.php?rest_route=%2Fwp%2Fv2%2Fmedia&parent=994"}],"curies":[{"name":"wp","href":"https:\/\/api.w.org\/{rel}","templated":true}]}}